{"id":19688,"date":"2021-06-13T16:47:03","date_gmt":"2021-06-13T14:47:03","guid":{"rendered":"https:\/\/gfh-gmbh.de\/sous-traitance-laser-de-haute-precision\/"},"modified":"2026-03-27T09:54:44","modified_gmt":"2026-03-27T08:54:44","slug":"sous-traitance-laser-de-haute-precision","status":"publish","type":"page","link":"https:\/\/gfh-gmbh.de\/fr\/sous-traitance-laser-de-haute-precision\/","title":{"rendered":"Sous-traitance laser de haute pr\u00e9cision"},"content":{"rendered":"<p><div class=\"fusion-fullwidth fullwidth-box fusion-builder-row-1 fusion-flex-container nonhundred-percent-fullwidth non-hundred-percent-height-scrolling\" style=\"--awb-border-radius-top-left:0px;--awb-border-radius-top-right:0px;--awb-border-radius-bottom-right:0px;--awb-border-radius-bottom-left:0px;--awb-margin-top:4%;--awb-background-color:rgba(255,255,255,0);--awb-flex-wrap:wrap;\" ><div class=\"fusion-builder-row fusion-row fusion-flex-align-items-flex-start fusion-flex-content-wrap\" style=\"max-width:1456px;margin-left: calc(-4% \/ 2 );margin-right: calc(-4% \/ 2 );\"><div class=\"fusion-layout-column fusion_builder_column fusion-builder-column-0 fusion_builder_column_1_1 1_1 fusion-flex-column\" style=\"--awb-bg-color:#ffffff;--awb-bg-color-hover:#ffffff;--awb-bg-size:cover;--awb-width-large:100%;--awb-margin-top-large:0px;--awb-spacing-right-large:1.92%;--awb-margin-bottom-large:4%;--awb-spacing-left-large:1.92%;--awb-width-medium:100%;--awb-order-medium:0;--awb-spacing-right-medium:1.92%;--awb-spacing-left-medium:1.92%;--awb-width-small:100%;--awb-order-small:0;--awb-spacing-right-small:1.92%;--awb-spacing-left-small:1.92%;\"><div class=\"fusion-column-wrapper fusion-column-has-shadow fusion-flex-justify-content-flex-start fusion-content-layout-column\"><div class=\"fusion-title title fusion-title-1 fusion-sep-none fusion-title-center fusion-title-text fusion-title-size-one uppercase\" style=\"--awb-margin-top-small:10px;--awb-margin-right-small:0px;--awb-margin-bottom-small:10px;--awb-margin-left-small:0px;\"><h1 class=\"fusion-title-heading title-heading-center\" style=\"margin:0;\">Sous-traitance laser de haute pr\u00e9cision<\/h1><\/div><div class=\"fusion-text fusion-text-1\" style=\"--awb-content-alignment:justify;--awb-text-transform:none;--awb-margin-top:4%;\"><p>Dans notre d\u00e9partement de <strong>sous-traitance de haute pr\u00e9cision<\/strong>, nous prenons en charge votre projet depuis le d\u00e9veloppement du processus jusqu\u2019\u00e0 la r\u00e9alisation de la pi\u00e8ce finale. Notre offre couvre toutes les \u00e9tapes de production, de la fabrication du premier prototype \u00e0 la production en s\u00e9rie de centaines ou milliers de pi\u00e8ces. <\/p>\n<p>Notre service est particuli\u00e8rement adapt\u00e9 aux clients pour qui l\u2019achat d\u2019une machine ne serait pas justifi\u00e9 en raison du volume de production. De plus, nous garantissons que les r\u00e9sultats obtenus avec nos <a title=\"Installations de micro-usinage laser de GFH GmbH\" href=\"https:\/\/gfh-gmbh.de\/fr\/machines-laser\/\">machines internes<\/a> pourront \u00eatre reproduits de mani\u00e8re fiable et efficace sur une machine GFH int\u00e9gr\u00e9e \u00e0 votre production. <\/p>\n<p>En plus de notre gamme compl\u00e8te de machines \u00e9quip\u00e9es des lasers \u00e0 impulsions ultra-courtes les plus avanc\u00e9s, vous b\u00e9n\u00e9ficiez de notre expertise \u00e9prouv\u00e9e en d\u00e9veloppement de processus ainsi que d\u2019une m\u00e9trologie de travail adapt\u00e9e. Cette combinaison fait de nous le partenaire id\u00e9al pour vos <a title=\"Micro-usinage laser\" href=\"https:\/\/gfh-gmbh.de\/fr\/procedes\/\">applications en micro-usinage laser<\/a>.<\/p>\n<\/div><\/div><\/div><\/div><\/div><main class=\"fusion-fullwidth fullwidth-box fusion-builder-row-2 fusion-flex-container nonhundred-percent-fullwidth non-hundred-percent-height-scrolling\" style=\"--awb-border-radius-top-left:0px;--awb-border-radius-top-right:0px;--awb-border-radius-bottom-right:0px;--awb-border-radius-bottom-left:0px;--awb-flex-wrap:wrap;\" ><div class=\"fusion-builder-row fusion-row fusion-flex-align-items-flex-start fusion-flex-justify-content-center fusion-flex-content-wrap\" style=\"max-width:1456px;margin-left: calc(-4% \/ 2 );margin-right: calc(-4% \/ 2 );\"><div class=\"fusion-layout-column fusion_builder_column fusion-builder-column-1 fusion_builder_column_1_1 1_1 fusion-flex-column\" style=\"--awb-bg-size:cover;--awb-width-large:100%;--awb-margin-top-large:0px;--awb-spacing-right-large:1.92%;--awb-margin-bottom-large:0px;--awb-spacing-left-large:1.92%;--awb-width-medium:100%;--awb-order-medium:0;--awb-spacing-right-medium:1.92%;--awb-spacing-left-medium:1.92%;--awb-width-small:100%;--awb-order-small:0;--awb-spacing-right-small:1.92%;--awb-spacing-left-small:1.92%;\"><div class=\"fusion-column-wrapper fusion-column-has-shadow fusion-flex-justify-content-flex-start fusion-content-layout-column\"><div class=\"fusion-title title fusion-title-2 fusion-sep-none fusion-title-center fusion-title-text fusion-title-size-two\" style=\"--awb-margin-top-small:10px;--awb-margin-right-small:0px;--awb-margin-bottom-small:10px;--awb-margin-left-small:0px;\"><h2 class=\"fusion-title-heading title-heading-center\" style=\"margin:0;\">POINTS FORTS<\/h2><\/div><\/div><\/div><div class=\"fusion-layout-column fusion_builder_column fusion-builder-column-2 fusion_builder_column_1_3 1_3 fusion-flex-column\" style=\"--awb-bg-size:cover;--awb-width-large:33.333333333333%;--awb-margin-top-large:0px;--awb-spacing-right-large:5.76%;--awb-margin-bottom-large:4%;--awb-spacing-left-large:5.76%;--awb-width-medium:33.333333333333%;--awb-order-medium:0;--awb-spacing-right-medium:5.76%;--awb-spacing-left-medium:5.76%;--awb-width-small:100%;--awb-order-small:0;--awb-spacing-right-small:1.92%;--awb-spacing-left-small:1.92%;\"><div class=\"fusion-column-wrapper fusion-column-has-shadow fusion-flex-justify-content-flex-start fusion-content-layout-column\"><ul style=\"--awb-line-height:37.4px;--awb-icon-width:37.4px;--awb-icon-height:37.4px;--awb-icon-margin:15.4px;--awb-content-margin:52.8px;\" class=\"fusion-checklist fusion-checklist-1 fusion-checklist-default type-icons\"><li class=\"fusion-li-item\" style=\"\"><span class=\"icon-wrapper circle-no\"><i class=\"fusion-li-icon fa-check-square fas\" aria-hidden=\"true\"><\/i><\/span><div class=\"fusion-li-item-content\">\n<p>Toutes les technologies de machines actuelles disponibles<\/p>\n<\/div><\/li><li class=\"fusion-li-item\" style=\"\"><span class=\"icon-wrapper circle-no\"><i class=\"fusion-li-icon fa-check-square fas\" aria-hidden=\"true\"><\/i><\/span><div class=\"fusion-li-item-content\">Large choix de lasers \u00e0 impulsions ultra-courtes et configurations optiques<\/div><\/li><li class=\"fusion-li-item\" style=\"\"><span class=\"icon-wrapper circle-no\"><i class=\"fusion-li-icon fa-check-square fas\" aria-hidden=\"true\"><\/i><\/span><div class=\"fusion-li-item-content\">\n<p>Environnement de production enti\u00e8rement climatis\u00e9<\/p>\n<\/div><\/li><\/ul><\/div><\/div><div class=\"fusion-layout-column fusion_builder_column fusion-builder-column-3 fusion_builder_column_1_3 1_3 fusion-flex-column\" style=\"--awb-bg-size:cover;--awb-width-large:33.333333333333%;--awb-margin-top-large:0px;--awb-spacing-right-large:5.76%;--awb-margin-bottom-large:4%;--awb-spacing-left-large:5.76%;--awb-width-medium:33.333333333333%;--awb-order-medium:0;--awb-spacing-right-medium:5.76%;--awb-spacing-left-medium:5.76%;--awb-width-small:100%;--awb-order-small:0;--awb-spacing-right-small:1.92%;--awb-spacing-left-small:1.92%;\"><div class=\"fusion-column-wrapper fusion-column-has-shadow fusion-flex-justify-content-flex-start fusion-content-layout-column\"><ul style=\"--awb-line-height:37.4px;--awb-icon-width:37.4px;--awb-icon-height:37.4px;--awb-icon-margin:15.4px;--awb-content-margin:52.8px;\" class=\"fusion-checklist fusion-checklist-2 fusion-checklist-default type-icons\"><li class=\"fusion-li-item\" style=\"\"><span class=\"icon-wrapper circle-no\"><i class=\"fusion-li-icon fa-check-square fas\" aria-hidden=\"true\"><\/i><\/span><div class=\"fusion-li-item-content\">\n<p>\u00c9quipe d\u2019experts avec plusieurs d\u2019exp\u00e9rience en usinage laser<\/p>\n<\/div><\/li><li class=\"fusion-li-item\" style=\"\"><span class=\"icon-wrapper circle-no\"><i class=\"fusion-li-icon fa-check-square fas\" aria-hidden=\"true\"><\/i><\/span><div class=\"fusion-li-item-content\">Accompagnement professionnel du prototype \u00e0 la production en s\u00e9rie<\/div><\/li><\/ul><\/div><\/div><div class=\"fusion-layout-column fusion_builder_column fusion-builder-column-4 fusion_builder_column_1_3 1_3 fusion-flex-column\" style=\"--awb-bg-size:cover;--awb-width-large:33.333333333333%;--awb-margin-top-large:0px;--awb-spacing-right-large:5.76%;--awb-margin-bottom-large:4%;--awb-spacing-left-large:5.76%;--awb-width-medium:33.333333333333%;--awb-order-medium:0;--awb-spacing-right-medium:5.76%;--awb-spacing-left-medium:5.76%;--awb-width-small:100%;--awb-order-small:0;--awb-spacing-right-small:1.92%;--awb-spacing-left-small:1.92%;\"><div class=\"fusion-column-wrapper fusion-column-has-shadow fusion-flex-justify-content-flex-start fusion-content-layout-column\"><ul style=\"--awb-line-height:37.4px;--awb-icon-width:37.4px;--awb-icon-height:37.4px;--awb-icon-margin:15.4px;--awb-content-margin:52.8px;\" class=\"fusion-checklist fusion-checklist-3 fusion-checklist-default type-icons\"><li class=\"fusion-li-item\" style=\"\"><span class=\"icon-wrapper circle-no\"><i class=\"fusion-li-icon fa-check-square fas\" aria-hidden=\"true\"><\/i><\/span><div class=\"fusion-li-item-content\">\n<p>Nettoyage industriel des pi\u00e8ces par ultrasons pour une qualit\u00e9 optimale<\/p>\n<\/div><\/li><li class=\"fusion-li-item\" style=\"\"><span class=\"icon-wrapper circle-no\"><i class=\"fusion-li-icon fa-check-square fas\" aria-hidden=\"true\"><\/i><\/span><div class=\"fusion-li-item-content\">\n<p>Qualification des pi\u00e8ces avec des \u00e9quipements de m\u00e9trologie de haute pr\u00e9cision : microscopie optique en transmission et r\u00e9flexion, LSM, MEB et machine de mesure optique tridimensionnelle<\/p>\n<\/div><\/li><\/ul><\/div><\/div><\/div><\/main><div class=\"fusion-fullwidth fullwidth-box fusion-builder-row-3 fusion-flex-container has-pattern-background has-mask-background nonhundred-percent-fullwidth non-hundred-percent-height-scrolling\" style=\"--awb-border-radius-top-left:0px;--awb-border-radius-top-right:0px;--awb-border-radius-bottom-right:0px;--awb-border-radius-bottom-left:0px;--awb-padding-top:0px;--awb-margin-top:100px;--awb-flex-wrap:wrap;\" ><div class=\"fusion-builder-row fusion-row fusion-flex-align-items-stretch fusion-flex-justify-content-center fusion-flex-content-wrap\" style=\"max-width:1456px;margin-left: calc(-4% \/ 2 );margin-right: calc(-4% \/ 2 );\"><div class=\"fusion-layout-column fusion_builder_column fusion-builder-column-5 fusion_builder_column_2_3 2_3 fusion-flex-column fusion-flex-align-self-stretch\" style=\"--awb-padding-top:30px;--awb-padding-right:30px;--awb-padding-bottom:30px;--awb-padding-left:30px;--awb-bg-color:var(--awb-color2);--awb-bg-color-hover:var(--awb-color2);--awb-bg-size:cover;--awb-width-large:66.666666666667%;--awb-margin-top-large:0px;--awb-spacing-right-large:5.76%;--awb-margin-bottom-large:4%;--awb-spacing-left-large:5.76%;--awb-width-medium:66.666666666667%;--awb-order-medium:0;--awb-spacing-right-medium:5.76%;--awb-spacing-left-medium:5.76%;--awb-width-small:100%;--awb-order-small:0;--awb-spacing-right-small:1.92%;--awb-spacing-left-small:1.92%;\" data-scroll-devices=\"small-visibility,medium-visibility,large-visibility\"><div class=\"fusion-column-wrapper fusion-column-has-shadow fusion-flex-justify-content-flex-start fusion-content-layout-block\"><div class=\"fusion-builder-row fusion-builder-row-inner fusion-row fusion-flex-align-items-stretch fusion-flex-justify-content-center fusion-flex-content-wrap\" style=\"--awb-flex-grow:0;--awb-flex-grow-medium:0;--awb-flex-grow-small:0;--awb-flex-shrink:0;--awb-flex-shrink-medium:0;--awb-flex-shrink-small:0;width:104% !important;max-width:104% !important;margin-left: calc(-4% \/ 2 );margin-right: calc(-4% \/ 2 );\"><div class=\"fusion-layout-column fusion_builder_column_inner fusion-builder-nested-column-0 fusion_builder_column_inner_1_2 1_2 fusion-flex-column\" style=\"--awb-bg-size:cover;--awb-width-large:50%;--awb-margin-top-large:0px;--awb-spacing-right-large:3.84%;--awb-margin-bottom-large:0px;--awb-spacing-left-large:3.84%;--awb-width-medium:100%;--awb-order-medium:0;--awb-spacing-right-medium:1.92%;--awb-margin-bottom-medium:30px;--awb-spacing-left-medium:1.92%;--awb-width-small:100%;--awb-order-small:0;--awb-spacing-right-small:1.92%;--awb-spacing-left-small:1.92%;\" data-scroll-devices=\"small-visibility,medium-visibility,large-visibility\"><div class=\"fusion-column-wrapper fusion-column-has-shadow fusion-flex-justify-content-flex-start fusion-content-layout-column\"><div class=\"fusion-image-element \" style=\"text-align:center;--awb-margin-top:0px;--awb-margin-bottom:0px;--awb-caption-title-font-family:var(--h2_typography-font-family);--awb-caption-title-font-weight:var(--h2_typography-font-weight);--awb-caption-title-font-style:var(--h2_typography-font-style);--awb-caption-title-size:var(--h2_typography-font-size);--awb-caption-title-transform:var(--h2_typography-text-transform);--awb-caption-title-line-height:var(--h2_typography-line-height);--awb-caption-title-letter-spacing:var(--h2_typography-letter-spacing);\"><span class=\" fusion-imageframe imageframe-none imageframe-1 hover-type-none\"><img decoding=\"async\" width=\"300\" height=\"300\" alt=\"Responsable du d\u00e9partement Fabrication de pr\u00e9cision Frank Siegel\" title=\"Frank Siegel GFH GmbH\" src=\"https:\/\/gfh-gmbh.de\/wp-content\/uploads\/2021\/06\/Frank-Siegel-GFH-GmbH-300x300.jpg\" class=\"img-responsive wp-image-19864\" srcset=\"https:\/\/gfh-gmbh.de\/wp-content\/uploads\/2021\/06\/Frank-Siegel-GFH-GmbH-200x200.jpg 200w, https:\/\/gfh-gmbh.de\/wp-content\/uploads\/2021\/06\/Frank-Siegel-GFH-GmbH-400x400.jpg 400w, https:\/\/gfh-gmbh.de\/wp-content\/uploads\/2021\/06\/Frank-Siegel-GFH-GmbH.jpg 500w\" sizes=\"(max-width: 640px) 100vw, 300px\" \/><\/span><\/div><\/div><\/div><div class=\"fusion-layout-column fusion_builder_column_inner fusion-builder-nested-column-1 fusion_builder_column_inner_1_2 1_2 fusion-flex-column\" style=\"--awb-bg-size:cover;--awb-width-large:50%;--awb-margin-top-large:0px;--awb-spacing-right-large:3.84%;--awb-margin-bottom-large:0px;--awb-spacing-left-large:3.84%;--awb-width-medium:100%;--awb-order-medium:0;--awb-spacing-right-medium:1.92%;--awb-spacing-left-medium:1.92%;--awb-width-small:100%;--awb-order-small:0;--awb-spacing-right-small:1.92%;--awb-spacing-left-small:1.92%;\" data-scroll-devices=\"small-visibility,medium-visibility,large-visibility\"><div class=\"fusion-column-wrapper fusion-column-has-shadow fusion-flex-justify-content-flex-start fusion-content-layout-column\"><div class=\"fusion-text fusion-text-2 md-text-align-center sm-text-align-center\"><p><strong>Votre interlocuteur<\/strong><br \/>\nDr.-Ing. Frank Siegel<br \/>\nResponsable de la fabrication de pr\u00e9cision<\/p>\n<p>T +49 991 290 92 &#8211; 0<br \/>\ninfo@gfh-gmbh.de<\/p>\n<\/div><div style=\"text-align:left;\"><a class=\"fusion-button button-flat fusion-button-default-size button-custom fusion-button-default button-1 fusion-button-span-yes fusion-button-default-type\" style=\"--button_accent_color:#ffffff;--button_accent_hover_color:#f49e00;--button_border_hover_color:#f49e00;--button_gradient_top_color:#f49e00;--button_gradient_bottom_color:#f49e00;--button_gradient_top_color_hover:#ffffff;--button_gradient_bottom_color_hover:#ffffff;--button_text_transform:uppercase;--button_margin-top:0px;--button_margin-bottom:0px;\" target=\"_self\" title=\"Formulaire de contact\" aria-label=\"Formulaire de contact\" href=\"https:\/\/gfh-gmbh.de\/fr\/enterprise\/contact\/\"><span class=\"fusion-button-text awb-button__text awb-button__text--default\">Formulaire de contact<\/span><\/a><\/div><\/div><\/div><\/div><\/div><\/div><\/div><\/div><main class=\"fusion-fullwidth fullwidth-box fusion-builder-row-4 fusion-flex-container hundred-percent-fullwidth non-hundred-percent-height-scrolling\" style=\"--awb-border-radius-top-left:0px;--awb-border-radius-top-right:0px;--awb-border-radius-bottom-right:0px;--awb-border-radius-bottom-left:0px;--awb-margin-top:4%;--awb-flex-wrap:wrap;\" ><div class=\"fusion-builder-row fusion-row fusion-flex-align-items-flex-start fusion-flex-justify-content-center fusion-flex-content-wrap\" style=\"width:104% !important;max-width:104% !important;margin-left: calc(-4% \/ 2 );margin-right: calc(-4% \/ 2 );\"><div class=\"fusion-layout-column fusion_builder_column fusion-builder-column-6 fusion_builder_column_1_1 1_1 fusion-flex-column\" style=\"--awb-bg-size:cover;--awb-width-large:100%;--awb-margin-top-large:0px;--awb-spacing-right-large:1.92%;--awb-margin-bottom-large:4%;--awb-spacing-left-large:1.92%;--awb-width-medium:100%;--awb-order-medium:0;--awb-spacing-right-medium:1.92%;--awb-spacing-left-medium:1.92%;--awb-width-small:100%;--awb-order-small:0;--awb-spacing-right-small:1.92%;--awb-spacing-left-small:1.92%;\"><div class=\"fusion-column-wrapper fusion-column-has-shadow fusion-flex-justify-content-flex-start fusion-content-layout-column\"><div class=\"fusion-title title fusion-title-3 fusion-sep-none fusion-title-center fusion-title-text fusion-title-size-three\" style=\"--awb-margin-top-small:10px;--awb-margin-right-small:0px;--awb-margin-bottom-small:10px;--awb-margin-left-small:0px;\"><h3 class=\"fusion-title-heading title-heading-center\" style=\"margin:0;\">IMPRESSIONS<\/h3><\/div><div class=\"awb-gallery-wrapper awb-gallery-wrapper-1 button-span-no\" style=\"--more-btn-alignment:center;\"><div style=\"margin:-15px;--awb-bordersize:0px;\" class=\"fusion-gallery fusion-gallery-container fusion-grid-3 fusion-columns-total-3 fusion-gallery-layout-grid fusion-gallery-1\"><div style=\"padding:15px;\" class=\"fusion-grid-column fusion-gallery-column fusion-gallery-column-3 hover-type-zoomin\"><div class=\"fusion-gallery-image\"><a href=\"https:\/\/gfh-gmbh.de\/wp-content\/uploads\/Praezisionsfertigung-Qualitaetssicherung-Mikroskope-Messmaschine.jpg\" rel=\"noreferrer\" data-rel=\"iLightbox[gallery_image_1]\" class=\"fusion-lightbox\" target=\"_self\"><img decoding=\"async\" src=\"https:\/\/gfh-gmbh.de\/wp-content\/uploads\/Praezisionsfertigung-Qualitaetssicherung-Mikroskope-Messmaschine.jpg\" width=\"1024\" height=\"1024\" alt=\"Pr\u00e4zisionsfertigung Qualitaetssicherung Mikroskope Messmaschine\" title=\"Pr\u00e4zisionsfertigung Qualitaetssicherung Mikroskope Messmaschine\" aria-label=\"Pr\u00e4zisionsfertigung Qualitaetssicherung Mikroskope Messmaschine\" class=\"img-responsive wp-image-19695\" srcset=\"https:\/\/gfh-gmbh.de\/wp-content\/uploads\/Praezisionsfertigung-Qualitaetssicherung-Mikroskope-Messmaschine-200x200.jpg 200w, https:\/\/gfh-gmbh.de\/wp-content\/uploads\/Praezisionsfertigung-Qualitaetssicherung-Mikroskope-Messmaschine-400x400.jpg 400w, https:\/\/gfh-gmbh.de\/wp-content\/uploads\/Praezisionsfertigung-Qualitaetssicherung-Mikroskope-Messmaschine-600x600.jpg 600w, https:\/\/gfh-gmbh.de\/wp-content\/uploads\/Praezisionsfertigung-Qualitaetssicherung-Mikroskope-Messmaschine-800x800.jpg 800w, https:\/\/gfh-gmbh.de\/wp-content\/uploads\/Praezisionsfertigung-Qualitaetssicherung-Mikroskope-Messmaschine.jpg 1024w\" sizes=\"(min-width: 2200px) 100vw, (min-width: 784px) 457px, (min-width: 712px) 685px, (min-width: 640px) 712px, \" \/><\/a><\/div><\/div><div style=\"padding:15px;\" class=\"fusion-grid-column fusion-gallery-column fusion-gallery-column-3 hover-type-zoomin\"><div class=\"fusion-gallery-image\"><a href=\"https:\/\/gfh-gmbh.de\/wp-content\/uploads\/Praezisionsfertigung-Qualitaetssicherung-Mikroskope.jpg\" rel=\"noreferrer\" data-rel=\"iLightbox[gallery_image_1]\" class=\"fusion-lightbox\" target=\"_self\"><img decoding=\"async\" src=\"https:\/\/gfh-gmbh.de\/wp-content\/uploads\/Praezisionsfertigung-Qualitaetssicherung-Mikroskope.jpg\" width=\"1024\" height=\"1024\" alt=\"Pr\u00e4zisionsfertigung Qualitaetssicherung Mikroskope\" title=\"Pr\u00e4zisionsfertigung Qualitaetssicherung Mikroskope\" aria-label=\"Pr\u00e4zisionsfertigung Qualitaetssicherung Mikroskope\" class=\"img-responsive wp-image-19696\" srcset=\"https:\/\/gfh-gmbh.de\/wp-content\/uploads\/Praezisionsfertigung-Qualitaetssicherung-Mikroskope-200x200.jpg 200w, https:\/\/gfh-gmbh.de\/wp-content\/uploads\/Praezisionsfertigung-Qualitaetssicherung-Mikroskope-400x400.jpg 400w, https:\/\/gfh-gmbh.de\/wp-content\/uploads\/Praezisionsfertigung-Qualitaetssicherung-Mikroskope-600x600.jpg 600w, https:\/\/gfh-gmbh.de\/wp-content\/uploads\/Praezisionsfertigung-Qualitaetssicherung-Mikroskope-800x800.jpg 800w, https:\/\/gfh-gmbh.de\/wp-content\/uploads\/Praezisionsfertigung-Qualitaetssicherung-Mikroskope.jpg 1024w\" sizes=\"(min-width: 2200px) 100vw, (min-width: 784px) 457px, (min-width: 712px) 685px, (min-width: 640px) 712px, \" \/><\/a><\/div><\/div><div style=\"padding:15px;\" class=\"fusion-grid-column fusion-gallery-column fusion-gallery-column-3 hover-type-zoomin\"><div class=\"fusion-gallery-image\"><a href=\"https:\/\/gfh-gmbh.de\/wp-content\/uploads\/Praezisionsfertigung-Qualitaetssicherung.jpg\" rel=\"noreferrer\" data-rel=\"iLightbox[gallery_image_1]\" class=\"fusion-lightbox\" target=\"_self\"><img decoding=\"async\" src=\"https:\/\/gfh-gmbh.de\/wp-content\/uploads\/Praezisionsfertigung-Qualitaetssicherung.jpg\" width=\"1024\" height=\"1024\" alt=\"Pr\u00e4zisionsfertigung Qualitaetssicherung\" title=\"Pr\u00e4zisionsfertigung Qualitaetssicherung\" aria-label=\"Pr\u00e4zisionsfertigung Qualitaetssicherung\" class=\"img-responsive wp-image-19697\" srcset=\"https:\/\/gfh-gmbh.de\/wp-content\/uploads\/Praezisionsfertigung-Qualitaetssicherung-200x200.jpg 200w, https:\/\/gfh-gmbh.de\/wp-content\/uploads\/Praezisionsfertigung-Qualitaetssicherung-400x400.jpg 400w, https:\/\/gfh-gmbh.de\/wp-content\/uploads\/Praezisionsfertigung-Qualitaetssicherung-600x600.jpg 600w, https:\/\/gfh-gmbh.de\/wp-content\/uploads\/Praezisionsfertigung-Qualitaetssicherung-800x800.jpg 800w, https:\/\/gfh-gmbh.de\/wp-content\/uploads\/Praezisionsfertigung-Qualitaetssicherung.jpg 1024w\" sizes=\"(min-width: 2200px) 100vw, (min-width: 784px) 457px, (min-width: 712px) 685px, (min-width: 640px) 712px, \" \/><\/a><\/div><\/div><div class=\"clearfix\"><\/div><\/div><\/div><\/div><\/div><\/div><\/main><\/p>\n","protected":false},"excerpt":{"rendered":"","protected":false},"author":1,"featured_media":0,"parent":0,"menu_order":0,"comment_status":"closed","ping_status":"closed","template":"100-width.php","meta":{"footnotes":""},"class_list":["post-19688","page","type-page","status-publish","hentry"],"_links":{"self":[{"href":"https:\/\/gfh-gmbh.de\/fr\/wp-json\/wp\/v2\/pages\/19688","targetHints":{"allow":["GET"]}}],"collection":[{"href":"https:\/\/gfh-gmbh.de\/fr\/wp-json\/wp\/v2\/pages"}],"about":[{"href":"https:\/\/gfh-gmbh.de\/fr\/wp-json\/wp\/v2\/types\/page"}],"author":[{"embeddable":true,"href":"https:\/\/gfh-gmbh.de\/fr\/wp-json\/wp\/v2\/users\/1"}],"replies":[{"embeddable":true,"href":"https:\/\/gfh-gmbh.de\/fr\/wp-json\/wp\/v2\/comments?post=19688"}],"version-history":[{"count":7,"href":"https:\/\/gfh-gmbh.de\/fr\/wp-json\/wp\/v2\/pages\/19688\/revisions"}],"predecessor-version":[{"id":21782,"href":"https:\/\/gfh-gmbh.de\/fr\/wp-json\/wp\/v2\/pages\/19688\/revisions\/21782"}],"wp:attachment":[{"href":"https:\/\/gfh-gmbh.de\/fr\/wp-json\/wp\/v2\/media?parent=19688"}],"curies":[{"name":"wp","href":"https:\/\/api.w.org\/{rel}","templated":true}]}}