{"id":19701,"date":"2021-04-19T13:05:51","date_gmt":"2021-04-19T11:05:51","guid":{"rendered":"https:\/\/gfh-gmbh.de\/procedes\/"},"modified":"2025-07-03T16:05:31","modified_gmt":"2025-07-03T14:05:31","slug":"procedes","status":"publish","type":"page","link":"https:\/\/gfh-gmbh.de\/fr\/procedes\/","title":{"rendered":"PROC\u00c9D\u00c9S"},"content":{"rendered":"<p><div class=\"fusion-fullwidth fullwidth-box fusion-builder-row-1 fusion-flex-container nonhundred-percent-fullwidth non-hundred-percent-height-scrolling\" style=\"--awb-border-radius-top-left:0px;--awb-border-radius-top-right:0px;--awb-border-radius-bottom-right:0px;--awb-border-radius-bottom-left:0px;--awb-margin-top:4%;--awb-margin-bottom:4%;--awb-background-color:rgba(255,255,255,0);--awb-flex-wrap:wrap;\" ><div class=\"fusion-builder-row fusion-row fusion-flex-align-items-flex-start fusion-flex-content-wrap\" style=\"max-width:1456px;margin-left: calc(-4% \/ 2 );margin-right: calc(-4% \/ 2 );\"><div class=\"fusion-layout-column fusion_builder_column fusion-builder-column-0 fusion_builder_column_1_1 1_1 fusion-flex-column\" style=\"--awb-bg-color:#ffffff;--awb-bg-color-hover:#ffffff;--awb-bg-size:cover;--awb-width-large:100%;--awb-margin-top-large:0px;--awb-spacing-right-large:1.92%;--awb-margin-bottom-large:4%;--awb-spacing-left-large:1.92%;--awb-width-medium:100%;--awb-order-medium:0;--awb-spacing-right-medium:1.92%;--awb-spacing-left-medium:1.92%;--awb-width-small:100%;--awb-order-small:0;--awb-spacing-right-small:1.92%;--awb-spacing-left-small:1.92%;\"><div class=\"fusion-column-wrapper fusion-column-has-shadow fusion-flex-justify-content-flex-start fusion-content-layout-column\"><div class=\"fusion-title title fusion-title-1 fusion-sep-none fusion-title-center fusion-title-text fusion-title-size-one uppercase\" style=\"--awb-margin-top-small:10px;--awb-margin-right-small:0px;--awb-margin-bottom-small:10px;--awb-margin-left-small:0px;\"><h1 class=\"fusion-title-heading title-heading-center\" style=\"margin:0;\">PROC\u00c9D\u00c9S<\/h1><\/div><div class=\"fusion-text fusion-text-1\" style=\"--awb-content-alignment:justify;--awb-text-transform:none;--awb-margin-top:4%;\"><p>En fonction de l\u2019application, l\u2019usinage laser de pr\u00e9cision se d\u00e9cline en quatre proc\u00e9d\u00e9s distincts : <a title=\"Micro-per\u00e7age \/ Per\u00e7age laser\" href=\"https:\/\/gfh-gmbh.de\/fr\/procedes\/percage\/\">le micro-per\u00e7age<\/a>, <a title=\"D\u00e9coupe\" href=\"https:\/\/gfh-gmbh.de\/fr\/procedes\/decoupe\/\">la d\u00e9coupe de pr\u00e9cision<\/a>, <a title=\"Ablation\" href=\"https:\/\/gfh-gmbh.de\/fr\/procedes\/ablation\/\">l\u2019ablation<\/a> et le <a title=\"Tournage laser\" href=\"https:\/\/gfh-gmbh.de\/fr\/procedes\/tournage-laser\/\">tournage laser<\/a>.<\/p>\n<\/div><\/div><\/div><\/div><\/div><div class=\"fusion-fullwidth fullwidth-box fusion-builder-row-2 fusion-flex-container has-pattern-background has-mask-background hundred-percent-fullwidth non-hundred-percent-height-scrolling\" style=\"--awb-border-radius-top-left:0px;--awb-border-radius-top-right:0px;--awb-border-radius-bottom-right:0px;--awb-border-radius-bottom-left:0px;--awb-padding-top:0px;--awb-margin-top:0px;--awb-background-color:#ffffff;--awb-flex-wrap:wrap;--awb-flex-wrap-medium:wrap;--awb-flex-wrap-small:wrap;\" ><div class=\"fusion-builder-row fusion-row fusion-flex-align-items-stretch fusion-flex-align-content-flex-start fusion-flex-justify-content-center fusion-flex-content-wrap\" style=\"width:104% !important;max-width:104% !important;margin-left: calc(-4% \/ 2 );margin-right: calc(-4% \/ 2 );\"><div class=\"fusion-layout-column fusion_builder_column fusion-builder-column-1 fusion_builder_column_1_4 1_4 fusion-flex-column fusion-flex-align-self-stretch\" style=\"--awb-bg-size:cover;--awb-width-large:25%;--awb-margin-top-large:0px;--awb-spacing-right-large:7.68%;--awb-margin-bottom-large:4%;--awb-spacing-left-large:7.68%;--awb-width-medium:50%;--awb-order-medium:0;--awb-spacing-right-medium:3.84%;--awb-margin-bottom-medium:75px;--awb-spacing-left-medium:3.84%;--awb-width-small:100%;--awb-order-small:0;--awb-spacing-right-small:1.92%;--awb-margin-bottom-small:75px;--awb-spacing-left-small:1.92%;\" data-scroll-devices=\"small-visibility,medium-visibility,large-visibility\"><div class=\"fusion-column-wrapper fusion-column-has-shadow fusion-flex-justify-content-space-between fusion-content-layout-block\"><div class=\"fusion-title title fusion-title-2 fusion-sep-none fusion-title-center fusion-title-text fusion-title-size-two title-branchen\" style=\"--awb-margin-top:0px;--awb-margin-bottom:40px;--awb-margin-top-small:10px;--awb-margin-right-small:0px;--awb-margin-bottom-small:10px;--awb-margin-left-small:0px;\"><h2 class=\"fusion-title-heading title-heading-center\" style=\"margin:0;text-transform:uppercase;\">Per\u00e7age<\/h2><\/div><div class=\"fusion-image-element fusion-image-align-center in-legacy-container\" style=\"text-align:center;--awb-caption-title-font-family:var(--h2_typography-font-family);--awb-caption-title-font-weight:var(--h2_typography-font-weight);--awb-caption-title-font-style:var(--h2_typography-font-style);--awb-caption-title-size:var(--h2_typography-font-size);--awb-caption-title-transform:var(--h2_typography-text-transform);--awb-caption-title-line-height:var(--h2_typography-line-height);--awb-caption-title-letter-spacing:var(--h2_typography-letter-spacing);\"><div class=\"imageframe-align-center\"><span class=\" fusion-imageframe imageframe-none imageframe-1 hover-type-zoomin\"><a class=\"fusion-no-lightbox\" href=\"https:\/\/gfh-gmbh.de\/fr\/procedes\/percage\/\" target=\"_self\" aria-label=\"Verfahren Laser Mikrobohren GFH GmbH\"><img decoding=\"async\" width=\"516\" height=\"282\" alt=\"Micro-per\u00e7age \/ Per\u00e7age laser\" src=\"https:\/\/gfh-gmbh.de\/wp-content\/uploads\/Verfahren-Laser-Mikrobohren-GFH-GmbH.jpg\" class=\"img-responsive wp-image-19704\" srcset=\"https:\/\/gfh-gmbh.de\/wp-content\/uploads\/Verfahren-Laser-Mikrobohren-GFH-GmbH-200x109.jpg 200w, https:\/\/gfh-gmbh.de\/wp-content\/uploads\/Verfahren-Laser-Mikrobohren-GFH-GmbH-400x219.jpg 400w, https:\/\/gfh-gmbh.de\/wp-content\/uploads\/Verfahren-Laser-Mikrobohren-GFH-GmbH.jpg 516w\" sizes=\"(max-width: 640px) 100vw, 400px\" \/><\/a><\/span><\/div><\/div><div class=\"fusion-text fusion-text-2 fusion-no-small-visibility fusion-no-medium-visibility fusion-text-no-margin text-height-verfahren\" style=\"--awb-content-alignment:justify;--awb-margin-top:4%;--awb-margin-bottom:3%;\"><p>Le laser est un outil de per\u00e7age extr\u00eamement flexible, permettant de r\u00e9aliser des trous de tr\u00e8s petits diam\u00e8tres, des formes vari\u00e9es et des per\u00e7ages d\u2019une grande pr\u00e9cision avec des rapports d\u2019aspect \u00e9lev\u00e9s, et ce, sur une large gamme de mat\u00e9riaux.<\/p>\n<\/div><div class=\"fusion-align-block\"><a class=\"fusion-button button-flat fusion-button-default-size button-default fusion-button-default button-1 fusion-button-default-span fusion-button-default-type\" style=\"--button_text_transform:uppercase;--button_margin-top:20px;width:calc(100%);\" target=\"_self\" title=\"Per\u00e7age laser \/ micro-per\u00e7age\" aria-label=\"Per\u00e7age laser \/ micro-per\u00e7age\" href=\"https:\/\/gfh-gmbh.de\/fr\/procedes\/percage\/\"><span class=\"fusion-button-text awb-button__text awb-button__text--default\">Per\u00e7age<\/span><\/a><\/div><\/div><\/div><div class=\"fusion-layout-column fusion_builder_column fusion-builder-column-2 fusion_builder_column_1_4 1_4 fusion-flex-column fusion-flex-align-self-stretch\" style=\"--awb-bg-size:cover;--awb-width-large:25%;--awb-margin-top-large:0px;--awb-spacing-right-large:7.68%;--awb-margin-bottom-large:4%;--awb-spacing-left-large:7.68%;--awb-width-medium:50%;--awb-order-medium:0;--awb-spacing-right-medium:3.84%;--awb-margin-bottom-medium:75px;--awb-spacing-left-medium:3.84%;--awb-width-small:100%;--awb-order-small:0;--awb-spacing-right-small:1.92%;--awb-margin-bottom-small:75px;--awb-spacing-left-small:1.92%;\" data-scroll-devices=\"small-visibility,medium-visibility,large-visibility\"><div class=\"fusion-column-wrapper fusion-column-has-shadow fusion-flex-justify-content-space-between fusion-content-layout-block\"><div class=\"fusion-title title fusion-title-3 fusion-sep-none fusion-title-center fusion-title-text fusion-title-size-three title-branchen\" style=\"--awb-margin-top:0px;--awb-margin-bottom:40px;--awb-margin-top-small:10px;--awb-margin-right-small:0px;--awb-margin-bottom-small:10px;--awb-margin-left-small:0px;\"><h3 class=\"fusion-title-heading title-heading-center\" style=\"margin:0;text-transform:uppercase;\">D\u00c9COUPE DE PR\u00c9CISION<\/h3><\/div><div class=\"fusion-image-element fusion-image-align-center in-legacy-container\" style=\"text-align:center;--awb-caption-title-font-family:var(--h2_typography-font-family);--awb-caption-title-font-weight:var(--h2_typography-font-weight);--awb-caption-title-font-style:var(--h2_typography-font-style);--awb-caption-title-size:var(--h2_typography-font-size);--awb-caption-title-transform:var(--h2_typography-text-transform);--awb-caption-title-line-height:var(--h2_typography-line-height);--awb-caption-title-letter-spacing:var(--h2_typography-letter-spacing);\"><div class=\"imageframe-align-center\"><span class=\" fusion-imageframe imageframe-none imageframe-2 hover-type-zoomin\"><a class=\"fusion-no-lightbox\" href=\"https:\/\/gfh-gmbh.de\/fr\/procedes\/decoupe\/\" target=\"_self\" aria-label=\"Verfahren Laser Feinscheiden GFH GmbH\"><img decoding=\"async\" width=\"516\" height=\"282\" alt=\"D\u00e9coupe fine \/ d\u00e9coupe laser\" src=\"https:\/\/gfh-gmbh.de\/wp-content\/uploads\/Verfahren-Laser-Feinscheiden-GFH-GmbH.jpg\" class=\"img-responsive wp-image-19705\" srcset=\"https:\/\/gfh-gmbh.de\/wp-content\/uploads\/Verfahren-Laser-Feinscheiden-GFH-GmbH-200x109.jpg 200w, https:\/\/gfh-gmbh.de\/wp-content\/uploads\/Verfahren-Laser-Feinscheiden-GFH-GmbH-400x219.jpg 400w, https:\/\/gfh-gmbh.de\/wp-content\/uploads\/Verfahren-Laser-Feinscheiden-GFH-GmbH.jpg 516w\" sizes=\"(max-width: 640px) 100vw, 400px\" \/><\/a><\/span><\/div><\/div><div class=\"fusion-text fusion-text-3 fusion-no-small-visibility fusion-no-medium-visibility fusion-text-no-margin text-height-verfahren\" style=\"--awb-content-alignment:justify;--awb-margin-top:4%;--awb-margin-bottom:3%;\"><p>La d\u00e9coupe de pr\u00e9cision au laser \u00e0 impulsions ultra-courtes permet d\u2019obtenir une coupe nette, sans bavures et sans effets thermiques. Elle est donc id\u00e9ale pour la fabrication de pi\u00e8ces de petite taille et de haute pr\u00e9cision.<\/p>\n<\/div><div class=\"fusion-align-block\"><a class=\"fusion-button button-flat fusion-button-default-size button-default fusion-button-default button-2 fusion-button-default-span fusion-button-default-type\" style=\"--button_text_transform:uppercase;--button_margin-top:20px;width:calc(100%);\" target=\"_self\" title=\"D\u00e9coupe fine \/ d\u00e9coupe laser\" aria-label=\"D\u00e9coupe fine \/ d\u00e9coupe laser\" href=\"https:\/\/gfh-gmbh.de\/fr\/procedes\/decoupe\/\"><span class=\"fusion-button-text awb-button__text awb-button__text--default\">D\u00e9coupe<\/span><\/a><\/div><\/div><\/div><div class=\"fusion-layout-column fusion_builder_column fusion-builder-column-3 fusion_builder_column_1_4 1_4 fusion-flex-column fusion-flex-align-self-stretch\" style=\"--awb-bg-size:cover;--awb-width-large:25%;--awb-margin-top-large:0px;--awb-spacing-right-large:7.68%;--awb-margin-bottom-large:4%;--awb-spacing-left-large:7.68%;--awb-width-medium:50%;--awb-order-medium:0;--awb-spacing-right-medium:3.84%;--awb-margin-bottom-medium:75px;--awb-spacing-left-medium:3.84%;--awb-width-small:100%;--awb-order-small:0;--awb-spacing-right-small:1.92%;--awb-margin-bottom-small:75px;--awb-spacing-left-small:1.92%;\" data-scroll-devices=\"small-visibility,medium-visibility,large-visibility\"><div class=\"fusion-column-wrapper fusion-column-has-shadow fusion-flex-justify-content-space-between fusion-content-layout-block\"><div class=\"fusion-title title fusion-title-4 fusion-sep-none fusion-title-center fusion-title-text fusion-title-size-four title-branchen\" style=\"--awb-margin-top:0px;--awb-margin-bottom:40px;--awb-margin-top-small:10px;--awb-margin-right-small:0px;--awb-margin-bottom-small:10px;--awb-margin-left-small:0px;\"><h4 class=\"fusion-title-heading title-heading-center\" style=\"margin:0;text-transform:uppercase;\">Ablation<\/h4><\/div><div class=\"fusion-image-element fusion-image-align-center in-legacy-container\" style=\"text-align:center;--awb-caption-title-font-family:var(--h2_typography-font-family);--awb-caption-title-font-weight:var(--h2_typography-font-weight);--awb-caption-title-font-style:var(--h2_typography-font-style);--awb-caption-title-size:var(--h2_typography-font-size);--awb-caption-title-transform:var(--h2_typography-text-transform);--awb-caption-title-line-height:var(--h2_typography-line-height);--awb-caption-title-letter-spacing:var(--h2_typography-letter-spacing);\"><div class=\"imageframe-align-center\"><span class=\" fusion-imageframe imageframe-none imageframe-3 hover-type-zoomin\"><a class=\"fusion-no-lightbox\" href=\"https:\/\/gfh-gmbh.de\/fr\/procedes\/ablation\/\" target=\"_self\" aria-label=\"Verfahren Laser Abtragen Tiefengravieren GFH GmbH\"><img decoding=\"async\" width=\"516\" height=\"282\" alt=\"Ablation \/ Gravure en profondeur\" src=\"https:\/\/gfh-gmbh.de\/wp-content\/uploads\/Verfahren-Laser-Abtragen-Tiefengravieren-GFH-GmbH.jpg\" class=\"img-responsive wp-image-19706\" srcset=\"https:\/\/gfh-gmbh.de\/wp-content\/uploads\/Verfahren-Laser-Abtragen-Tiefengravieren-GFH-GmbH-200x109.jpg 200w, https:\/\/gfh-gmbh.de\/wp-content\/uploads\/Verfahren-Laser-Abtragen-Tiefengravieren-GFH-GmbH-400x219.jpg 400w, https:\/\/gfh-gmbh.de\/wp-content\/uploads\/Verfahren-Laser-Abtragen-Tiefengravieren-GFH-GmbH.jpg 516w\" sizes=\"(max-width: 640px) 100vw, 400px\" \/><\/a><\/span><\/div><\/div><div class=\"fusion-text fusion-text-4 fusion-no-small-visibility fusion-no-medium-visibility fusion-text-no-margin text-height-verfahren\" style=\"--awb-content-alignment:justify;--awb-margin-top:4%;--awb-margin-bottom:3%;\"><p>Le laser, en tant qu\u2019outil flexible et sans usure, fa\u00e7onne des microstructures en retirant la mati\u00e8re couche par couche. La microstructuration permet \u00e9galement de modifier sp\u00e9cifiquement les propri\u00e9t\u00e9s de surface des pi\u00e8ces usin\u00e9es.<\/p>\n<\/div><div class=\"fusion-align-block\"><a class=\"fusion-button button-flat fusion-button-default-size button-default fusion-button-default button-3 fusion-button-default-span fusion-button-default-type\" style=\"--button_text_transform:uppercase;--button_margin-top:20px;width:calc(100%);\" target=\"_self\" title=\"Ablation \/ Gravure en profondeur\" aria-label=\"Ablation \/ Gravure en profondeur\" href=\"https:\/\/gfh-gmbh.de\/fr\/procedes\/ablation\/\"><span class=\"fusion-button-text awb-button__text awb-button__text--default\">Ablation<\/span><\/a><\/div><\/div><\/div><div class=\"fusion-layout-column fusion_builder_column fusion-builder-column-4 fusion_builder_column_1_4 1_4 fusion-flex-column fusion-flex-align-self-stretch\" style=\"--awb-bg-size:cover;--awb-width-large:25%;--awb-margin-top-large:0px;--awb-spacing-right-large:7.68%;--awb-margin-bottom-large:4%;--awb-spacing-left-large:7.68%;--awb-width-medium:50%;--awb-order-medium:0;--awb-spacing-right-medium:3.84%;--awb-margin-bottom-medium:75px;--awb-spacing-left-medium:3.84%;--awb-width-small:100%;--awb-order-small:0;--awb-spacing-right-small:1.92%;--awb-margin-bottom-small:75px;--awb-spacing-left-small:1.92%;\" data-scroll-devices=\"small-visibility,medium-visibility,large-visibility\"><div class=\"fusion-column-wrapper fusion-column-has-shadow fusion-flex-justify-content-space-between fusion-content-layout-block\"><div class=\"fusion-title title fusion-title-5 fusion-sep-none fusion-title-center fusion-title-text fusion-title-size-five title-branchen\" style=\"--awb-margin-top:0px;--awb-margin-bottom:40px;--awb-margin-top-small:10px;--awb-margin-right-small:0px;--awb-margin-bottom-small:10px;--awb-margin-left-small:0px;\"><h5 class=\"fusion-title-heading title-heading-center\" style=\"margin:0;text-transform:uppercase;\">Tournage laser<\/h5><\/div><div class=\"fusion-image-element fusion-image-align-center in-legacy-container\" style=\"text-align:center;--awb-caption-title-font-family:var(--h2_typography-font-family);--awb-caption-title-font-weight:var(--h2_typography-font-weight);--awb-caption-title-font-style:var(--h2_typography-font-style);--awb-caption-title-size:var(--h2_typography-font-size);--awb-caption-title-transform:var(--h2_typography-text-transform);--awb-caption-title-line-height:var(--h2_typography-line-height);--awb-caption-title-letter-spacing:var(--h2_typography-letter-spacing);\"><div class=\"imageframe-align-center\"><span class=\" fusion-imageframe imageframe-none imageframe-4 hover-type-zoomin\"><a class=\"fusion-no-lightbox\" href=\"https:\/\/gfh-gmbh.de\/fr\/procedes\/tournage-laser\/\" target=\"_self\" aria-label=\"Verfahren Laserdrehen GFH GmbH\"><img decoding=\"async\" width=\"516\" height=\"282\" alt=\"Tournage laser\" src=\"https:\/\/gfh-gmbh.de\/wp-content\/uploads\/Verfahren-Laserdrehen-GFH-GmbH.jpg\" class=\"img-responsive wp-image-19707\" srcset=\"https:\/\/gfh-gmbh.de\/wp-content\/uploads\/Verfahren-Laserdrehen-GFH-GmbH-200x109.jpg 200w, https:\/\/gfh-gmbh.de\/wp-content\/uploads\/Verfahren-Laserdrehen-GFH-GmbH-400x219.jpg 400w, https:\/\/gfh-gmbh.de\/wp-content\/uploads\/Verfahren-Laserdrehen-GFH-GmbH.jpg 516w\" sizes=\"(max-width: 640px) 100vw, 400px\" \/><\/a><\/span><\/div><\/div><div class=\"fusion-text fusion-text-5 fusion-no-small-visibility fusion-no-medium-visibility fusion-text-no-margin text-height-verfahren\" style=\"--awb-content-alignment:justify;--awb-margin-top:4%;--awb-margin-bottom:3%;\"><p>Gr\u00e2ce \u00e0 un usinage sans contact, le tournage laser permet de produire des pi\u00e8ces cylindriques de tr\u00e8s petits diam\u00e8tres, en tout type de mat\u00e9riau, avec une pr\u00e9cision extr\u00eame et sans usure de l\u2019outil.<\/p>\n<\/div><div class=\"fusion-align-block\"><a class=\"fusion-button button-flat fusion-button-default-size button-default fusion-button-default button-4 fusion-button-default-span fusion-button-default-type\" style=\"--button_text_transform:uppercase;--button_margin-top:20px;width:calc(100%);\" target=\"_self\" title=\"Tournage laser\" aria-label=\"Tournage laser\" href=\"https:\/\/gfh-gmbh.de\/fr\/procedes\/tournage-laser\/\"><span class=\"fusion-button-text awb-button__text awb-button__text--default\">Tournage laser<\/span><\/a><\/div><\/div><\/div><\/div><\/div><div class=\"fusion-fullwidth fullwidth-box fusion-builder-row-3 fusion-flex-container has-pattern-background has-mask-background nonhundred-percent-fullwidth non-hundred-percent-height-scrolling\" style=\"--awb-border-radius-top-left:0px;--awb-border-radius-top-right:0px;--awb-border-radius-bottom-right:0px;--awb-border-radius-bottom-left:0px;--awb-padding-top:0px;--awb-margin-top:100px;--awb-flex-wrap:wrap;\" ><div class=\"fusion-builder-row fusion-row fusion-flex-align-items-stretch fusion-flex-justify-content-center fusion-flex-content-wrap\" style=\"max-width:1456px;margin-left: calc(-4% \/ 2 );margin-right: calc(-4% \/ 2 );\"><div class=\"fusion-layout-column fusion_builder_column fusion-builder-column-5 fusion_builder_column_2_3 2_3 fusion-flex-column fusion-flex-align-self-stretch\" style=\"--awb-padding-top:30px;--awb-padding-right:30px;--awb-padding-bottom:30px;--awb-padding-left:30px;--awb-bg-color:var(--awb-color2);--awb-bg-color-hover:var(--awb-color2);--awb-bg-size:cover;--awb-width-large:66.666666666667%;--awb-margin-top-large:0px;--awb-spacing-right-large:5.76%;--awb-margin-bottom-large:4%;--awb-spacing-left-large:5.76%;--awb-width-medium:66.666666666667%;--awb-order-medium:0;--awb-spacing-right-medium:5.76%;--awb-spacing-left-medium:5.76%;--awb-width-small:100%;--awb-order-small:0;--awb-spacing-right-small:1.92%;--awb-spacing-left-small:1.92%;\" data-scroll-devices=\"small-visibility,medium-visibility,large-visibility\"><div class=\"fusion-column-wrapper fusion-column-has-shadow fusion-flex-justify-content-flex-start fusion-content-layout-block\"><div class=\"fusion-builder-row fusion-builder-row-inner fusion-row fusion-flex-align-items-stretch fusion-flex-justify-content-center fusion-flex-content-wrap\" style=\"--awb-flex-grow:0;--awb-flex-grow-medium:0;--awb-flex-grow-small:0;--awb-flex-shrink:0;--awb-flex-shrink-medium:0;--awb-flex-shrink-small:0;width:104% !important;max-width:104% !important;margin-left: calc(-4% \/ 2 );margin-right: calc(-4% \/ 2 );\"><div class=\"fusion-layout-column fusion_builder_column_inner fusion-builder-nested-column-0 fusion_builder_column_inner_1_2 1_2 fusion-flex-column\" style=\"--awb-bg-size:cover;--awb-width-large:50%;--awb-margin-top-large:0px;--awb-spacing-right-large:3.84%;--awb-margin-bottom-large:0px;--awb-spacing-left-large:3.84%;--awb-width-medium:100%;--awb-order-medium:0;--awb-spacing-right-medium:1.92%;--awb-margin-bottom-medium:30px;--awb-spacing-left-medium:1.92%;--awb-width-small:100%;--awb-order-small:0;--awb-spacing-right-small:1.92%;--awb-spacing-left-small:1.92%;\" data-scroll-devices=\"small-visibility,medium-visibility,large-visibility\"><div class=\"fusion-column-wrapper fusion-column-has-shadow fusion-flex-justify-content-flex-start fusion-content-layout-column\"><div class=\"fusion-image-element \" style=\"text-align:center;--awb-margin-top:0px;--awb-margin-bottom:0px;--awb-caption-title-font-family:var(--h2_typography-font-family);--awb-caption-title-font-weight:var(--h2_typography-font-weight);--awb-caption-title-font-style:var(--h2_typography-font-style);--awb-caption-title-size:var(--h2_typography-font-size);--awb-caption-title-transform:var(--h2_typography-text-transform);--awb-caption-title-line-height:var(--h2_typography-line-height);--awb-caption-title-letter-spacing:var(--h2_typography-letter-spacing);\"><span class=\" fusion-imageframe imageframe-none imageframe-5 hover-type-none\"><img decoding=\"async\" width=\"300\" height=\"300\" alt=\"Responsable du d\u00e9partement commercial Andreas Reitberger\" title=\"019_Abteilungsleiter Gross\" src=\"https:\/\/gfh-gmbh.de\/wp-content\/uploads\/\/019_Abteilungsleiter-Gross-300x300.jpg\" class=\"img-responsive wp-image-19872\" srcset=\"https:\/\/gfh-gmbh.de\/wp-content\/uploads\/019_Abteilungsleiter-Gross-200x200.jpg 200w, https:\/\/gfh-gmbh.de\/wp-content\/uploads\/019_Abteilungsleiter-Gross-400x400.jpg 400w, https:\/\/gfh-gmbh.de\/wp-content\/uploads\/019_Abteilungsleiter-Gross.jpg 500w\" sizes=\"(max-width: 640px) 100vw, 300px\" \/><\/span><\/div><\/div><\/div><div class=\"fusion-layout-column fusion_builder_column_inner fusion-builder-nested-column-1 fusion_builder_column_inner_1_2 1_2 fusion-flex-column\" style=\"--awb-bg-size:cover;--awb-width-large:50%;--awb-margin-top-large:0px;--awb-spacing-right-large:3.84%;--awb-margin-bottom-large:0px;--awb-spacing-left-large:3.84%;--awb-width-medium:100%;--awb-order-medium:0;--awb-spacing-right-medium:1.92%;--awb-spacing-left-medium:1.92%;--awb-width-small:100%;--awb-order-small:0;--awb-spacing-right-small:1.92%;--awb-spacing-left-small:1.92%;\" data-scroll-devices=\"small-visibility,medium-visibility,large-visibility\"><div class=\"fusion-column-wrapper fusion-column-has-shadow fusion-flex-justify-content-flex-start fusion-content-layout-column\"><div class=\"fusion-text fusion-text-6 md-text-align-center sm-text-align-center\"><p><strong>VOTRE INTERLOCUTEUR<\/strong><br \/>\nDipl.-Ing. (BA) Andreas Reitberger<br \/>\nResponsable des ventes<\/p>\n<p>T\u00e9l : +49 991 290 92 &#8211; 0<br \/>\nsales@gfh-gmbh.de<\/p>\n<\/div><div style=\"text-align:left;\"><a class=\"fusion-button button-flat fusion-button-default-size button-custom fusion-button-default button-5 fusion-button-span-yes fusion-button-default-type\" style=\"--button_accent_color:#ffffff;--button_accent_hover_color:#f49e00;--button_border_hover_color:#f49e00;--button_gradient_top_color:#f49e00;--button_gradient_bottom_color:#f49e00;--button_gradient_top_color_hover:#ffffff;--button_gradient_bottom_color_hover:#ffffff;--button_text_transform:uppercase;--button_margin-top:0px;--button_margin-bottom:0px;\" target=\"_self\" title=\"Formulaire de contact\" aria-label=\"Formulaire de contact\" href=\"https:\/\/gfh-gmbh.de\/fr\/enterprise\/contact\/\"><span class=\"fusion-button-text awb-button__text awb-button__text--default\">Formulaire de contact<\/span><\/a><\/div><\/div><\/div><\/div><\/div><\/div><\/div><\/div><\/p>\n","protected":false},"excerpt":{"rendered":"","protected":false},"author":1,"featured_media":0,"parent":0,"menu_order":0,"comment_status":"closed","ping_status":"closed","template":"100-width.php","meta":{"footnotes":""},"class_list":["post-19701","page","type-page","status-publish","hentry"],"_links":{"self":[{"href":"https:\/\/gfh-gmbh.de\/fr\/wp-json\/wp\/v2\/pages\/19701","targetHints":{"allow":["GET"]}}],"collection":[{"href":"https:\/\/gfh-gmbh.de\/fr\/wp-json\/wp\/v2\/pages"}],"about":[{"href":"https:\/\/gfh-gmbh.de\/fr\/wp-json\/wp\/v2\/types\/page"}],"author":[{"embeddable":true,"href":"https:\/\/gfh-gmbh.de\/fr\/wp-json\/wp\/v2\/users\/1"}],"replies":[{"embeddable":true,"href":"https:\/\/gfh-gmbh.de\/fr\/wp-json\/wp\/v2\/comments?post=19701"}],"version-history":[{"count":6,"href":"https:\/\/gfh-gmbh.de\/fr\/wp-json\/wp\/v2\/pages\/19701\/revisions"}],"predecessor-version":[{"id":20087,"href":"https:\/\/gfh-gmbh.de\/fr\/wp-json\/wp\/v2\/pages\/19701\/revisions\/20087"}],"wp:attachment":[{"href":"https:\/\/gfh-gmbh.de\/fr\/wp-json\/wp\/v2\/media?parent=19701"}],"curies":[{"name":"wp","href":"https:\/\/api.w.org\/{rel}","templated":true}]}}