{"id":19711,"date":"2021-05-12T12:16:11","date_gmt":"2021-05-12T10:16:11","guid":{"rendered":"https:\/\/gfh-gmbh.de\/procedes\/ablation\/"},"modified":"2026-03-26T16:04:06","modified_gmt":"2026-03-26T15:04:06","slug":"ablation","status":"publish","type":"page","link":"https:\/\/gfh-gmbh.de\/fr\/procedes\/ablation\/","title":{"rendered":"Ablation"},"content":{"rendered":"<p><article class=\"fusion-fullwidth fullwidth-box fusion-builder-row-1 fusion-flex-container has-pattern-background has-mask-background nonhundred-percent-fullwidth non-hundred-percent-height-scrolling\" style=\"--awb-border-radius-top-left:0px;--awb-border-radius-top-right:0px;--awb-border-radius-bottom-right:0px;--awb-border-radius-bottom-left:0px;--awb-margin-top:4%;--awb-background-color:rgba(255,255,255,0);--awb-flex-wrap:wrap;\" ><div class=\"fusion-builder-row fusion-row fusion-flex-align-items-flex-start fusion-flex-content-wrap\" style=\"max-width:1456px;margin-left: calc(-4% \/ 2 );margin-right: calc(-4% \/ 2 );\"><div class=\"fusion-layout-column fusion_builder_column fusion-builder-column-0 fusion_builder_column_1_1 1_1 fusion-flex-column\" style=\"--awb-bg-color:#ffffff;--awb-bg-color-hover:#ffffff;--awb-bg-size:cover;--awb-width-large:100%;--awb-margin-top-large:0px;--awb-spacing-right-large:1.92%;--awb-margin-bottom-large:4%;--awb-spacing-left-large:1.92%;--awb-width-medium:100%;--awb-order-medium:0;--awb-spacing-right-medium:1.92%;--awb-spacing-left-medium:1.92%;--awb-width-small:100%;--awb-order-small:0;--awb-spacing-right-small:1.92%;--awb-spacing-left-small:1.92%;\"><div class=\"fusion-column-wrapper fusion-column-has-shadow fusion-flex-justify-content-flex-start fusion-content-layout-column\"><div class=\"fusion-title title fusion-title-1 fusion-sep-none fusion-title-center fusion-title-text fusion-title-size-one uppercase\" style=\"--awb-margin-top-small:10px;--awb-margin-right-small:0px;--awb-margin-bottom-small:10px;--awb-margin-left-small:0px;\"><h1 class=\"fusion-title-heading title-heading-center\" style=\"margin:0;\">Ablation laser<\/h1><\/div><div class=\"fusion-text fusion-text-1\" style=\"--awb-content-alignment:center;--awb-text-transform:none;--awb-margin-top:4%;\"><p><strong>Ablation <\/strong>laser de haute pr\u00e9cision<\/p>\n<\/div><div class=\"fusion-text fusion-text-2\" style=\"--awb-content-alignment:center;--awb-text-transform:none;--awb-margin-top:4%;\"><p><strong>L\u2019ablation au laser<\/strong> se d\u00e9cline en deux proc\u00e9d\u00e9s : la gravure en profondeur et la micro-structuration.<\/p>\n<\/div><\/div><\/div><div class=\"fusion-layout-column fusion_builder_column fusion-builder-column-1 fusion_builder_column_1_1 1_1 fusion-flex-column\" style=\"--awb-bg-color:#ffffff;--awb-bg-color-hover:#ffffff;--awb-bg-size:cover;--awb-width-large:100%;--awb-margin-top-large:0px;--awb-spacing-right-large:1.92%;--awb-margin-bottom-large:4%;--awb-spacing-left-large:1.92%;--awb-width-medium:100%;--awb-order-medium:0;--awb-spacing-right-medium:1.92%;--awb-spacing-left-medium:1.92%;--awb-width-small:100%;--awb-order-small:0;--awb-spacing-right-small:1.92%;--awb-spacing-left-small:1.92%;\"><div class=\"fusion-column-wrapper fusion-column-has-shadow fusion-flex-justify-content-flex-start fusion-content-layout-column\"><div class=\"fusion-title title fusion-title-2 fusion-sep-none fusion-title-center fusion-title-text fusion-title-size-two\" style=\"--awb-margin-top-small:10px;--awb-margin-right-small:0px;--awb-margin-bottom-small:10px;--awb-margin-left-small:0px;\"><h2 class=\"fusion-title-heading title-heading-center\" style=\"margin:0;\">GRAVURE EN PROFONDEUR<\/h2><\/div><div class=\"fusion-text fusion-text-3\" style=\"--awb-content-alignment:justify;--awb-text-transform:none;\"><p style=\"text-align: justify;\">La gravure en <strong>profondeur<\/strong> permet de retirer du volume dans la mati\u00e8re \u00e0 l\u2019aide du laser, modifiant ainsi la forme de la pi\u00e8ce. Gr\u00e2ce \u00e0 cette technologie, un mod\u00e8le 3D issu d\u2019un fichier CAO peut \u00eatre directement transf\u00e9r\u00e9 sur la pi\u00e8ce \u00e0 usiner. <\/p>\n<p style=\"text-align: justify;\">Le processus repose sur la conversion du mod\u00e8le volumique en un mod\u00e8le en couches, o\u00f9 le laser enl\u00e8ve progressivement la mati\u00e8re couche par couche jusqu\u2019\u00e0 obtenir une empreinte n\u00e9gative du mod\u00e8le original. Cette technique s\u2019applique aussi bien aux pi\u00e8ces planes qu\u2019aux surfaces cylindriques, sph\u00e9riques ou coniques.  <\/p>\n<p style=\"text-align: justify;\">Comme pour les autres proc\u00e9d\u00e9s laser, la gravure en profondeur offre des avantages uniques : des contours nets sans bavures et une finition de surface dont la rugosit\u00e9 est comparable \u00e0 celle obtenue par rodage m\u00e9canique. <\/p>\n<\/div><\/div><\/div><div class=\"fusion-layout-column fusion_builder_column fusion-builder-column-2 fusion_builder_column_1_1 1_1 fusion-flex-column\" style=\"--awb-bg-color:#ffffff;--awb-bg-color-hover:#ffffff;--awb-bg-size:cover;--awb-width-large:100%;--awb-margin-top-large:0px;--awb-spacing-right-large:1.92%;--awb-margin-bottom-large:4%;--awb-spacing-left-large:1.92%;--awb-width-medium:100%;--awb-order-medium:0;--awb-spacing-right-medium:1.92%;--awb-spacing-left-medium:1.92%;--awb-width-small:100%;--awb-order-small:0;--awb-spacing-right-small:1.92%;--awb-spacing-left-small:1.92%;\"><div class=\"fusion-column-wrapper fusion-column-has-shadow fusion-flex-justify-content-flex-start fusion-content-layout-column\"><div class=\"fusion-title title fusion-title-3 fusion-sep-none fusion-title-center fusion-title-text fusion-title-size-three\" style=\"--awb-margin-top-small:10px;--awb-margin-right-small:0px;--awb-margin-bottom-small:10px;--awb-margin-left-small:0px;\"><h3 class=\"fusion-title-heading title-heading-center\" style=\"margin:0;\">MICROSTRUCTURATION<\/h3><\/div><div class=\"fusion-text fusion-text-4\" style=\"--awb-content-alignment:justify;--awb-text-transform:none;\"><p>Le laser permet \u00e9galement de modifier de mani\u00e8re cibl\u00e9e la surface des pi\u00e8ces en y int\u00e9grant des microstructures. Ce proc\u00e9d\u00e9 permet d\u2019ajuster pr\u00e9cis\u00e9ment la rugosit\u00e9 de surface, d\u2019appliquer des structures tribologiques ou encore d\u2019influencer les propri\u00e9t\u00e9s de mouillabilit\u00e9 du mat\u00e9riau. <\/p>\n<p>La micro-structuration peut \u00eatre utilis\u00e9e comme un processus d\u2019usinage \u00e0 part enti\u00e8re ou comme une \u00e9tape de finition apr\u00e8s des op\u00e9rations telles que la d\u00e9coupe ou la gravure laser.<\/p>\n<\/div><\/div><\/div><div class=\"fusion-layout-column fusion_builder_column fusion-builder-column-3 fusion_builder_column_1_1 1_1 fusion-flex-column\" style=\"--awb-bg-size:cover;--awb-width-large:100%;--awb-margin-top-large:0px;--awb-spacing-right-large:1.92%;--awb-margin-bottom-large:4%;--awb-spacing-left-large:1.92%;--awb-width-medium:100%;--awb-order-medium:0;--awb-spacing-right-medium:1.92%;--awb-spacing-left-medium:1.92%;--awb-width-small:100%;--awb-order-small:0;--awb-spacing-right-small:1.92%;--awb-spacing-left-small:1.92%;\"><div class=\"fusion-column-wrapper fusion-column-has-shadow fusion-flex-justify-content-flex-start fusion-content-layout-column\"><div class=\"fusion-title title fusion-title-4 fusion-sep-none fusion-title-center fusion-title-text fusion-title-size-four\" style=\"--awb-margin-top-small:10px;--awb-margin-right-small:0px;--awb-margin-bottom-small:10px;--awb-margin-left-small:0px;\"><h4 class=\"fusion-title-heading title-heading-center\" style=\"margin:0;\">POINTS FORTS<\/h4><\/div><\/div><\/div><div class=\"fusion-layout-column fusion_builder_column fusion-builder-column-4 fusion_builder_column_1_3 1_3 fusion-flex-column fusion-flex-align-self-flex-start\" style=\"--awb-bg-size:cover;--awb-width-large:33.333333333333%;--awb-margin-top-large:0px;--awb-spacing-right-large:5.76%;--awb-margin-bottom-large:0px;--awb-spacing-left-large:5.76%;--awb-width-medium:33.333333333333%;--awb-order-medium:0;--awb-spacing-right-medium:5.76%;--awb-spacing-left-medium:5.76%;--awb-width-small:100%;--awb-order-small:0;--awb-spacing-right-small:1.92%;--awb-spacing-left-small:1.92%;\"><div class=\"fusion-column-wrapper fusion-column-has-shadow fusion-flex-justify-content-flex-start fusion-content-layout-column\"><ul style=\"--awb-line-height:37.4px;--awb-icon-width:37.4px;--awb-icon-height:37.4px;--awb-icon-margin:15.4px;--awb-content-margin:52.8px;\" class=\"fusion-checklist fusion-checklist-1 fusion-checklist-default type-icons\"><li class=\"fusion-li-item\" style=\"\"><span class=\"icon-wrapper circle-no\"><i class=\"fusion-li-icon fa-check-square fas\" aria-hidden=\"true\"><\/i><\/span><div class=\"fusion-li-item-content\">\n<p>\u00c9paisseur des couches ajustable jusqu\u2019au sub-microm\u00e8tre<\/p>\n<\/div><\/li><li class=\"fusion-li-item\" style=\"\"><span class=\"icon-wrapper circle-no\"><i class=\"fusion-li-icon fa-check-square fas\" aria-hidden=\"true\"><\/i><\/span><div class=\"fusion-li-item-content\">\n<p>Mod\u00e8le d\u2019enl\u00e8vement param\u00e9trable via logiciel<\/p>\n<\/div><\/li><\/ul><\/div><\/div><div class=\"fusion-layout-column fusion_builder_column fusion-builder-column-5 fusion_builder_column_1_3 1_3 fusion-flex-column fusion-flex-align-self-flex-start\" style=\"--awb-bg-size:cover;--awb-width-large:33.333333333333%;--awb-margin-top-large:0px;--awb-spacing-right-large:5.76%;--awb-margin-bottom-large:0px;--awb-spacing-left-large:5.76%;--awb-width-medium:33.333333333333%;--awb-order-medium:0;--awb-spacing-right-medium:5.76%;--awb-spacing-left-medium:5.76%;--awb-width-small:100%;--awb-order-small:0;--awb-spacing-right-small:1.92%;--awb-spacing-left-small:1.92%;\"><div class=\"fusion-column-wrapper fusion-column-has-shadow fusion-flex-justify-content-flex-start fusion-content-layout-column\"><ul style=\"--awb-line-height:37.4px;--awb-icon-width:37.4px;--awb-icon-height:37.4px;--awb-icon-margin:15.4px;--awb-content-margin:52.8px;\" class=\"fusion-checklist fusion-checklist-2 fusion-checklist-default type-icons\"><li class=\"fusion-li-item\" style=\"\"><span class=\"icon-wrapper circle-no\"><i class=\"fusion-li-icon fa-check-square fas\" aria-hidden=\"true\"><\/i><\/span><div class=\"fusion-li-item-content\">\n<p>Compatible avec tous les mat\u00e9riaux<\/p>\n<\/div><\/li><li class=\"fusion-li-item\" style=\"\"><span class=\"icon-wrapper circle-no\"><i class=\"fusion-li-icon fa-check-square fas\" aria-hidden=\"true\"><\/i><\/span><div class=\"fusion-li-item-content\">\n<p>Finition de surface jusqu\u2019\u00e0 Ra &lt; 0,05 \u00b5m<\/p>\n<\/div><\/li><\/ul><\/div><\/div><div class=\"fusion-layout-column fusion_builder_column fusion-builder-column-6 fusion_builder_column_1_3 1_3 fusion-flex-column fusion-flex-align-self-flex-start\" style=\"--awb-bg-size:cover;--awb-width-large:33.333333333333%;--awb-margin-top-large:0px;--awb-spacing-right-large:5.76%;--awb-margin-bottom-large:0px;--awb-spacing-left-large:5.76%;--awb-width-medium:33.333333333333%;--awb-order-medium:0;--awb-spacing-right-medium:5.76%;--awb-spacing-left-medium:5.76%;--awb-width-small:100%;--awb-order-small:0;--awb-spacing-right-small:1.92%;--awb-spacing-left-small:1.92%;\"><div class=\"fusion-column-wrapper fusion-column-has-shadow fusion-flex-justify-content-flex-start fusion-content-layout-column\"><ul style=\"--awb-line-height:37.4px;--awb-icon-width:37.4px;--awb-icon-height:37.4px;--awb-icon-margin:15.4px;--awb-content-margin:52.8px;\" class=\"fusion-checklist fusion-checklist-3 fusion-checklist-default type-icons\"><li class=\"fusion-li-item\" style=\"\"><span class=\"icon-wrapper circle-no\"><i class=\"fusion-li-icon fa-check-square fas\" aria-hidden=\"true\"><\/i><\/span><div class=\"fusion-li-item-content\">\n<p>R\u00e9alisation de contours et rayons internes tr\u00e8s petits<\/p>\n<\/div><\/li><li class=\"fusion-li-item\" style=\"\"><span class=\"icon-wrapper circle-no\"><i class=\"fusion-li-icon fa-check-square fas\" aria-hidden=\"true\"><\/i><\/span><div class=\"fusion-li-item-content\">\n<p>Aucune contrainte m\u00e9canique sur la pi\u00e8ce<\/p>\n<\/div><\/li><\/ul><\/div><\/div><\/div><\/article><section class=\"fusion-fullwidth fullwidth-box fusion-builder-row-2 fusion-flex-container has-pattern-background has-mask-background hundred-percent-fullwidth non-hundred-percent-height-scrolling\" style=\"--awb-border-radius-top-left:0px;--awb-border-radius-top-right:0px;--awb-border-radius-bottom-right:0px;--awb-border-radius-bottom-left:0px;--awb-margin-top:4%;--awb-flex-wrap:wrap;\" ><div class=\"fusion-builder-row fusion-row fusion-flex-align-items-flex-start fusion-flex-justify-content-center fusion-flex-content-wrap\" style=\"width:104% !important;max-width:104% !important;margin-left: calc(-4% \/ 2 );margin-right: calc(-4% \/ 2 );\"><div class=\"fusion-layout-column fusion_builder_column fusion-builder-column-7 fusion_builder_column_1_1 1_1 fusion-flex-column\" style=\"--awb-bg-size:cover;--awb-width-large:100%;--awb-margin-top-large:0px;--awb-spacing-right-large:1.92%;--awb-margin-bottom-large:4%;--awb-spacing-left-large:1.92%;--awb-width-medium:100%;--awb-order-medium:0;--awb-spacing-right-medium:1.92%;--awb-spacing-left-medium:1.92%;--awb-width-small:100%;--awb-order-small:0;--awb-spacing-right-small:1.92%;--awb-spacing-left-small:1.92%;\"><div class=\"fusion-column-wrapper fusion-column-has-shadow fusion-flex-justify-content-flex-start fusion-content-layout-column\"><div class=\"fusion-title title fusion-title-5 fusion-sep-none fusion-title-center fusion-title-text fusion-title-size-five\" style=\"--awb-margin-top-small:10px;--awb-margin-right-small:0px;--awb-margin-bottom-small:10px;--awb-margin-left-small:0px;\"><h5 class=\"fusion-title-heading title-heading-center\" style=\"margin:0;\">IMAGES PRODUIT<\/h5><\/div><div class=\"awb-gallery-wrapper awb-gallery-wrapper-1 button-span-no\" style=\"--more-btn-alignment:center;\"><div style=\"margin:-15px;--awb-bordersize:0px;\" class=\"fusion-gallery fusion-gallery-container fusion-grid-3 fusion-columns-total-6 fusion-gallery-layout-grid fusion-gallery-1\"><div style=\"padding:15px;\" class=\"fusion-grid-column fusion-gallery-column fusion-gallery-column-3 hover-type-none\"><div class=\"fusion-gallery-image\"><a href=\"https:\/\/gfh-gmbh.de\/wp-content\/uploads\/Ablation-laser-ceramique.png\" rel=\"noreferrer\" data-rel=\"iLightbox[gallery_image_1]\" class=\"fusion-lightbox\" target=\"_self\"><img decoding=\"async\" src=\"https:\/\/gfh-gmbh.de\/wp-content\/uploads\/Ablation-laser-ceramique.png\" width=\"1024\" height=\"1024\" alt=\"Ablation laser c\u00e9ramique\" title=\"Ablation laser c\u00e9ramique\" aria-label=\"Ablation laser c\u00e9ramique\" class=\"img-responsive wp-image-19712\" srcset=\"https:\/\/gfh-gmbh.de\/wp-content\/uploads\/Ablation-laser-ceramique-200x200.png 200w, https:\/\/gfh-gmbh.de\/wp-content\/uploads\/Ablation-laser-ceramique-400x400.png 400w, https:\/\/gfh-gmbh.de\/wp-content\/uploads\/Ablation-laser-ceramique-600x600.png 600w, https:\/\/gfh-gmbh.de\/wp-content\/uploads\/Ablation-laser-ceramique-800x800.png 800w, https:\/\/gfh-gmbh.de\/wp-content\/uploads\/Ablation-laser-ceramique.png 1024w\" sizes=\"(min-width: 2200px) 100vw, (min-width: 784px) 457px, (min-width: 712px) 685px, (min-width: 640px) 712px, \" \/><\/a><\/div><\/div><div style=\"padding:15px;\" class=\"fusion-grid-column fusion-gallery-column fusion-gallery-column-3 hover-type-none\"><div class=\"fusion-gallery-image\"><a href=\"https:\/\/gfh-gmbh.de\/wp-content\/uploads\/Ablation-laser-enlevement-selectif-de-couche.png\" rel=\"noreferrer\" data-rel=\"iLightbox[gallery_image_1]\" class=\"fusion-lightbox\" target=\"_self\"><img decoding=\"async\" src=\"https:\/\/gfh-gmbh.de\/wp-content\/uploads\/Ablation-laser-enlevement-selectif-de-couche.png\" width=\"1024\" height=\"1024\" alt=\"Ablation laser enl\u00e8vement s\u00e9lectif de couche\" title=\"Ablation laser enl\u00e8vement s\u00e9lectif de couche\" aria-label=\"Ablation laser enl\u00e8vement s\u00e9lectif de couche\" class=\"img-responsive wp-image-19713\" srcset=\"https:\/\/gfh-gmbh.de\/wp-content\/uploads\/Ablation-laser-enlevement-selectif-de-couche-200x200.png 200w, https:\/\/gfh-gmbh.de\/wp-content\/uploads\/Ablation-laser-enlevement-selectif-de-couche-400x400.png 400w, https:\/\/gfh-gmbh.de\/wp-content\/uploads\/Ablation-laser-enlevement-selectif-de-couche-600x600.png 600w, https:\/\/gfh-gmbh.de\/wp-content\/uploads\/Ablation-laser-enlevement-selectif-de-couche-800x800.png 800w, https:\/\/gfh-gmbh.de\/wp-content\/uploads\/Ablation-laser-enlevement-selectif-de-couche.png 1024w\" sizes=\"(min-width: 2200px) 100vw, (min-width: 784px) 457px, (min-width: 712px) 685px, (min-width: 640px) 712px, \" \/><\/a><\/div><\/div><div style=\"padding:15px;\" class=\"fusion-grid-column fusion-gallery-column fusion-gallery-column-3 hover-type-none\"><div class=\"fusion-gallery-image\"><a href=\"https:\/\/gfh-gmbh.de\/wp-content\/uploads\/Ablation-laser-structure-en-spirale-sur-rouleau-1.png\" rel=\"noreferrer\" data-rel=\"iLightbox[gallery_image_1]\" class=\"fusion-lightbox\" target=\"_self\"><img decoding=\"async\" src=\"https:\/\/gfh-gmbh.de\/wp-content\/uploads\/Ablation-laser-structure-en-spirale-sur-rouleau-1.png\" width=\"1024\" height=\"1024\" alt=\"Ablation laser structure en spirale sur rouleau\" title=\"Ablation laser structure en spirale sur rouleau\" aria-label=\"Ablation laser structure en spirale sur rouleau\" class=\"img-responsive wp-image-19714\" srcset=\"https:\/\/gfh-gmbh.de\/wp-content\/uploads\/Ablation-laser-structure-en-spirale-sur-rouleau-1-200x200.png 200w, https:\/\/gfh-gmbh.de\/wp-content\/uploads\/Ablation-laser-structure-en-spirale-sur-rouleau-1-400x400.png 400w, https:\/\/gfh-gmbh.de\/wp-content\/uploads\/Ablation-laser-structure-en-spirale-sur-rouleau-1-600x600.png 600w, https:\/\/gfh-gmbh.de\/wp-content\/uploads\/Ablation-laser-structure-en-spirale-sur-rouleau-1-800x800.png 800w, https:\/\/gfh-gmbh.de\/wp-content\/uploads\/Ablation-laser-structure-en-spirale-sur-rouleau-1.png 1024w\" sizes=\"(min-width: 2200px) 100vw, (min-width: 784px) 457px, (min-width: 712px) 685px, (min-width: 640px) 712px, \" \/><\/a><\/div><\/div><div class=\"clearfix\"><\/div><div style=\"padding:15px;\" class=\"fusion-grid-column fusion-gallery-column fusion-gallery-column-3 hover-type-none\"><div class=\"fusion-gallery-image\"><a href=\"https:\/\/gfh-gmbh.de\/wp-content\/uploads\/Ablation-laser-insert-de-gaufrage.png\" rel=\"noreferrer\" data-rel=\"iLightbox[gallery_image_1]\" class=\"fusion-lightbox\" target=\"_self\"><img decoding=\"async\" src=\"https:\/\/gfh-gmbh.de\/wp-content\/uploads\/Ablation-laser-insert-de-gaufrage.png\" width=\"1024\" height=\"1024\" alt=\"Ablation laser insert de gaufrage\" title=\"Ablation laser insert de gaufrage\" aria-label=\"Ablation laser insert de gaufrage\" class=\"img-responsive wp-image-19715\" srcset=\"https:\/\/gfh-gmbh.de\/wp-content\/uploads\/Ablation-laser-insert-de-gaufrage-200x200.png 200w, https:\/\/gfh-gmbh.de\/wp-content\/uploads\/Ablation-laser-insert-de-gaufrage-400x400.png 400w, https:\/\/gfh-gmbh.de\/wp-content\/uploads\/Ablation-laser-insert-de-gaufrage-600x600.png 600w, https:\/\/gfh-gmbh.de\/wp-content\/uploads\/Ablation-laser-insert-de-gaufrage-800x800.png 800w, https:\/\/gfh-gmbh.de\/wp-content\/uploads\/Ablation-laser-insert-de-gaufrage.png 1024w\" sizes=\"(min-width: 2200px) 100vw, (min-width: 784px) 457px, (min-width: 712px) 685px, (min-width: 640px) 712px, \" \/><\/a><\/div><\/div><div style=\"padding:15px;\" class=\"fusion-grid-column fusion-gallery-column fusion-gallery-column-3 hover-type-none\"><div class=\"fusion-gallery-image\"><a href=\"https:\/\/gfh-gmbh.de\/wp-content\/uploads\/Ablation-laser-structure-en-cupules.png\" rel=\"noreferrer\" data-rel=\"iLightbox[gallery_image_1]\" class=\"fusion-lightbox\" target=\"_self\"><img decoding=\"async\" src=\"https:\/\/gfh-gmbh.de\/wp-content\/uploads\/Ablation-laser-structure-en-cupules.png\" width=\"1024\" height=\"1024\" alt=\"Ablation laser structure en cupules\" title=\"Ablation laser structure en cupules\" aria-label=\"Ablation laser structure en cupules\" class=\"img-responsive wp-image-19716\" srcset=\"https:\/\/gfh-gmbh.de\/wp-content\/uploads\/Ablation-laser-structure-en-cupules-200x200.png 200w, https:\/\/gfh-gmbh.de\/wp-content\/uploads\/Ablation-laser-structure-en-cupules-400x400.png 400w, https:\/\/gfh-gmbh.de\/wp-content\/uploads\/Ablation-laser-structure-en-cupules-600x600.png 600w, https:\/\/gfh-gmbh.de\/wp-content\/uploads\/Ablation-laser-structure-en-cupules-800x800.png 800w, https:\/\/gfh-gmbh.de\/wp-content\/uploads\/Ablation-laser-structure-en-cupules.png 1024w\" sizes=\"(min-width: 2200px) 100vw, (min-width: 784px) 457px, (min-width: 712px) 685px, (min-width: 640px) 712px, \" \/><\/a><\/div><\/div><div style=\"padding:15px;\" class=\"fusion-grid-column fusion-gallery-column fusion-gallery-column-3 hover-type-none\"><div class=\"fusion-gallery-image\"><a href=\"https:\/\/gfh-gmbh.de\/wp-content\/uploads\/Ablation-laser-structure-circulaire.png\" rel=\"noreferrer\" data-rel=\"iLightbox[gallery_image_1]\" class=\"fusion-lightbox\" target=\"_self\"><img decoding=\"async\" src=\"https:\/\/gfh-gmbh.de\/wp-content\/uploads\/Ablation-laser-structure-circulaire.png\" width=\"1024\" height=\"1024\" alt=\"Ablation laser structure circulaire\" title=\"Ablation laser structure circulaire\" aria-label=\"Ablation laser structure circulaire\" class=\"img-responsive wp-image-19717\" srcset=\"https:\/\/gfh-gmbh.de\/wp-content\/uploads\/Ablation-laser-structure-circulaire-200x200.png 200w, https:\/\/gfh-gmbh.de\/wp-content\/uploads\/Ablation-laser-structure-circulaire-400x400.png 400w, https:\/\/gfh-gmbh.de\/wp-content\/uploads\/Ablation-laser-structure-circulaire-600x600.png 600w, https:\/\/gfh-gmbh.de\/wp-content\/uploads\/Ablation-laser-structure-circulaire-800x800.png 800w, https:\/\/gfh-gmbh.de\/wp-content\/uploads\/Ablation-laser-structure-circulaire.png 1024w\" sizes=\"(min-width: 2200px) 100vw, (min-width: 784px) 457px, (min-width: 712px) 685px, (min-width: 640px) 712px, \" \/><\/a><\/div><\/div><div class=\"clearfix\"><\/div><\/div><\/div><\/div><\/div><\/div><\/section><section class=\"fusion-fullwidth fullwidth-box fusion-builder-row-3 fusion-flex-container has-pattern-background has-mask-background hundred-percent-fullwidth non-hundred-percent-height-scrolling\" style=\"--awb-border-radius-top-left:0px;--awb-border-radius-top-right:0px;--awb-border-radius-bottom-right:0px;--awb-border-radius-bottom-left:0px;--awb-margin-top:4%;--awb-flex-wrap:wrap;\" ><div class=\"fusion-builder-row fusion-row fusion-flex-align-items-flex-start fusion-flex-justify-content-center fusion-flex-content-wrap\" style=\"width:104% !important;max-width:104% !important;margin-left: calc(-4% \/ 2 );margin-right: calc(-4% \/ 2 );\"><div class=\"fusion-layout-column fusion_builder_column fusion-builder-column-8 fusion_builder_column_1_1 1_1 fusion-flex-column\" style=\"--awb-bg-size:cover;--awb-width-large:100%;--awb-margin-top-large:0px;--awb-spacing-right-large:1.92%;--awb-margin-bottom-large:4%;--awb-spacing-left-large:1.92%;--awb-width-medium:100%;--awb-order-medium:0;--awb-spacing-right-medium:1.92%;--awb-spacing-left-medium:1.92%;--awb-width-small:100%;--awb-order-small:0;--awb-spacing-right-small:1.92%;--awb-spacing-left-small:1.92%;\"><div class=\"fusion-column-wrapper fusion-column-has-shadow fusion-flex-justify-content-flex-start fusion-content-layout-column\"><div class=\"fusion-title title fusion-title-6 fusion-sep-none fusion-title-center fusion-title-text fusion-title-size-five\" style=\"--awb-margin-top-small:10px;--awb-margin-right-small:0px;--awb-margin-bottom-small:10px;--awb-margin-left-small:0px;\"><h5 class=\"fusion-title-heading title-heading-center\" style=\"margin:0;\">VID\u00c9OS PRODUITS<\/h5><\/div><\/div><\/div><div class=\"fusion-layout-column fusion_builder_column fusion-builder-column-9 fusion_builder_column_1_2 1_2 fusion-flex-column\" style=\"--awb-bg-size:cover;--awb-width-large:50%;--awb-margin-top-large:0px;--awb-spacing-right-large:3.84%;--awb-margin-bottom-large:4%;--awb-spacing-left-large:3.84%;--awb-width-medium:50%;--awb-order-medium:0;--awb-spacing-right-medium:3.84%;--awb-spacing-left-medium:3.84%;--awb-width-small:100%;--awb-order-small:0;--awb-spacing-right-small:1.92%;--awb-spacing-left-small:1.92%;\" data-scroll-devices=\"small-visibility,medium-visibility,large-visibility\"><div class=\"fusion-column-wrapper fusion-column-has-shadow fusion-flex-justify-content-flex-start fusion-content-layout-column\"><\/div><\/div><\/div><\/section><\/p>\n","protected":false},"excerpt":{"rendered":"","protected":false},"author":1,"featured_media":0,"parent":19701,"menu_order":0,"comment_status":"closed","ping_status":"closed","template":"100-width.php","meta":{"footnotes":""},"class_list":["post-19711","page","type-page","status-publish","hentry"],"_links":{"self":[{"href":"https:\/\/gfh-gmbh.de\/fr\/wp-json\/wp\/v2\/pages\/19711","targetHints":{"allow":["GET"]}}],"collection":[{"href":"https:\/\/gfh-gmbh.de\/fr\/wp-json\/wp\/v2\/pages"}],"about":[{"href":"https:\/\/gfh-gmbh.de\/fr\/wp-json\/wp\/v2\/types\/page"}],"author":[{"embeddable":true,"href":"https:\/\/gfh-gmbh.de\/fr\/wp-json\/wp\/v2\/users\/1"}],"replies":[{"embeddable":true,"href":"https:\/\/gfh-gmbh.de\/fr\/wp-json\/wp\/v2\/comments?post=19711"}],"version-history":[{"count":27,"href":"https:\/\/gfh-gmbh.de\/fr\/wp-json\/wp\/v2\/pages\/19711\/revisions"}],"predecessor-version":[{"id":21745,"href":"https:\/\/gfh-gmbh.de\/fr\/wp-json\/wp\/v2\/pages\/19711\/revisions\/21745"}],"up":[{"embeddable":true,"href":"https:\/\/gfh-gmbh.de\/fr\/wp-json\/wp\/v2\/pages\/19701"}],"wp:attachment":[{"href":"https:\/\/gfh-gmbh.de\/fr\/wp-json\/wp\/v2\/media?parent=19711"}],"curies":[{"name":"wp","href":"https:\/\/api.w.org\/{rel}","templated":true}]}}