{"id":19721,"date":"2021-04-19T13:51:11","date_gmt":"2021-04-19T11:51:11","guid":{"rendered":"https:\/\/gfh-gmbh.de\/procedes\/decoupe\/"},"modified":"2025-11-21T10:40:05","modified_gmt":"2025-11-21T09:40:05","slug":"decoupe","status":"publish","type":"page","link":"https:\/\/gfh-gmbh.de\/fr\/procedes\/decoupe\/","title":{"rendered":"D\u00e9coupe"},"content":{"rendered":"<p><div class=\"fusion-fullwidth fullwidth-box fusion-builder-row-1 fusion-flex-container nonhundred-percent-fullwidth non-hundred-percent-height-scrolling\" style=\"--awb-border-radius-top-left:0px;--awb-border-radius-top-right:0px;--awb-border-radius-bottom-right:0px;--awb-border-radius-bottom-left:0px;--awb-margin-top:4%;--awb-background-color:rgba(255,255,255,0);--awb-flex-wrap:wrap;\" ><div class=\"fusion-builder-row fusion-row fusion-flex-align-items-flex-start fusion-flex-content-wrap\" style=\"max-width:1456px;margin-left: calc(-4% \/ 2 );margin-right: calc(-4% \/ 2 );\"><div class=\"fusion-layout-column fusion_builder_column fusion-builder-column-0 fusion_builder_column_1_1 1_1 fusion-flex-column\" style=\"--awb-bg-color:#ffffff;--awb-bg-color-hover:#ffffff;--awb-bg-size:cover;--awb-width-large:100%;--awb-margin-top-large:0px;--awb-spacing-right-large:1.92%;--awb-margin-bottom-large:4%;--awb-spacing-left-large:1.92%;--awb-width-medium:100%;--awb-order-medium:0;--awb-spacing-right-medium:1.92%;--awb-spacing-left-medium:1.92%;--awb-width-small:100%;--awb-order-small:0;--awb-spacing-right-small:1.92%;--awb-spacing-left-small:1.92%;\"><div class=\"fusion-column-wrapper fusion-column-has-shadow fusion-flex-justify-content-flex-start fusion-content-layout-column\"><div class=\"fusion-title title fusion-title-1 fusion-sep-none fusion-title-center fusion-title-text fusion-title-size-one uppercase\" style=\"--awb-margin-top-small:10px;--awb-margin-right-small:0px;--awb-margin-bottom-small:10px;--awb-margin-left-small:0px;\"><h1 class=\"fusion-title-heading title-heading-center\" style=\"margin:0;\">D\u00e9coupe de pr\u00e9cision<\/h1><\/div><div class=\"fusion-text fusion-text-1\" style=\"--awb-content-alignment:justify;--awb-text-transform:none;--awb-margin-top:4%;\"><p>Lors de la <strong>d\u00e9coupe de pr\u00e9cision<\/strong> avec un <strong>laser \u00e0 impulsions ultra courtes<\/strong>, le mat\u00e9riau est \u00e9vapor\u00e9 au niveau du trait de coupe. Cela permet d&rsquo;\u00e9viter que des r\u00e9sidus de fusion ne se d\u00e9posent sur le bord de coupe et ne nuisent ainsi \u00e0 la qualit\u00e9 du r\u00e9sultat. Ce processus permet de r\u00e9aliser des d\u00e9coupes sans bavures, sans impact thermique, ce qui en fait une solution id\u00e9ale pour la d\u00e9coupe de petites pi\u00e8ces de haute pr\u00e9cision dans tous types de mat\u00e9riaux, y compris les mat\u00e9riaux fragiles ou sensibles \u00e0 la temp\u00e9rature.  <\/p>\n<p>En combinaison avec les syst\u00e8mes d&rsquo;axes de haute pr\u00e9cision et l&rsquo;optique de tr\u00e9panation <a title=\"Optique de tr\u00e9panage GL.trepan\" href=\"https:\/\/gfh-gmbh.de\/fr\/machines-laser\/modules-hardware\/gl-trepan\/\">GL.trepan<\/a> de nos syst\u00e8mes de micro-usinage laser, m\u00eame les exigences les plus strictes en termes de tol\u00e9rances g\u00e9om\u00e9triques peuvent \u00eatre satisfaites, et l&rsquo;angle des parois peut \u00eatre r\u00e9gl\u00e9 pour obtenir des bords de coupe parfaitement perpendiculaires.<\/p>\n<\/div><\/div><\/div><div class=\"fusion-layout-column fusion_builder_column fusion-builder-column-1 fusion_builder_column_1_1 1_1 fusion-flex-column\" style=\"--awb-bg-size:cover;--awb-width-large:100%;--awb-margin-top-large:0px;--awb-spacing-right-large:1.92%;--awb-margin-bottom-large:0px;--awb-spacing-left-large:1.92%;--awb-width-medium:100%;--awb-order-medium:0;--awb-spacing-right-medium:1.92%;--awb-spacing-left-medium:1.92%;--awb-width-small:100%;--awb-order-small:0;--awb-spacing-right-small:1.92%;--awb-spacing-left-small:1.92%;\"><div class=\"fusion-column-wrapper fusion-column-has-shadow fusion-flex-justify-content-flex-start fusion-content-layout-column\"><div class=\"fusion-title title fusion-title-2 fusion-sep-none fusion-title-center fusion-title-text fusion-title-size-two\" style=\"--awb-margin-top-small:10px;--awb-margin-right-small:0px;--awb-margin-bottom-small:10px;--awb-margin-left-small:0px;\"><h2 class=\"fusion-title-heading title-heading-center\" style=\"margin:0;\">POINTS FORTS<\/h2><\/div><\/div><\/div><div class=\"fusion-layout-column fusion_builder_column fusion-builder-column-2 fusion_builder_column_1_3 1_3 fusion-flex-column\" style=\"--awb-bg-size:cover;--awb-width-large:33.333333333333%;--awb-margin-top-large:0px;--awb-spacing-right-large:5.76%;--awb-margin-bottom-large:0px;--awb-spacing-left-large:5.76%;--awb-width-medium:33.333333333333%;--awb-order-medium:0;--awb-spacing-right-medium:5.76%;--awb-spacing-left-medium:5.76%;--awb-width-small:100%;--awb-order-small:0;--awb-spacing-right-small:1.92%;--awb-spacing-left-small:1.92%;\"><div class=\"fusion-column-wrapper fusion-column-has-shadow fusion-flex-justify-content-flex-start fusion-content-layout-column\"><ul style=\"--awb-line-height:37.4px;--awb-icon-width:37.4px;--awb-icon-height:37.4px;--awb-icon-margin:15.4px;--awb-content-margin:52.8px;\" class=\"fusion-checklist fusion-checklist-1 fusion-checklist-default type-icons justify\"><li class=\"fusion-li-item\" style=\"\"><span class=\"icon-wrapper circle-no\"><i class=\"fusion-li-icon fa-check-square fas\" aria-hidden=\"true\"><\/i><\/span><div class=\"fusion-li-item-content\">\n<p style=\"text-align: left;\">Aucune formation de bavures<\/p>\n<\/div><\/li><li class=\"fusion-li-item\" style=\"\"><span class=\"icon-wrapper circle-no\"><i class=\"fusion-li-icon fa-check-square fas\" aria-hidden=\"true\"><\/i><\/span><div class=\"fusion-li-item-content\">Excellente qualit\u00e9 de coupe<\/div><\/li><\/ul><\/div><\/div><div class=\"fusion-layout-column fusion_builder_column fusion-builder-column-3 fusion_builder_column_1_3 1_3 fusion-flex-column\" style=\"--awb-bg-size:cover;--awb-width-large:33.333333333333%;--awb-margin-top-large:0px;--awb-spacing-right-large:5.76%;--awb-margin-bottom-large:0px;--awb-spacing-left-large:5.76%;--awb-width-medium:33.333333333333%;--awb-order-medium:0;--awb-spacing-right-medium:5.76%;--awb-spacing-left-medium:5.76%;--awb-width-small:100%;--awb-order-small:0;--awb-spacing-right-small:1.92%;--awb-spacing-left-small:1.92%;\"><div class=\"fusion-column-wrapper fusion-column-has-shadow fusion-flex-justify-content-flex-start fusion-content-layout-column\"><ul style=\"--awb-line-height:37.4px;--awb-icon-width:37.4px;--awb-icon-height:37.4px;--awb-icon-margin:15.4px;--awb-content-margin:52.8px;\" class=\"fusion-checklist fusion-checklist-2 fusion-checklist-default type-icons justify\"><li class=\"fusion-li-item\" style=\"\"><span class=\"icon-wrapper circle-no\"><i class=\"fusion-li-icon fa-check-square fas\" aria-hidden=\"true\"><\/i><\/span><div class=\"fusion-li-item-content\">Aucune zone affect\u00e9e thermiquement<\/div><\/li><li class=\"fusion-li-item\" style=\"\"><span class=\"icon-wrapper circle-no\"><i class=\"fusion-li-icon fa-check-square fas\" aria-hidden=\"true\"><\/i><\/span><div class=\"fusion-li-item-content\">Bords de coupe \u00e0 angle droit<\/div><\/li><\/ul><\/div><\/div><div class=\"fusion-layout-column fusion_builder_column fusion-builder-column-4 fusion_builder_column_1_3 1_3 fusion-flex-column\" style=\"--awb-bg-size:cover;--awb-width-large:33.333333333333%;--awb-margin-top-large:0px;--awb-spacing-right-large:5.76%;--awb-margin-bottom-large:0px;--awb-spacing-left-large:5.76%;--awb-width-medium:33.333333333333%;--awb-order-medium:0;--awb-spacing-right-medium:5.76%;--awb-spacing-left-medium:5.76%;--awb-width-small:100%;--awb-order-small:0;--awb-spacing-right-small:1.92%;--awb-spacing-left-small:1.92%;\"><div class=\"fusion-column-wrapper fusion-column-has-shadow fusion-flex-justify-content-flex-start fusion-content-layout-column\"><ul style=\"--awb-line-height:37.4px;--awb-icon-width:37.4px;--awb-icon-height:37.4px;--awb-icon-margin:15.4px;--awb-content-margin:52.8px;\" class=\"fusion-checklist fusion-checklist-3 fusion-checklist-default type-icons justify\"><li class=\"fusion-li-item\" style=\"\"><span class=\"icon-wrapper circle-no\"><i class=\"fusion-li-icon fa-check-square fas\" aria-hidden=\"true\"><\/i><\/span><div class=\"fusion-li-item-content\">Largeur de fente de coupe r\u00e9glable<\/div><\/li><li class=\"fusion-li-item\" style=\"\"><span class=\"icon-wrapper circle-no\"><i class=\"fusion-li-icon fa-check-square fas\" aria-hidden=\"true\"><\/i><\/span><div class=\"fusion-li-item-content\">Aucune force m\u00e9canique appliqu\u00e9e<\/div><\/li><\/ul><\/div><\/div><\/div><\/div><main class=\"fusion-fullwidth fullwidth-box fusion-builder-row-2 fusion-flex-container hundred-percent-fullwidth non-hundred-percent-height-scrolling\" style=\"--awb-border-radius-top-left:0px;--awb-border-radius-top-right:0px;--awb-border-radius-bottom-right:0px;--awb-border-radius-bottom-left:0px;--awb-margin-top:4%;--awb-flex-wrap:wrap;\" ><div class=\"fusion-builder-row fusion-row fusion-flex-align-items-flex-start fusion-flex-justify-content-center fusion-flex-content-wrap\" style=\"width:104% !important;max-width:104% !important;margin-left: calc(-4% \/ 2 );margin-right: calc(-4% \/ 2 );\"><div class=\"fusion-layout-column fusion_builder_column fusion-builder-column-5 fusion_builder_column_1_1 1_1 fusion-flex-column\" style=\"--awb-bg-size:cover;--awb-width-large:100%;--awb-margin-top-large:0px;--awb-spacing-right-large:1.92%;--awb-margin-bottom-large:4%;--awb-spacing-left-large:1.92%;--awb-width-medium:100%;--awb-order-medium:0;--awb-spacing-right-medium:1.92%;--awb-spacing-left-medium:1.92%;--awb-width-small:100%;--awb-order-small:0;--awb-spacing-right-small:1.92%;--awb-spacing-left-small:1.92%;\"><div class=\"fusion-column-wrapper fusion-column-has-shadow fusion-flex-justify-content-flex-start fusion-content-layout-column\"><div class=\"fusion-title title fusion-title-3 fusion-sep-none fusion-title-center fusion-title-text fusion-title-size-three\" style=\"--awb-margin-top-small:10px;--awb-margin-right-small:0px;--awb-margin-bottom-small:10px;--awb-margin-left-small:0px;\"><h3 class=\"fusion-title-heading title-heading-center\" style=\"margin:0;\">IMAGES PRODUIT<\/h3><\/div><div class=\"awb-gallery-wrapper awb-gallery-wrapper-1 button-span-no\" style=\"--more-btn-alignment:center;\"><div style=\"margin:-15px;--awb-bordersize:0px;\" class=\"fusion-gallery fusion-gallery-container fusion-grid-3 fusion-columns-total-6 fusion-gallery-layout-grid fusion-gallery-1\"><div style=\"padding:15px;\" class=\"fusion-grid-column fusion-gallery-column fusion-gallery-column-3 hover-type-none\"><div class=\"fusion-gallery-image\"><a href=\"https:\/\/gfh-gmbh.de\/wp-content\/uploads\/Decoupe-fine-lame-medicale.png\" rel=\"noreferrer\" data-rel=\"iLightbox[gallery_image_1]\" class=\"fusion-lightbox\" target=\"_self\"><img decoding=\"async\" src=\"https:\/\/gfh-gmbh.de\/wp-content\/uploads\/Decoupe-fine-lame-medicale.png\" width=\"1024\" height=\"1024\" alt=\"D\u00e9coupe fine lame m\u00e9dicale\" title=\"D\u00e9coupe fine lame m\u00e9dicale\" aria-label=\"D\u00e9coupe fine lame m\u00e9dicale\" class=\"img-responsive wp-image-19722\" srcset=\"https:\/\/gfh-gmbh.de\/wp-content\/uploads\/Decoupe-fine-lame-medicale-200x200.png 200w, https:\/\/gfh-gmbh.de\/wp-content\/uploads\/Decoupe-fine-lame-medicale-400x400.png 400w, https:\/\/gfh-gmbh.de\/wp-content\/uploads\/Decoupe-fine-lame-medicale-600x600.png 600w, https:\/\/gfh-gmbh.de\/wp-content\/uploads\/Decoupe-fine-lame-medicale-800x800.png 800w, https:\/\/gfh-gmbh.de\/wp-content\/uploads\/Decoupe-fine-lame-medicale.png 1024w\" sizes=\"(min-width: 2200px) 100vw, (min-width: 784px) 457px, (min-width: 712px) 685px, (min-width: 640px) 712px, \" \/><\/a><\/div><\/div><div style=\"padding:15px;\" class=\"fusion-grid-column fusion-gallery-column fusion-gallery-column-3 hover-type-none\"><div class=\"fusion-gallery-image\"><a href=\"https:\/\/gfh-gmbh.de\/wp-content\/uploads\/Decoupe-fine-trou-de-centrage-roue-dhorloge.png\" rel=\"noreferrer\" data-rel=\"iLightbox[gallery_image_1]\" class=\"fusion-lightbox\" target=\"_self\"><img decoding=\"async\" src=\"https:\/\/gfh-gmbh.de\/wp-content\/uploads\/Decoupe-fine-trou-de-centrage-roue-dhorloge.png\" width=\"1024\" height=\"1024\" alt=\"D\u00e9coupe fine trou de centrage roue d\u2019horloge\" title=\"D\u00e9coupe fine trou de centrage roue d\u2019horloge\" aria-label=\"D\u00e9coupe fine trou de centrage roue d\u2019horloge\" class=\"img-responsive wp-image-19723\" srcset=\"https:\/\/gfh-gmbh.de\/wp-content\/uploads\/Decoupe-fine-trou-de-centrage-roue-dhorloge-200x200.png 200w, https:\/\/gfh-gmbh.de\/wp-content\/uploads\/Decoupe-fine-trou-de-centrage-roue-dhorloge-400x400.png 400w, https:\/\/gfh-gmbh.de\/wp-content\/uploads\/Decoupe-fine-trou-de-centrage-roue-dhorloge-600x600.png 600w, https:\/\/gfh-gmbh.de\/wp-content\/uploads\/Decoupe-fine-trou-de-centrage-roue-dhorloge-800x800.png 800w, https:\/\/gfh-gmbh.de\/wp-content\/uploads\/Decoupe-fine-trou-de-centrage-roue-dhorloge.png 1024w\" sizes=\"(min-width: 2200px) 100vw, (min-width: 784px) 457px, (min-width: 712px) 685px, (min-width: 640px) 712px, \" \/><\/a><\/div><\/div><div style=\"padding:15px;\" class=\"fusion-grid-column fusion-gallery-column fusion-gallery-column-3 hover-type-none\"><div class=\"fusion-gallery-image\"><a href=\"https:\/\/gfh-gmbh.de\/wp-content\/uploads\/Decoupe-fine-arete-de-coupe-bracelet-de-montre.png\" rel=\"noreferrer\" data-rel=\"iLightbox[gallery_image_1]\" class=\"fusion-lightbox\" target=\"_self\"><img decoding=\"async\" src=\"https:\/\/gfh-gmbh.de\/wp-content\/uploads\/Decoupe-fine-arete-de-coupe-bracelet-de-montre.png\" width=\"1024\" height=\"1024\" alt=\"D\u00e9coupe fine ar\u00eate de coupe bracelet de montre\" title=\"D\u00e9coupe fine ar\u00eate de coupe bracelet de montre\" aria-label=\"D\u00e9coupe fine ar\u00eate de coupe bracelet de montre\" class=\"img-responsive wp-image-19724\" srcset=\"https:\/\/gfh-gmbh.de\/wp-content\/uploads\/Decoupe-fine-arete-de-coupe-bracelet-de-montre-200x200.png 200w, https:\/\/gfh-gmbh.de\/wp-content\/uploads\/Decoupe-fine-arete-de-coupe-bracelet-de-montre-400x400.png 400w, https:\/\/gfh-gmbh.de\/wp-content\/uploads\/Decoupe-fine-arete-de-coupe-bracelet-de-montre-600x600.png 600w, https:\/\/gfh-gmbh.de\/wp-content\/uploads\/Decoupe-fine-arete-de-coupe-bracelet-de-montre-800x800.png 800w, https:\/\/gfh-gmbh.de\/wp-content\/uploads\/Decoupe-fine-arete-de-coupe-bracelet-de-montre.png 1024w\" sizes=\"(min-width: 2200px) 100vw, (min-width: 784px) 457px, (min-width: 712px) 685px, (min-width: 640px) 712px, \" \/><\/a><\/div><\/div><div class=\"clearfix\"><\/div><div style=\"padding:15px;\" class=\"fusion-grid-column fusion-gallery-column fusion-gallery-column-3 hover-type-none\"><div class=\"fusion-gallery-image\"><a href=\"https:\/\/gfh-gmbh.de\/wp-content\/uploads\/Decoupe-fine-arete-de-coupe-acier.png\" rel=\"noreferrer\" data-rel=\"iLightbox[gallery_image_1]\" class=\"fusion-lightbox\" target=\"_self\"><img decoding=\"async\" src=\"https:\/\/gfh-gmbh.de\/wp-content\/uploads\/Decoupe-fine-arete-de-coupe-acier.png\" width=\"1024\" height=\"1024\" alt=\"D\u00e9coupe fine ar\u00eate de coupe acier\" title=\"D\u00e9coupe fine ar\u00eate de coupe acier\" aria-label=\"D\u00e9coupe fine ar\u00eate de coupe acier\" class=\"img-responsive wp-image-19725\" srcset=\"https:\/\/gfh-gmbh.de\/wp-content\/uploads\/Decoupe-fine-arete-de-coupe-acier-200x200.png 200w, https:\/\/gfh-gmbh.de\/wp-content\/uploads\/Decoupe-fine-arete-de-coupe-acier-400x400.png 400w, https:\/\/gfh-gmbh.de\/wp-content\/uploads\/Decoupe-fine-arete-de-coupe-acier-600x600.png 600w, https:\/\/gfh-gmbh.de\/wp-content\/uploads\/Decoupe-fine-arete-de-coupe-acier-800x800.png 800w, https:\/\/gfh-gmbh.de\/wp-content\/uploads\/Decoupe-fine-arete-de-coupe-acier.png 1024w\" sizes=\"(min-width: 2200px) 100vw, (min-width: 784px) 457px, (min-width: 712px) 685px, (min-width: 640px) 712px, \" \/><\/a><\/div><\/div><div style=\"padding:15px;\" class=\"fusion-grid-column fusion-gallery-column fusion-gallery-column-3 hover-type-none\"><div class=\"fusion-gallery-image\"><a href=\"https:\/\/gfh-gmbh.de\/wp-content\/uploads\/Decoupe-fine-acier-inoxydable.png\" rel=\"noreferrer\" data-rel=\"iLightbox[gallery_image_1]\" class=\"fusion-lightbox\" target=\"_self\"><img decoding=\"async\" src=\"https:\/\/gfh-gmbh.de\/wp-content\/uploads\/Decoupe-fine-acier-inoxydable.png\" width=\"1024\" height=\"1024\" alt=\"D\u00e9coupe fine acier inoxydable\" title=\"D\u00e9coupe fine acier inoxydable\" aria-label=\"D\u00e9coupe fine acier inoxydable\" class=\"img-responsive wp-image-19726\" srcset=\"https:\/\/gfh-gmbh.de\/wp-content\/uploads\/Decoupe-fine-acier-inoxydable-200x200.png 200w, https:\/\/gfh-gmbh.de\/wp-content\/uploads\/Decoupe-fine-acier-inoxydable-400x400.png 400w, https:\/\/gfh-gmbh.de\/wp-content\/uploads\/Decoupe-fine-acier-inoxydable-600x600.png 600w, https:\/\/gfh-gmbh.de\/wp-content\/uploads\/Decoupe-fine-acier-inoxydable-800x800.png 800w, https:\/\/gfh-gmbh.de\/wp-content\/uploads\/Decoupe-fine-acier-inoxydable.png 1024w\" sizes=\"(min-width: 2200px) 100vw, (min-width: 784px) 457px, (min-width: 712px) 685px, (min-width: 640px) 712px, \" \/><\/a><\/div><\/div><div style=\"padding:15px;\" class=\"fusion-grid-column fusion-gallery-column fusion-gallery-column-3 hover-type-none\"><div class=\"fusion-gallery-image\"><a href=\"https:\/\/gfh-gmbh.de\/wp-content\/uploads\/Decoupe-fine-trous-carres.png\" rel=\"noreferrer\" data-rel=\"iLightbox[gallery_image_1]\" class=\"fusion-lightbox\" target=\"_self\"><img decoding=\"async\" src=\"https:\/\/gfh-gmbh.de\/wp-content\/uploads\/Decoupe-fine-trous-carres.png\" width=\"1024\" height=\"1024\" alt=\"D\u00e9coupe fine trous carr\u00e9s\" title=\"D\u00e9coupe fine trous carr\u00e9s\" aria-label=\"D\u00e9coupe fine trous carr\u00e9s\" class=\"img-responsive wp-image-19727\" srcset=\"https:\/\/gfh-gmbh.de\/wp-content\/uploads\/Decoupe-fine-trous-carres-200x200.png 200w, https:\/\/gfh-gmbh.de\/wp-content\/uploads\/Decoupe-fine-trous-carres-400x400.png 400w, https:\/\/gfh-gmbh.de\/wp-content\/uploads\/Decoupe-fine-trous-carres-600x600.png 600w, https:\/\/gfh-gmbh.de\/wp-content\/uploads\/Decoupe-fine-trous-carres-800x800.png 800w, https:\/\/gfh-gmbh.de\/wp-content\/uploads\/Decoupe-fine-trous-carres.png 1024w\" sizes=\"(min-width: 2200px) 100vw, (min-width: 784px) 457px, (min-width: 712px) 685px, (min-width: 640px) 712px, \" \/><\/a><\/div><\/div><div class=\"clearfix\"><\/div><\/div><\/div><\/div><\/div><\/div><\/main><\/p>\n","protected":false},"excerpt":{"rendered":"","protected":false},"author":1,"featured_media":0,"parent":19701,"menu_order":0,"comment_status":"closed","ping_status":"closed","template":"100-width.php","meta":{"footnotes":""},"class_list":["post-19721","page","type-page","status-publish","hentry"],"_links":{"self":[{"href":"https:\/\/gfh-gmbh.de\/fr\/wp-json\/wp\/v2\/pages\/19721","targetHints":{"allow":["GET"]}}],"collection":[{"href":"https:\/\/gfh-gmbh.de\/fr\/wp-json\/wp\/v2\/pages"}],"about":[{"href":"https:\/\/gfh-gmbh.de\/fr\/wp-json\/wp\/v2\/types\/page"}],"author":[{"embeddable":true,"href":"https:\/\/gfh-gmbh.de\/fr\/wp-json\/wp\/v2\/users\/1"}],"replies":[{"embeddable":true,"href":"https:\/\/gfh-gmbh.de\/fr\/wp-json\/wp\/v2\/comments?post=19721"}],"version-history":[{"count":21,"href":"https:\/\/gfh-gmbh.de\/fr\/wp-json\/wp\/v2\/pages\/19721\/revisions"}],"predecessor-version":[{"id":21196,"href":"https:\/\/gfh-gmbh.de\/fr\/wp-json\/wp\/v2\/pages\/19721\/revisions\/21196"}],"up":[{"embeddable":true,"href":"https:\/\/gfh-gmbh.de\/fr\/wp-json\/wp\/v2\/pages\/19701"}],"wp:attachment":[{"href":"https:\/\/gfh-gmbh.de\/fr\/wp-json\/wp\/v2\/media?parent=19721"}],"curies":[{"name":"wp","href":"https:\/\/api.w.org\/{rel}","templated":true}]}}