{"id":19731,"date":"2021-05-17T13:57:30","date_gmt":"2021-05-17T11:57:30","guid":{"rendered":"https:\/\/gfh-gmbh.de\/procedes\/tournage-laser\/"},"modified":"2025-11-21T10:57:36","modified_gmt":"2025-11-21T09:57:36","slug":"tournage-laser","status":"publish","type":"page","link":"https:\/\/gfh-gmbh.de\/fr\/procedes\/tournage-laser\/","title":{"rendered":"Tournage laser"},"content":{"rendered":"<p><div class=\"fusion-fullwidth fullwidth-box fusion-builder-row-1 fusion-flex-container nonhundred-percent-fullwidth non-hundred-percent-height-scrolling\" style=\"--awb-border-radius-top-left:0px;--awb-border-radius-top-right:0px;--awb-border-radius-bottom-right:0px;--awb-border-radius-bottom-left:0px;--awb-margin-top:4%;--awb-background-color:rgba(255,255,255,0);--awb-flex-wrap:wrap;\" ><div class=\"fusion-builder-row fusion-row fusion-flex-align-items-flex-start fusion-flex-content-wrap\" style=\"max-width:1456px;margin-left: calc(-4% \/ 2 );margin-right: calc(-4% \/ 2 );\"><div class=\"fusion-layout-column fusion_builder_column fusion-builder-column-0 fusion_builder_column_1_1 1_1 fusion-flex-column\" style=\"--awb-bg-color:#ffffff;--awb-bg-color-hover:#ffffff;--awb-bg-size:cover;--awb-width-large:100%;--awb-margin-top-large:0px;--awb-spacing-right-large:1.92%;--awb-margin-bottom-large:4%;--awb-spacing-left-large:1.92%;--awb-width-medium:100%;--awb-order-medium:0;--awb-spacing-right-medium:1.92%;--awb-spacing-left-medium:1.92%;--awb-width-small:100%;--awb-order-small:0;--awb-spacing-right-small:1.92%;--awb-spacing-left-small:1.92%;\"><div class=\"fusion-column-wrapper fusion-column-has-shadow fusion-flex-justify-content-flex-start fusion-content-layout-column\"><div class=\"fusion-title title fusion-title-1 fusion-sep-none fusion-title-center fusion-title-text fusion-title-size-one uppercase\" style=\"--awb-margin-top-small:10px;--awb-margin-right-small:0px;--awb-margin-bottom-small:10px;--awb-margin-left-small:0px;\"><h1 class=\"fusion-title-heading title-heading-center\" style=\"margin:0;\">Tournage laser<\/h1><\/div><div class=\"fusion-text fusion-text-1\" style=\"--awb-content-alignment:justify;--awb-text-transform:none;--awb-margin-top:4%;\"><p>Le tournage laser permet de fabriquer des pi\u00e8ces de r\u00e9volution aux diam\u00e8tres les plus infimes, quel que soit le mat\u00e9riau utilis\u00e9. Au c\u0153ur de ce proc\u00e9d\u00e9 se trouve l\u2019association d\u2019une ablation par laser contr\u00f4l\u00e9 et d\u2019un axe de rotation tr\u00e8s pr\u00e9cis. <\/p>\n<p>Gr\u00e2ce \u00e0 l\u2019usinage sans contact, la pi\u00e8ce reste totalement pr\u00e9serv\u00e9e de toute contrainte m\u00e9canique ou d\u00e9formation tout au long du processus. Ainsi, m\u00eame les composants les plus fins conservent une pr\u00e9cision optimale, y compris ceux pr\u00e9sentant un grand porte-\u00e0-faux. L\u2019ajustement des <strong>impulsions laser<\/strong> en fonction de la position de la pi\u00e8ce permet \u00e9galement de ma\u00eetriser l\u2019apport thermique, \u00e9vitant tout risque de surchauffe et de tensions thermiques ind\u00e9sirables. De plus, les excellentes qualit\u00e9s de surface obtenues en <strong>usinage laser<\/strong> planaire sont totalement conserv\u00e9es, voire am\u00e9lior\u00e9es, avec ce proc\u00e9d\u00e9.   <\/p>\n<p>Le tournage laser s\u2019int\u00e8gre parfaitement dans une cha\u00eene de production multiaxes. Gr\u00e2ce \u00e0 l\u2019usinage 5 axes, il est possible de combiner plusieurs op\u00e9rations laser telles que la gravure, la d\u00e9coupe, le per\u00e7age ou encore la texturation, sans devoir repositionnement de la pi\u00e8ce.<\/p>\n<\/div><\/div><\/div><div class=\"fusion-layout-column fusion_builder_column fusion-builder-column-1 fusion_builder_column_1_1 1_1 fusion-flex-column\" style=\"--awb-bg-size:cover;--awb-width-large:100%;--awb-margin-top-large:0px;--awb-spacing-right-large:1.92%;--awb-margin-bottom-large:0px;--awb-spacing-left-large:1.92%;--awb-width-medium:100%;--awb-order-medium:0;--awb-spacing-right-medium:1.92%;--awb-spacing-left-medium:1.92%;--awb-width-small:100%;--awb-order-small:0;--awb-spacing-right-small:1.92%;--awb-spacing-left-small:1.92%;\"><div class=\"fusion-column-wrapper fusion-column-has-shadow fusion-flex-justify-content-flex-start fusion-content-layout-column\"><div class=\"fusion-title title fusion-title-2 fusion-sep-none fusion-title-center fusion-title-text fusion-title-size-two\" style=\"--awb-margin-top-small:10px;--awb-margin-right-small:0px;--awb-margin-bottom-small:10px;--awb-margin-left-small:0px;\"><h2 class=\"fusion-title-heading title-heading-center\" style=\"margin:0;\">POINTS FORTS<\/h2><\/div><\/div><\/div><div class=\"fusion-layout-column fusion_builder_column fusion-builder-column-2 fusion_builder_column_1_3 1_3 fusion-flex-column\" style=\"--awb-bg-size:cover;--awb-width-large:33.333333333333%;--awb-margin-top-large:0px;--awb-spacing-right-large:5.76%;--awb-margin-bottom-large:0px;--awb-spacing-left-large:5.76%;--awb-width-medium:33.333333333333%;--awb-order-medium:0;--awb-spacing-right-medium:5.76%;--awb-spacing-left-medium:5.76%;--awb-width-small:100%;--awb-order-small:0;--awb-spacing-right-small:1.92%;--awb-spacing-left-small:1.92%;\"><div class=\"fusion-column-wrapper fusion-column-has-shadow fusion-flex-justify-content-flex-start fusion-content-layout-column\"><ul style=\"--awb-line-height:37.4px;--awb-icon-width:37.4px;--awb-icon-height:37.4px;--awb-icon-margin:15.4px;--awb-content-margin:52.8px;\" class=\"fusion-checklist fusion-checklist-1 fusion-checklist-default type-icons justify\"><li class=\"fusion-li-item\" style=\"\"><span class=\"icon-wrapper circle-no\"><i class=\"fusion-li-icon fa-check-square fas\" aria-hidden=\"true\"><\/i><\/span><div class=\"fusion-li-item-content\">Aucune contrainte m\u00e9canique : le traitement s\u2019effectue sans contact, ce qui pr\u00e9serve l\u2019int\u00e9grit\u00e9 des pi\u00e8ces.<\/div><\/li><li class=\"fusion-li-item\" style=\"\"><span class=\"icon-wrapper circle-no\"><i class=\"fusion-li-icon fa-check-square fas\" aria-hidden=\"true\"><\/i><\/span><div class=\"fusion-li-item-content\">\n<p>Aucune restriction sur les mat\u00e9riaux : convient \u00e0 tous types de mat\u00e9riaux, m\u00eame les plus exigeants.<\/p>\n<\/div><\/li><\/ul><\/div><\/div><div class=\"fusion-layout-column fusion_builder_column fusion-builder-column-3 fusion_builder_column_1_3 1_3 fusion-flex-column\" style=\"--awb-bg-size:cover;--awb-width-large:33.333333333333%;--awb-margin-top-large:0px;--awb-spacing-right-large:5.76%;--awb-margin-bottom-large:0px;--awb-spacing-left-large:5.76%;--awb-width-medium:33.333333333333%;--awb-order-medium:0;--awb-spacing-right-medium:5.76%;--awb-spacing-left-medium:5.76%;--awb-width-small:100%;--awb-order-small:0;--awb-spacing-right-small:1.92%;--awb-spacing-left-small:1.92%;\"><div class=\"fusion-column-wrapper fusion-column-has-shadow fusion-flex-justify-content-flex-start fusion-content-layout-column\"><ul style=\"--awb-line-height:37.4px;--awb-icon-width:37.4px;--awb-icon-height:37.4px;--awb-icon-margin:15.4px;--awb-content-margin:52.8px;\" class=\"fusion-checklist fusion-checklist-2 fusion-checklist-default type-icons justify\"><li class=\"fusion-li-item\" style=\"\"><span class=\"icon-wrapper circle-no\"><i class=\"fusion-li-icon fa-check-square fas\" aria-hidden=\"true\"><\/i><\/span><div class=\"fusion-li-item-content\">\n<p>Pr\u00e9cision extr\u00eame : d\u00e9viation de circularit\u00e9 inf\u00e9rieure &lt; 1 \u00b5m.<\/p>\n<\/div><\/li><li class=\"fusion-li-item\" style=\"\"><span class=\"icon-wrapper circle-no\"><i class=\"fusion-li-icon fa-check-square fas\" aria-hidden=\"true\"><\/i><\/span><div class=\"fusion-li-item-content\">\n<p>Finition de surface exceptionnelle : rugosit\u00e9 jusqu\u2019\u00e0 Ra &lt; 0,05 \u00b5m<\/p>\n<\/div><\/li><li class=\"fusion-li-item\" style=\"\"><span class=\"icon-wrapper circle-no\"><i class=\"fusion-li-icon fa-check-square fas\" aria-hidden=\"true\"><\/i><\/span><div class=\"fusion-li-item-content\">\n<p style=\"text-align: left;\">\u00c9bauche et finition en un seul processus : sans compromis sur la qualit\u00e9.<\/p>\n<\/div><\/li><\/ul><\/div><\/div><div class=\"fusion-layout-column fusion_builder_column fusion-builder-column-4 fusion_builder_column_1_3 1_3 fusion-flex-column\" style=\"--awb-bg-size:cover;--awb-width-large:33.333333333333%;--awb-margin-top-large:0px;--awb-spacing-right-large:5.76%;--awb-margin-bottom-large:0px;--awb-spacing-left-large:5.76%;--awb-width-medium:33.333333333333%;--awb-order-medium:0;--awb-spacing-right-medium:5.76%;--awb-spacing-left-medium:5.76%;--awb-width-small:100%;--awb-order-small:0;--awb-spacing-right-small:1.92%;--awb-spacing-left-small:1.92%;\"><div class=\"fusion-column-wrapper fusion-column-has-shadow fusion-flex-justify-content-flex-start fusion-content-layout-column\"><ul style=\"--awb-line-height:37.4px;--awb-icon-width:37.4px;--awb-icon-height:37.4px;--awb-icon-margin:15.4px;--awb-content-margin:52.8px;\" class=\"fusion-checklist fusion-checklist-3 fusion-checklist-default type-icons justify\"><li class=\"fusion-li-item\" style=\"\"><span class=\"icon-wrapper circle-no\"><i class=\"fusion-li-icon fa-check-square fas\" aria-hidden=\"true\"><\/i><\/span><div class=\"fusion-li-item-content\">Int\u00e9gration facile : peut \u00eatre combin\u00e9e \u00e0 d\u2019autres proc\u00e9d\u00e9s sans repositionnement.<\/div><\/li><li class=\"fusion-li-item\" style=\"\"><span class=\"icon-wrapper circle-no\"><i class=\"fusion-li-icon fa-check-square fas\" aria-hidden=\"true\"><\/i><\/span><div class=\"fusion-li-item-content\">\n<p>Outils ultrafins : diam\u00e8tre des outils jusqu\u2019\u00e0 moins &lt; 20 \u00b5m.<\/p>\n<\/div><\/li><\/ul><\/div><\/div><\/div><\/div><main class=\"fusion-fullwidth fullwidth-box fusion-builder-row-2 fusion-flex-container hundred-percent-fullwidth non-hundred-percent-height-scrolling\" style=\"--awb-border-radius-top-left:0px;--awb-border-radius-top-right:0px;--awb-border-radius-bottom-right:0px;--awb-border-radius-bottom-left:0px;--awb-margin-top:4%;--awb-flex-wrap:wrap;\" ><div class=\"fusion-builder-row fusion-row fusion-flex-align-items-flex-start fusion-flex-justify-content-center fusion-flex-content-wrap\" style=\"width:104% !important;max-width:104% !important;margin-left: calc(-4% \/ 2 );margin-right: calc(-4% \/ 2 );\"><div class=\"fusion-layout-column fusion_builder_column fusion-builder-column-5 fusion_builder_column_1_1 1_1 fusion-flex-column\" style=\"--awb-bg-size:cover;--awb-width-large:100%;--awb-margin-top-large:0px;--awb-spacing-right-large:1.92%;--awb-margin-bottom-large:4%;--awb-spacing-left-large:1.92%;--awb-width-medium:100%;--awb-order-medium:0;--awb-spacing-right-medium:1.92%;--awb-spacing-left-medium:1.92%;--awb-width-small:100%;--awb-order-small:0;--awb-spacing-right-small:1.92%;--awb-spacing-left-small:1.92%;\"><div class=\"fusion-column-wrapper fusion-column-has-shadow fusion-flex-justify-content-flex-start fusion-content-layout-column\"><div class=\"fusion-title title fusion-title-3 fusion-sep-none fusion-title-center fusion-title-text fusion-title-size-three\" style=\"--awb-margin-top-small:10px;--awb-margin-right-small:0px;--awb-margin-bottom-small:10px;--awb-margin-left-small:0px;\"><h3 class=\"fusion-title-heading title-heading-center\" style=\"margin:0;\">IMAGES PRODUIT<\/h3><\/div><div class=\"awb-gallery-wrapper awb-gallery-wrapper-1 button-span-no\" style=\"--more-btn-alignment:center;\"><div style=\"margin:-15px;--awb-bordersize:0px;\" class=\"fusion-gallery fusion-gallery-container fusion-grid-3 fusion-columns-total-9 fusion-gallery-layout-grid fusion-gallery-1\"><div style=\"padding:15px;\" class=\"fusion-grid-column fusion-gallery-column fusion-gallery-column-3 hover-type-none\"><div class=\"fusion-gallery-image\"><a href=\"https:\/\/gfh-gmbh.de\/wp-content\/uploads\/Tournage-laser-axe-dhorloge.png\" rel=\"noreferrer\" data-rel=\"iLightbox[gallery_image_1]\" class=\"fusion-lightbox\" target=\"_self\"><img decoding=\"async\" src=\"https:\/\/gfh-gmbh.de\/wp-content\/uploads\/Tournage-laser-axe-dhorloge.png\" width=\"1024\" height=\"1024\" alt=\"Tournage laser axe d\u2019horloge\" title=\"Tournage laser axe d\u2019horloge\" aria-label=\"Tournage laser axe d\u2019horloge\" class=\"img-responsive wp-image-19732\" srcset=\"https:\/\/gfh-gmbh.de\/wp-content\/uploads\/Tournage-laser-axe-dhorloge-200x200.png 200w, https:\/\/gfh-gmbh.de\/wp-content\/uploads\/Tournage-laser-axe-dhorloge-400x400.png 400w, https:\/\/gfh-gmbh.de\/wp-content\/uploads\/Tournage-laser-axe-dhorloge-600x600.png 600w, https:\/\/gfh-gmbh.de\/wp-content\/uploads\/Tournage-laser-axe-dhorloge-800x800.png 800w, https:\/\/gfh-gmbh.de\/wp-content\/uploads\/Tournage-laser-axe-dhorloge.png 1024w\" sizes=\"(min-width: 2200px) 100vw, (min-width: 784px) 457px, (min-width: 712px) 685px, (min-width: 640px) 712px, \" \/><\/a><\/div><\/div><div style=\"padding:15px;\" class=\"fusion-grid-column fusion-gallery-column fusion-gallery-column-3 hover-type-none\"><div class=\"fusion-gallery-image\"><a href=\"https:\/\/gfh-gmbh.de\/wp-content\/uploads\/Tournage-laser-insert-de-gaufrage.png\" rel=\"noreferrer\" data-rel=\"iLightbox[gallery_image_1]\" class=\"fusion-lightbox\" target=\"_self\"><img decoding=\"async\" src=\"https:\/\/gfh-gmbh.de\/wp-content\/uploads\/Tournage-laser-insert-de-gaufrage.png\" width=\"1024\" height=\"1024\" alt=\"Tournage laser insert de gaufrage\" title=\"Tournage laser insert de gaufrage\" aria-label=\"Tournage laser insert de gaufrage\" class=\"img-responsive wp-image-19733\" srcset=\"https:\/\/gfh-gmbh.de\/wp-content\/uploads\/Tournage-laser-insert-de-gaufrage-200x200.png 200w, https:\/\/gfh-gmbh.de\/wp-content\/uploads\/Tournage-laser-insert-de-gaufrage-400x400.png 400w, https:\/\/gfh-gmbh.de\/wp-content\/uploads\/Tournage-laser-insert-de-gaufrage-600x600.png 600w, https:\/\/gfh-gmbh.de\/wp-content\/uploads\/Tournage-laser-insert-de-gaufrage-800x800.png 800w, https:\/\/gfh-gmbh.de\/wp-content\/uploads\/Tournage-laser-insert-de-gaufrage.png 1024w\" sizes=\"(min-width: 2200px) 100vw, (min-width: 784px) 457px, (min-width: 712px) 685px, (min-width: 640px) 712px, \" \/><\/a><\/div><\/div><div style=\"padding:15px;\" class=\"fusion-grid-column fusion-gallery-column fusion-gallery-column-3 hover-type-none\"><div class=\"fusion-gallery-image\"><a href=\"https:\/\/gfh-gmbh.de\/wp-content\/uploads\/Tournage-laser-insert-de-gaufrage-carbure.png\" rel=\"noreferrer\" data-rel=\"iLightbox[gallery_image_1]\" class=\"fusion-lightbox\" target=\"_self\"><img decoding=\"async\" src=\"https:\/\/gfh-gmbh.de\/wp-content\/uploads\/Tournage-laser-insert-de-gaufrage-carbure.png\" width=\"1024\" height=\"1024\" alt=\"Tournage laser insert de gaufrage carbure\" title=\"Tournage laser insert de gaufrage carbure\" aria-label=\"Tournage laser insert de gaufrage carbure\" class=\"img-responsive wp-image-19734\" srcset=\"https:\/\/gfh-gmbh.de\/wp-content\/uploads\/Tournage-laser-insert-de-gaufrage-carbure-200x200.png 200w, https:\/\/gfh-gmbh.de\/wp-content\/uploads\/Tournage-laser-insert-de-gaufrage-carbure-400x400.png 400w, https:\/\/gfh-gmbh.de\/wp-content\/uploads\/Tournage-laser-insert-de-gaufrage-carbure-600x600.png 600w, https:\/\/gfh-gmbh.de\/wp-content\/uploads\/Tournage-laser-insert-de-gaufrage-carbure-800x800.png 800w, https:\/\/gfh-gmbh.de\/wp-content\/uploads\/Tournage-laser-insert-de-gaufrage-carbure.png 1024w\" sizes=\"(min-width: 2200px) 100vw, (min-width: 784px) 457px, (min-width: 712px) 685px, (min-width: 640px) 712px, \" \/><\/a><\/div><\/div><div class=\"clearfix\"><\/div><div style=\"padding:15px;\" class=\"fusion-grid-column fusion-gallery-column fusion-gallery-column-3 hover-type-none\"><div class=\"fusion-gallery-image\"><a href=\"https:\/\/gfh-gmbh.de\/wp-content\/uploads\/Tournage-laser-piece-modele-trophee.png\" rel=\"noreferrer\" data-rel=\"iLightbox[gallery_image_1]\" class=\"fusion-lightbox\" target=\"_self\"><img decoding=\"async\" src=\"https:\/\/gfh-gmbh.de\/wp-content\/uploads\/Tournage-laser-piece-modele-trophee.png\" width=\"1024\" height=\"1024\" alt=\"Tournage laser pi\u00e8ce mod\u00e8le troph\u00e9e\" title=\"Tournage laser pi\u00e8ce mod\u00e8le troph\u00e9e\" aria-label=\"Tournage laser pi\u00e8ce mod\u00e8le troph\u00e9e\" class=\"img-responsive wp-image-19735\" srcset=\"https:\/\/gfh-gmbh.de\/wp-content\/uploads\/Tournage-laser-piece-modele-trophee-200x200.png 200w, https:\/\/gfh-gmbh.de\/wp-content\/uploads\/Tournage-laser-piece-modele-trophee-400x400.png 400w, https:\/\/gfh-gmbh.de\/wp-content\/uploads\/Tournage-laser-piece-modele-trophee-600x600.png 600w, https:\/\/gfh-gmbh.de\/wp-content\/uploads\/Tournage-laser-piece-modele-trophee-800x800.png 800w, https:\/\/gfh-gmbh.de\/wp-content\/uploads\/Tournage-laser-piece-modele-trophee.png 1024w\" sizes=\"(min-width: 2200px) 100vw, (min-width: 784px) 457px, (min-width: 712px) 685px, (min-width: 640px) 712px, \" \/><\/a><\/div><\/div><div style=\"padding:15px;\" class=\"fusion-grid-column fusion-gallery-column fusion-gallery-column-3 hover-type-none\"><div class=\"fusion-gallery-image\"><a href=\"https:\/\/gfh-gmbh.de\/wp-content\/uploads\/Tournage-laser-piece-modele-trophee-REM.png\" rel=\"noreferrer\" data-rel=\"iLightbox[gallery_image_1]\" class=\"fusion-lightbox\" target=\"_self\"><img decoding=\"async\" src=\"https:\/\/gfh-gmbh.de\/wp-content\/uploads\/Tournage-laser-piece-modele-trophee-REM.png\" width=\"1024\" height=\"1024\" alt=\"Tournage laser pi\u00e8ce mod\u00e8le troph\u00e9e REM\" title=\"Tournage laser pi\u00e8ce mod\u00e8le troph\u00e9e REM\" aria-label=\"Tournage laser pi\u00e8ce mod\u00e8le troph\u00e9e REM\" class=\"img-responsive wp-image-19736\" srcset=\"https:\/\/gfh-gmbh.de\/wp-content\/uploads\/Tournage-laser-piece-modele-trophee-REM-200x200.png 200w, https:\/\/gfh-gmbh.de\/wp-content\/uploads\/Tournage-laser-piece-modele-trophee-REM-400x400.png 400w, https:\/\/gfh-gmbh.de\/wp-content\/uploads\/Tournage-laser-piece-modele-trophee-REM-600x600.png 600w, https:\/\/gfh-gmbh.de\/wp-content\/uploads\/Tournage-laser-piece-modele-trophee-REM-800x800.png 800w, https:\/\/gfh-gmbh.de\/wp-content\/uploads\/Tournage-laser-piece-modele-trophee-REM.png 1024w\" sizes=\"(min-width: 2200px) 100vw, (min-width: 784px) 457px, (min-width: 712px) 685px, (min-width: 640px) 712px, \" \/><\/a><\/div><\/div><div style=\"padding:15px;\" class=\"fusion-grid-column fusion-gallery-column fusion-gallery-column-3 hover-type-none\"><div class=\"fusion-gallery-image\"><a href=\"https:\/\/gfh-gmbh.de\/wp-content\/uploads\/Tournage-laser-micropince.png\" rel=\"noreferrer\" data-rel=\"iLightbox[gallery_image_1]\" class=\"fusion-lightbox\" target=\"_self\"><img decoding=\"async\" src=\"https:\/\/gfh-gmbh.de\/wp-content\/uploads\/Tournage-laser-micropince.png\" width=\"1024\" height=\"1024\" alt=\"Tournage laser micropince\" title=\"Tournage laser micropince\" aria-label=\"Tournage laser micropince\" class=\"img-responsive wp-image-19737\" srcset=\"https:\/\/gfh-gmbh.de\/wp-content\/uploads\/Tournage-laser-micropince-200x200.png 200w, https:\/\/gfh-gmbh.de\/wp-content\/uploads\/Tournage-laser-micropince-400x400.png 400w, https:\/\/gfh-gmbh.de\/wp-content\/uploads\/Tournage-laser-micropince-600x600.png 600w, https:\/\/gfh-gmbh.de\/wp-content\/uploads\/Tournage-laser-micropince-800x800.png 800w, https:\/\/gfh-gmbh.de\/wp-content\/uploads\/Tournage-laser-micropince.png 1024w\" sizes=\"(min-width: 2200px) 100vw, (min-width: 784px) 457px, (min-width: 712px) 685px, (min-width: 640px) 712px, \" \/><\/a><\/div><\/div><div class=\"clearfix\"><\/div><div style=\"padding:15px;\" class=\"fusion-grid-column fusion-gallery-column fusion-gallery-column-3 hover-type-none\"><div class=\"fusion-gallery-image\"><a href=\"https:\/\/gfh-gmbh.de\/wp-content\/uploads\/Tournage-laser-piece-modele-carbure.png\" rel=\"noreferrer\" data-rel=\"iLightbox[gallery_image_1]\" class=\"fusion-lightbox\" target=\"_self\"><img decoding=\"async\" src=\"https:\/\/gfh-gmbh.de\/wp-content\/uploads\/Tournage-laser-piece-modele-carbure.png\" width=\"1024\" height=\"1024\" alt=\"Tournage laser pi\u00e8ce mod\u00e8le carbure\" title=\"Tournage laser pi\u00e8ce mod\u00e8le carbure\" aria-label=\"Tournage laser pi\u00e8ce mod\u00e8le carbure\" class=\"img-responsive wp-image-19738\" srcset=\"https:\/\/gfh-gmbh.de\/wp-content\/uploads\/Tournage-laser-piece-modele-carbure-200x200.png 200w, https:\/\/gfh-gmbh.de\/wp-content\/uploads\/Tournage-laser-piece-modele-carbure-400x400.png 400w, https:\/\/gfh-gmbh.de\/wp-content\/uploads\/Tournage-laser-piece-modele-carbure-600x600.png 600w, https:\/\/gfh-gmbh.de\/wp-content\/uploads\/Tournage-laser-piece-modele-carbure-800x800.png 800w, https:\/\/gfh-gmbh.de\/wp-content\/uploads\/Tournage-laser-piece-modele-carbure.png 1024w\" sizes=\"(min-width: 2200px) 100vw, (min-width: 784px) 457px, (min-width: 712px) 685px, (min-width: 640px) 712px, \" \/><\/a><\/div><\/div><div style=\"padding:15px;\" class=\"fusion-grid-column fusion-gallery-column fusion-gallery-column-3 hover-type-none\"><div class=\"fusion-gallery-image\"><a href=\"https:\/\/gfh-gmbh.de\/wp-content\/uploads\/Tournage-laser-axe-dhorloge-1.png\" rel=\"noreferrer\" data-rel=\"iLightbox[gallery_image_1]\" class=\"fusion-lightbox\" target=\"_self\"><img decoding=\"async\" src=\"https:\/\/gfh-gmbh.de\/wp-content\/uploads\/Tournage-laser-axe-dhorloge-1.png\" width=\"1024\" height=\"1024\" alt=\"Tournage laser axe d\u2019horloge-1\" title=\"Tournage laser axe d\u2019horloge-1\" aria-label=\"Tournage laser axe d\u2019horloge-1\" class=\"img-responsive wp-image-19739\" srcset=\"https:\/\/gfh-gmbh.de\/wp-content\/uploads\/Tournage-laser-axe-dhorloge-1-200x200.png 200w, https:\/\/gfh-gmbh.de\/wp-content\/uploads\/Tournage-laser-axe-dhorloge-1-400x400.png 400w, https:\/\/gfh-gmbh.de\/wp-content\/uploads\/Tournage-laser-axe-dhorloge-1-600x600.png 600w, https:\/\/gfh-gmbh.de\/wp-content\/uploads\/Tournage-laser-axe-dhorloge-1-800x800.png 800w, https:\/\/gfh-gmbh.de\/wp-content\/uploads\/Tournage-laser-axe-dhorloge-1.png 1024w\" sizes=\"(min-width: 2200px) 100vw, (min-width: 784px) 457px, (min-width: 712px) 685px, (min-width: 640px) 712px, \" \/><\/a><\/div><\/div><div style=\"padding:15px;\" class=\"fusion-grid-column fusion-gallery-column fusion-gallery-column-3 hover-type-none\"><div class=\"fusion-gallery-image\"><a href=\"https:\/\/gfh-gmbh.de\/wp-content\/uploads\/Tournage-laser-microcomposant-zirconium.png\" rel=\"noreferrer\" data-rel=\"iLightbox[gallery_image_1]\" class=\"fusion-lightbox\" target=\"_self\"><img decoding=\"async\" src=\"https:\/\/gfh-gmbh.de\/wp-content\/uploads\/Tournage-laser-microcomposant-zirconium.png\" width=\"1024\" height=\"1024\" alt=\"Tournage laser microcomposant zirconium\" title=\"Tournage laser microcomposant zirconium\" aria-label=\"Tournage laser microcomposant zirconium\" class=\"img-responsive wp-image-19740\" srcset=\"https:\/\/gfh-gmbh.de\/wp-content\/uploads\/Tournage-laser-microcomposant-zirconium-200x200.png 200w, https:\/\/gfh-gmbh.de\/wp-content\/uploads\/Tournage-laser-microcomposant-zirconium-400x400.png 400w, https:\/\/gfh-gmbh.de\/wp-content\/uploads\/Tournage-laser-microcomposant-zirconium-600x600.png 600w, https:\/\/gfh-gmbh.de\/wp-content\/uploads\/Tournage-laser-microcomposant-zirconium-800x800.png 800w, https:\/\/gfh-gmbh.de\/wp-content\/uploads\/Tournage-laser-microcomposant-zirconium.png 1024w\" sizes=\"(min-width: 2200px) 100vw, (min-width: 784px) 457px, (min-width: 712px) 685px, (min-width: 640px) 712px, \" \/><\/a><\/div><\/div><div class=\"clearfix\"><\/div><\/div><\/div><\/div><\/div><\/div><\/main><\/p>\n","protected":false},"excerpt":{"rendered":"","protected":false},"author":1,"featured_media":0,"parent":19701,"menu_order":0,"comment_status":"closed","ping_status":"closed","template":"100-width.php","meta":{"footnotes":""},"class_list":["post-19731","page","type-page","status-publish","hentry"],"_links":{"self":[{"href":"https:\/\/gfh-gmbh.de\/fr\/wp-json\/wp\/v2\/pages\/19731","targetHints":{"allow":["GET"]}}],"collection":[{"href":"https:\/\/gfh-gmbh.de\/fr\/wp-json\/wp\/v2\/pages"}],"about":[{"href":"https:\/\/gfh-gmbh.de\/fr\/wp-json\/wp\/v2\/types\/page"}],"author":[{"embeddable":true,"href":"https:\/\/gfh-gmbh.de\/fr\/wp-json\/wp\/v2\/users\/1"}],"replies":[{"embeddable":true,"href":"https:\/\/gfh-gmbh.de\/fr\/wp-json\/wp\/v2\/comments?post=19731"}],"version-history":[{"count":30,"href":"https:\/\/gfh-gmbh.de\/fr\/wp-json\/wp\/v2\/pages\/19731\/revisions"}],"predecessor-version":[{"id":21223,"href":"https:\/\/gfh-gmbh.de\/fr\/wp-json\/wp\/v2\/pages\/19731\/revisions\/21223"}],"up":[{"embeddable":true,"href":"https:\/\/gfh-gmbh.de\/fr\/wp-json\/wp\/v2\/pages\/19701"}],"wp:attachment":[{"href":"https:\/\/gfh-gmbh.de\/fr\/wp-json\/wp\/v2\/media?parent=19731"}],"curies":[{"name":"wp","href":"https:\/\/api.w.org\/{rel}","templated":true}]}}