{"id":19744,"date":"2021-05-12T09:13:58","date_gmt":"2021-05-12T07:13:58","guid":{"rendered":"https:\/\/gfh-gmbh.de\/procedes\/percage\/"},"modified":"2025-11-21T11:22:59","modified_gmt":"2025-11-21T10:22:59","slug":"percage","status":"publish","type":"page","link":"https:\/\/gfh-gmbh.de\/fr\/procedes\/percage\/","title":{"rendered":"Per\u00e7age"},"content":{"rendered":"<p><div class=\"fusion-fullwidth fullwidth-box fusion-builder-row-1 fusion-flex-container nonhundred-percent-fullwidth non-hundred-percent-height-scrolling\" style=\"--awb-border-radius-top-left:0px;--awb-border-radius-top-right:0px;--awb-border-radius-bottom-right:0px;--awb-border-radius-bottom-left:0px;--awb-margin-top:4%;--awb-background-color:rgba(255,255,255,0);--awb-flex-wrap:wrap;\" ><div class=\"fusion-builder-row fusion-row fusion-flex-align-items-flex-start fusion-flex-content-wrap\" style=\"max-width:1456px;margin-left: calc(-4% \/ 2 );margin-right: calc(-4% \/ 2 );\"><div class=\"fusion-layout-column fusion_builder_column fusion-builder-column-0 fusion_builder_column_1_1 1_1 fusion-flex-column\" style=\"--awb-bg-color:#ffffff;--awb-bg-color-hover:#ffffff;--awb-bg-size:cover;--awb-width-large:100%;--awb-margin-top-large:0px;--awb-spacing-right-large:1.92%;--awb-margin-bottom-large:4%;--awb-spacing-left-large:1.92%;--awb-width-medium:100%;--awb-order-medium:0;--awb-spacing-right-medium:1.92%;--awb-spacing-left-medium:1.92%;--awb-width-small:100%;--awb-order-small:0;--awb-spacing-right-small:1.92%;--awb-spacing-left-small:1.92%;\"><div class=\"fusion-column-wrapper fusion-column-has-shadow fusion-flex-justify-content-flex-start fusion-content-layout-column\"><div class=\"fusion-title title fusion-title-1 fusion-sep-none fusion-title-center fusion-title-text fusion-title-size-one uppercase\" style=\"--awb-margin-top-small:10px;--awb-margin-right-small:0px;--awb-margin-bottom-small:10px;--awb-margin-left-small:0px;\"><h1 class=\"fusion-title-heading title-heading-center\" style=\"margin:0;\">Micro-per\u00e7age \/ Per\u00e7age laser<\/h1><\/div><div class=\"fusion-text fusion-text-1\" style=\"--awb-content-alignment:justify;--awb-text-transform:none;--awb-margin-top:4%;\"><p>Le laser offre un outil extr\u00eamement flexible pour le <strong>micro-per\u00e7age<\/strong>. Il est possible de r\u00e9aliser diff\u00e9rentes formes de trous, allant du circulaire \u00e0 l\u2019elliptique, au polygonal, et m\u00eame \u00e0 des formes libres. L\u2019angle du c\u00f4ne d\u2019un trou peut \u00e9galement \u00eatre pr\u00e9cis\u00e9ment contr\u00f4l\u00e9. Selon l\u2019application ult\u00e9rieure, le trou peut \u00eatre cylindrique ou s\u2019agrandir ou se r\u00e9tr\u00e9cir de mani\u00e8re conique en profondeur. Gr\u00e2ce \u00e0 la rotation du faisceau laser, il est possible de r\u00e9gler de mani\u00e8re continue, via un logiciel, le diam\u00e8tre du trou \u00e0 la taille souhait\u00e9e. De plus, gr\u00e2ce au processus de per\u00e7age sans fusion, aucune retouche n&rsquo;est n\u00e9cessaire apr\u00e8s l\u2019op\u00e9ration.     <\/p>\n<p>Les <strong>applications <\/strong>sont vari\u00e9es. Le laser peut, d&rsquo;une part, r\u00e9aliser des trous tr\u00e8s petits et pr\u00e9cis avec des rapports de forme allant jusqu\u2019\u00e0 15. D&rsquo;autre part, il permet de percer des t\u00f4les fines, des films et des couches quasiment sans bavures et \u00e0 grande vitesse, <strong>pour cr\u00e9er des milliers de trous par minute<\/strong>, par exemple pour des perforations. Selon l&rsquo;application et les besoins sp\u00e9cifiques du client, nous proposons, s\u00e9lectionnons et optimisons les proc\u00e9d\u00e9s adapt\u00e9s.<\/p>\n<\/div><\/div><\/div><div class=\"fusion-layout-column fusion_builder_column fusion-builder-column-1 fusion_builder_column_1_1 1_1 fusion-flex-column\" style=\"--awb-padding-right:3%;--awb-padding-left:3%;--awb-bg-size:cover;--awb-width-large:100%;--awb-margin-top-large:0px;--awb-spacing-right-large:1.92%;--awb-margin-bottom-large:0px;--awb-spacing-left-large:1.92%;--awb-width-medium:100%;--awb-order-medium:0;--awb-spacing-right-medium:1.92%;--awb-spacing-left-medium:1.92%;--awb-width-small:100%;--awb-order-small:0;--awb-spacing-right-small:1.92%;--awb-spacing-left-small:1.92%;\"><div class=\"fusion-column-wrapper fusion-column-has-shadow fusion-flex-justify-content-flex-start fusion-content-layout-column\"><div class=\"fusion-title title fusion-title-2 fusion-sep-none fusion-title-center fusion-title-text fusion-title-size-two\" style=\"--awb-margin-top-small:10px;--awb-margin-right-small:0px;--awb-margin-bottom-small:10px;--awb-margin-left-small:0px;\"><h2 class=\"fusion-title-heading title-heading-center\" style=\"margin:0;\">POINTS FORTS<\/h2><\/div><\/div><\/div><div class=\"fusion-layout-column fusion_builder_column fusion-builder-column-2 fusion_builder_column_1_3 1_3 fusion-flex-column fusion-flex-align-self-flex-start\" style=\"--awb-bg-size:cover;--awb-width-large:33.333333333333%;--awb-margin-top-large:0px;--awb-spacing-right-large:5.76%;--awb-margin-bottom-large:0px;--awb-spacing-left-large:5.76%;--awb-width-medium:33.333333333333%;--awb-order-medium:0;--awb-spacing-right-medium:5.76%;--awb-spacing-left-medium:5.76%;--awb-width-small:100%;--awb-order-small:0;--awb-spacing-right-small:1.92%;--awb-spacing-left-small:1.92%;\"><div class=\"fusion-column-wrapper fusion-column-has-shadow fusion-flex-justify-content-flex-start fusion-content-layout-column\"><ul style=\"--awb-line-height:37.4px;--awb-icon-width:37.4px;--awb-icon-height:37.4px;--awb-icon-margin:15.4px;--awb-content-margin:52.8px;\" class=\"fusion-checklist fusion-checklist-1 fusion-checklist-default type-icons\"><li class=\"fusion-li-item\" style=\"\"><span class=\"icon-wrapper circle-no\"><i class=\"fusion-li-icon fa-check-square fas\" aria-hidden=\"true\"><\/i><\/span><div class=\"fusion-li-item-content\">\n<p>Aucune bavure<\/p>\n<\/div><\/li><li class=\"fusion-li-item\" style=\"\"><span class=\"icon-wrapper circle-no\"><i class=\"fusion-li-icon fa-check-square fas\" aria-hidden=\"true\"><\/i><\/span><div class=\"fusion-li-item-content\">\n<p>Aucune fusion<\/p>\n<\/div><\/li><\/ul><\/div><\/div><div class=\"fusion-layout-column fusion_builder_column fusion-builder-column-3 fusion_builder_column_1_3 1_3 fusion-flex-column fusion-flex-align-self-flex-start\" style=\"--awb-bg-size:cover;--awb-width-large:33.333333333333%;--awb-margin-top-large:0px;--awb-spacing-right-large:5.76%;--awb-margin-bottom-large:0px;--awb-spacing-left-large:5.76%;--awb-width-medium:33.333333333333%;--awb-order-medium:0;--awb-spacing-right-medium:5.76%;--awb-spacing-left-medium:5.76%;--awb-width-small:100%;--awb-order-small:0;--awb-spacing-right-small:1.92%;--awb-spacing-left-small:1.92%;\"><div class=\"fusion-column-wrapper fusion-column-has-shadow fusion-flex-justify-content-flex-start fusion-content-layout-column\"><ul style=\"--awb-line-height:37.4px;--awb-icon-width:37.4px;--awb-icon-height:37.4px;--awb-icon-margin:15.4px;--awb-content-margin:52.8px;\" class=\"fusion-checklist fusion-checklist-2 fusion-checklist-default type-icons\"><li class=\"fusion-li-item\" style=\"\"><span class=\"icon-wrapper circle-no\"><i class=\"fusion-li-icon fa-check-square fas\" aria-hidden=\"true\"><\/i><\/span><div class=\"fusion-li-item-content\">\n<p>Pr\u00e9cision jusqu\u2019\u00e0 +\/- 1 \u00b5m<\/p>\n<\/div><\/li><li class=\"fusion-li-item\" style=\"\"><span class=\"icon-wrapper circle-no\"><i class=\"fusion-li-icon fa-check-square fas\" aria-hidden=\"true\"><\/i><\/span><div class=\"fusion-li-item-content\">\n<p>Circularit\u00e9 jusqu\u2019\u00e0 +\/- 1 %<\/p>\n<\/div><\/li><\/ul><\/div><\/div><div class=\"fusion-layout-column fusion_builder_column fusion-builder-column-4 fusion_builder_column_1_3 1_3 fusion-flex-column fusion-flex-align-self-flex-start\" style=\"--awb-bg-size:cover;--awb-width-large:33.333333333333%;--awb-margin-top-large:0px;--awb-spacing-right-large:5.76%;--awb-margin-bottom-large:0px;--awb-spacing-left-large:5.76%;--awb-width-medium:33.333333333333%;--awb-order-medium:0;--awb-spacing-right-medium:5.76%;--awb-spacing-left-medium:5.76%;--awb-width-small:100%;--awb-order-small:0;--awb-spacing-right-small:1.92%;--awb-spacing-left-small:1.92%;\"><div class=\"fusion-column-wrapper fusion-column-has-shadow fusion-flex-justify-content-flex-start fusion-content-layout-column\"><ul style=\"--awb-line-height:37.4px;--awb-icon-width:37.4px;--awb-icon-height:37.4px;--awb-icon-margin:15.4px;--awb-content-margin:52.8px;\" class=\"fusion-checklist fusion-checklist-3 fusion-checklist-default type-icons\"><li class=\"fusion-li-item\" style=\"\"><span class=\"icon-wrapper circle-no\"><i class=\"fusion-li-icon fa-check-square fas\" aria-hidden=\"true\"><\/i><\/span><div class=\"fusion-li-item-content\">\n<p>G\u00e9om\u00e9trie du trou r\u00e9glable (conicit\u00e9 positive\/n\u00e9gative, cylindrique)<\/p>\n<\/div><\/li><li class=\"fusion-li-item\" style=\"\"><span class=\"icon-wrapper circle-no\"><i class=\"fusion-li-icon fa-check-square fas\" aria-hidden=\"true\"><\/i><\/span><div class=\"fusion-li-item-content\">\n<p>Haute reproductibilit\u00e9<\/p>\n<\/div><\/li><\/ul><\/div><\/div><\/div><\/div><main class=\"fusion-fullwidth fullwidth-box fusion-builder-row-2 fusion-flex-container has-pattern-background has-mask-background hundred-percent-fullwidth non-hundred-percent-height-scrolling\" style=\"--awb-border-radius-top-left:0px;--awb-border-radius-top-right:0px;--awb-border-radius-bottom-right:0px;--awb-border-radius-bottom-left:0px;--awb-flex-wrap:wrap;\" ><div class=\"fusion-builder-row fusion-row fusion-flex-align-items-flex-start fusion-flex-justify-content-center fusion-flex-content-wrap\" style=\"width:104% !important;max-width:104% !important;margin-left: calc(-4% \/ 2 );margin-right: calc(-4% \/ 2 );\"><div class=\"fusion-layout-column fusion_builder_column fusion-builder-column-5 fusion_builder_column_1_1 1_1 fusion-flex-column\" style=\"--awb-bg-size:cover;--awb-width-large:100%;--awb-margin-top-large:4%;--awb-spacing-right-large:1.92%;--awb-margin-bottom-large:4%;--awb-spacing-left-large:1.92%;--awb-width-medium:100%;--awb-order-medium:0;--awb-spacing-right-medium:1.92%;--awb-spacing-left-medium:1.92%;--awb-width-small:100%;--awb-order-small:0;--awb-spacing-right-small:1.92%;--awb-spacing-left-small:1.92%;\" data-scroll-devices=\"small-visibility,medium-visibility,large-visibility\"><div class=\"fusion-column-wrapper fusion-column-has-shadow fusion-flex-justify-content-flex-start fusion-content-layout-column\"><div class=\"fusion-title title fusion-title-3 fusion-sep-none fusion-title-center fusion-title-text fusion-title-size-three\" style=\"--awb-margin-top-small:10px;--awb-margin-right-small:0px;--awb-margin-bottom-small:10px;--awb-margin-left-small:0px;\"><h3 class=\"fusion-title-heading title-heading-center\" style=\"margin:0;\">IMAGES PRODUIT<\/h3><\/div><div class=\"awb-gallery-wrapper awb-gallery-wrapper-1 button-span-no\" style=\"--more-btn-alignment:center;\"><div style=\"margin:-15px;--awb-bordersize:0px;\" class=\"fusion-gallery fusion-gallery-container fusion-grid-3 fusion-columns-total-6 fusion-gallery-layout-grid fusion-gallery-1\"><div style=\"padding:15px;\" class=\"fusion-grid-column fusion-gallery-column fusion-gallery-column-3 hover-type-none\"><div class=\"fusion-gallery-image\"><a href=\"https:\/\/gfh-gmbh.de\/wp-content\/uploads\/Micro-percage-percage-cylindrique.png\" rel=\"noreferrer\" data-rel=\"iLightbox[gallery_image_1]\" class=\"fusion-lightbox\" target=\"_self\"><img decoding=\"async\" src=\"https:\/\/gfh-gmbh.de\/wp-content\/uploads\/Micro-percage-percage-cylindrique.png\" width=\"1024\" height=\"1024\" alt=\"Micro-per\u00e7age per\u00e7age cylindrique\" title=\"Micro-per\u00e7age per\u00e7age cylindrique\" aria-label=\"Micro-per\u00e7age per\u00e7age cylindrique\" class=\"img-responsive wp-image-19745\" srcset=\"https:\/\/gfh-gmbh.de\/wp-content\/uploads\/Micro-percage-percage-cylindrique-200x200.png 200w, https:\/\/gfh-gmbh.de\/wp-content\/uploads\/Micro-percage-percage-cylindrique-400x400.png 400w, https:\/\/gfh-gmbh.de\/wp-content\/uploads\/Micro-percage-percage-cylindrique-600x600.png 600w, https:\/\/gfh-gmbh.de\/wp-content\/uploads\/Micro-percage-percage-cylindrique-800x800.png 800w, https:\/\/gfh-gmbh.de\/wp-content\/uploads\/Micro-percage-percage-cylindrique.png 1024w\" sizes=\"(min-width: 2200px) 100vw, (min-width: 784px) 457px, (min-width: 712px) 685px, (min-width: 640px) 712px, \" \/><\/a><\/div><\/div><div style=\"padding:15px;\" class=\"fusion-grid-column fusion-gallery-column fusion-gallery-column-3 hover-type-none\"><div class=\"fusion-gallery-image\"><a href=\"https:\/\/gfh-gmbh.de\/wp-content\/uploads\/Micro-percage-acier-a-outils.png\" rel=\"noreferrer\" data-rel=\"iLightbox[gallery_image_1]\" class=\"fusion-lightbox\" target=\"_self\"><img decoding=\"async\" src=\"https:\/\/gfh-gmbh.de\/wp-content\/uploads\/Micro-percage-acier-a-outils.png\" width=\"1024\" height=\"1024\" alt=\"Micro-per\u00e7age acier \u00e0 outils\" title=\"Micro-per\u00e7age acier \u00e0 outils\" aria-label=\"Micro-per\u00e7age acier \u00e0 outils\" class=\"img-responsive wp-image-19746\" srcset=\"https:\/\/gfh-gmbh.de\/wp-content\/uploads\/Micro-percage-acier-a-outils-200x200.png 200w, https:\/\/gfh-gmbh.de\/wp-content\/uploads\/Micro-percage-acier-a-outils-400x400.png 400w, https:\/\/gfh-gmbh.de\/wp-content\/uploads\/Micro-percage-acier-a-outils-600x600.png 600w, https:\/\/gfh-gmbh.de\/wp-content\/uploads\/Micro-percage-acier-a-outils-800x800.png 800w, https:\/\/gfh-gmbh.de\/wp-content\/uploads\/Micro-percage-acier-a-outils.png 1024w\" sizes=\"(min-width: 2200px) 100vw, (min-width: 784px) 457px, (min-width: 712px) 685px, (min-width: 640px) 712px, \" \/><\/a><\/div><\/div><div style=\"padding:15px;\" class=\"fusion-grid-column fusion-gallery-column fusion-gallery-column-3 hover-type-none\"><div class=\"fusion-gallery-image\"><a href=\"https:\/\/gfh-gmbh.de\/wp-content\/uploads\/Micro-percage-qualite-des-bords-sortie.png\" rel=\"noreferrer\" data-rel=\"iLightbox[gallery_image_1]\" class=\"fusion-lightbox\" target=\"_self\"><img decoding=\"async\" src=\"https:\/\/gfh-gmbh.de\/wp-content\/uploads\/Micro-percage-qualite-des-bords-sortie.png\" width=\"1024\" height=\"1024\" alt=\"Micro-per\u00e7age qualit\u00e9 des bords sortie\" title=\"Micro-per\u00e7age qualit\u00e9 des bords sortie\" aria-label=\"Micro-per\u00e7age qualit\u00e9 des bords sortie\" class=\"img-responsive wp-image-19747\" srcset=\"https:\/\/gfh-gmbh.de\/wp-content\/uploads\/Micro-percage-qualite-des-bords-sortie-200x200.png 200w, https:\/\/gfh-gmbh.de\/wp-content\/uploads\/Micro-percage-qualite-des-bords-sortie-400x400.png 400w, https:\/\/gfh-gmbh.de\/wp-content\/uploads\/Micro-percage-qualite-des-bords-sortie-600x600.png 600w, https:\/\/gfh-gmbh.de\/wp-content\/uploads\/Micro-percage-qualite-des-bords-sortie-800x800.png 800w, https:\/\/gfh-gmbh.de\/wp-content\/uploads\/Micro-percage-qualite-des-bords-sortie.png 1024w\" sizes=\"(min-width: 2200px) 100vw, (min-width: 784px) 457px, (min-width: 712px) 685px, (min-width: 640px) 712px, \" \/><\/a><\/div><\/div><div class=\"clearfix\"><\/div><div style=\"padding:15px;\" class=\"fusion-grid-column fusion-gallery-column fusion-gallery-column-3 hover-type-none\"><div class=\"fusion-gallery-image\"><a href=\"https:\/\/gfh-gmbh.de\/wp-content\/uploads\/Percage-laser-qualite-des-bords-entree.png\" rel=\"noreferrer\" data-rel=\"iLightbox[gallery_image_1]\" class=\"fusion-lightbox\" target=\"_self\"><img decoding=\"async\" src=\"https:\/\/gfh-gmbh.de\/wp-content\/uploads\/Percage-laser-qualite-des-bords-entree.png\" width=\"1024\" height=\"1024\" alt=\"Per\u00e7age laser qualit\u00e9 des bords entr\u00e9e\" title=\"Per\u00e7age laser qualit\u00e9 des bords entr\u00e9e\" aria-label=\"Per\u00e7age laser qualit\u00e9 des bords entr\u00e9e\" class=\"img-responsive wp-image-19748\" srcset=\"https:\/\/gfh-gmbh.de\/wp-content\/uploads\/Percage-laser-qualite-des-bords-entree-200x200.png 200w, https:\/\/gfh-gmbh.de\/wp-content\/uploads\/Percage-laser-qualite-des-bords-entree-400x400.png 400w, https:\/\/gfh-gmbh.de\/wp-content\/uploads\/Percage-laser-qualite-des-bords-entree-600x600.png 600w, https:\/\/gfh-gmbh.de\/wp-content\/uploads\/Percage-laser-qualite-des-bords-entree-800x800.png 800w, https:\/\/gfh-gmbh.de\/wp-content\/uploads\/Percage-laser-qualite-des-bords-entree.png 1024w\" sizes=\"(min-width: 2200px) 100vw, (min-width: 784px) 457px, (min-width: 712px) 685px, (min-width: 640px) 712px, \" \/><\/a><\/div><\/div><div style=\"padding:15px;\" class=\"fusion-grid-column fusion-gallery-column fusion-gallery-column-3 hover-type-none\"><div class=\"fusion-gallery-image\"><a href=\"https:\/\/gfh-gmbh.de\/wp-content\/uploads\/Percage-laser-acier.png\" rel=\"noreferrer\" data-rel=\"iLightbox[gallery_image_1]\" class=\"fusion-lightbox\" target=\"_self\"><img decoding=\"async\" src=\"https:\/\/gfh-gmbh.de\/wp-content\/uploads\/Percage-laser-acier.png\" width=\"1024\" height=\"1024\" alt=\"Per\u00e7age laser acier\" title=\"Per\u00e7age laser acier\" aria-label=\"Per\u00e7age laser acier\" class=\"img-responsive wp-image-19749\" srcset=\"https:\/\/gfh-gmbh.de\/wp-content\/uploads\/Percage-laser-acier-200x200.png 200w, https:\/\/gfh-gmbh.de\/wp-content\/uploads\/Percage-laser-acier-400x400.png 400w, https:\/\/gfh-gmbh.de\/wp-content\/uploads\/Percage-laser-acier-600x600.png 600w, https:\/\/gfh-gmbh.de\/wp-content\/uploads\/Percage-laser-acier-800x800.png 800w, https:\/\/gfh-gmbh.de\/wp-content\/uploads\/Percage-laser-acier.png 1024w\" sizes=\"(min-width: 2200px) 100vw, (min-width: 784px) 457px, (min-width: 712px) 685px, (min-width: 640px) 712px, \" \/><\/a><\/div><\/div><div style=\"padding:15px;\" class=\"fusion-grid-column fusion-gallery-column fusion-gallery-column-3 hover-type-none\"><div class=\"fusion-gallery-image\"><a href=\"https:\/\/gfh-gmbh.de\/wp-content\/uploads\/Percage-laser-percage-cylindrique-entree-conique.png\" rel=\"noreferrer\" data-rel=\"iLightbox[gallery_image_1]\" class=\"fusion-lightbox\" target=\"_self\"><img decoding=\"async\" src=\"https:\/\/gfh-gmbh.de\/wp-content\/uploads\/Percage-laser-percage-cylindrique-entree-conique.png\" width=\"1024\" height=\"1024\" alt=\"Per\u00e7age laser per\u00e7age cylindrique entr\u00e9e conique\" title=\"Per\u00e7age laser per\u00e7age cylindrique entr\u00e9e conique\" aria-label=\"Per\u00e7age laser per\u00e7age cylindrique entr\u00e9e conique\" class=\"img-responsive wp-image-19750\" srcset=\"https:\/\/gfh-gmbh.de\/wp-content\/uploads\/Percage-laser-percage-cylindrique-entree-conique-200x200.png 200w, https:\/\/gfh-gmbh.de\/wp-content\/uploads\/Percage-laser-percage-cylindrique-entree-conique-400x400.png 400w, https:\/\/gfh-gmbh.de\/wp-content\/uploads\/Percage-laser-percage-cylindrique-entree-conique-600x600.png 600w, https:\/\/gfh-gmbh.de\/wp-content\/uploads\/Percage-laser-percage-cylindrique-entree-conique-800x800.png 800w, https:\/\/gfh-gmbh.de\/wp-content\/uploads\/Percage-laser-percage-cylindrique-entree-conique.png 1024w\" sizes=\"(min-width: 2200px) 100vw, (min-width: 784px) 457px, (min-width: 712px) 685px, (min-width: 640px) 712px, \" \/><\/a><\/div><\/div><div class=\"clearfix\"><\/div><\/div><\/div><\/div><\/div><\/div><\/main><\/p>\n","protected":false},"excerpt":{"rendered":"","protected":false},"author":1,"featured_media":0,"parent":19701,"menu_order":0,"comment_status":"closed","ping_status":"closed","template":"100-width.php","meta":{"footnotes":""},"class_list":["post-19744","page","type-page","status-publish","hentry"],"_links":{"self":[{"href":"https:\/\/gfh-gmbh.de\/fr\/wp-json\/wp\/v2\/pages\/19744","targetHints":{"allow":["GET"]}}],"collection":[{"href":"https:\/\/gfh-gmbh.de\/fr\/wp-json\/wp\/v2\/pages"}],"about":[{"href":"https:\/\/gfh-gmbh.de\/fr\/wp-json\/wp\/v2\/types\/page"}],"author":[{"embeddable":true,"href":"https:\/\/gfh-gmbh.de\/fr\/wp-json\/wp\/v2\/users\/1"}],"replies":[{"embeddable":true,"href":"https:\/\/gfh-gmbh.de\/fr\/wp-json\/wp\/v2\/comments?post=19744"}],"version-history":[{"count":21,"href":"https:\/\/gfh-gmbh.de\/fr\/wp-json\/wp\/v2\/pages\/19744\/revisions"}],"predecessor-version":[{"id":21259,"href":"https:\/\/gfh-gmbh.de\/fr\/wp-json\/wp\/v2\/pages\/19744\/revisions\/21259"}],"up":[{"embeddable":true,"href":"https:\/\/gfh-gmbh.de\/fr\/wp-json\/wp\/v2\/pages\/19701"}],"wp:attachment":[{"href":"https:\/\/gfh-gmbh.de\/fr\/wp-json\/wp\/v2\/media?parent=19744"}],"curies":[{"name":"wp","href":"https:\/\/api.w.org\/{rel}","templated":true}]}}