{"id":19783,"date":"2021-05-17T14:02:02","date_gmt":"2021-05-17T12:02:02","guid":{"rendered":"https:\/\/gfh-gmbh.de\/secteurs-dapplication\/industrie-automobile\/"},"modified":"2025-06-11T17:04:53","modified_gmt":"2025-06-11T15:04:53","slug":"industrie-automobile","status":"publish","type":"page","link":"https:\/\/gfh-gmbh.de\/fr\/secteurs-dapplication\/industrie-automobile\/","title":{"rendered":"Industrie Automobile"},"content":{"rendered":"<div class=\"fusion-fullwidth fullwidth-box fusion-builder-row-1 fusion-flex-container nonhundred-percent-fullwidth non-hundred-percent-height-scrolling\" style=\"--awb-border-radius-top-left:0px;--awb-border-radius-top-right:0px;--awb-border-radius-bottom-right:0px;--awb-border-radius-bottom-left:0px;--awb-margin-top:4%;--awb-background-color:rgba(255,255,255,0);--awb-flex-wrap:wrap;\" ><div class=\"fusion-builder-row fusion-row fusion-flex-align-items-flex-start fusion-flex-content-wrap\" style=\"max-width:1456px;margin-left: calc(-4% \/ 2 );margin-right: calc(-4% \/ 2 );\"><div class=\"fusion-layout-column fusion_builder_column fusion-builder-column-0 fusion_builder_column_1_1 1_1 fusion-flex-column\" style=\"--awb-bg-color:#ffffff;--awb-bg-color-hover:#ffffff;--awb-bg-size:cover;--awb-width-large:100%;--awb-margin-top-large:0px;--awb-spacing-right-large:1.92%;--awb-margin-bottom-large:4%;--awb-spacing-left-large:1.92%;--awb-width-medium:100%;--awb-order-medium:0;--awb-spacing-right-medium:1.92%;--awb-spacing-left-medium:1.92%;--awb-width-small:100%;--awb-order-small:0;--awb-spacing-right-small:1.92%;--awb-spacing-left-small:1.92%;\"><div class=\"fusion-column-wrapper fusion-column-has-shadow fusion-flex-justify-content-flex-start fusion-content-layout-column\"><div class=\"fusion-title title fusion-title-1 fusion-sep-none fusion-title-center fusion-title-text fusion-title-size-one uppercase\" style=\"--awb-margin-top-small:10px;--awb-margin-right-small:0px;--awb-margin-bottom-small:10px;--awb-margin-left-small:0px;\"><h1 class=\"fusion-title-heading title-heading-center\" style=\"margin:0;\">Industrie Automobile<\/h1><\/div><div class=\"fusion-text fusion-text-1\" style=\"--awb-content-alignment:justify;--awb-text-transform:none;--awb-margin-top:4%;\"><p>Dans le secteur automobile, la technologie laser est omnipr\u00e9sente et s\u2019adapte \u00e0 une <a title=\"Proc\u00e9d\u00e9s laser dans l\u2019industrie automobile\" href=\"https:\/\/gfh-gmbh.de\/fr\/procedes\/\">multitude d\u2019applications<\/a>. Dans le domaine de la fabrication de pr\u00e9cision, elle permet le d\u00e9veloppement de solutions sp\u00e9cifiques pour divers syst\u00e8mes d\u2019injection. De plus, des machines sp\u00e9ciales peuvent \u00eatre con\u00e7ues sur mesure pour diff\u00e9rents processus de production automobile.<\/p>\n<\/div><div class=\"fusion-title title fusion-title-2 fusion-sep-none fusion-title-center fusion-title-text fusion-title-size-two\" style=\"--awb-margin-top:4%;--awb-margin-top-small:10px;--awb-margin-right-small:0px;--awb-margin-bottom-small:10px;--awb-margin-left-small:0px;\"><h2 class=\"fusion-title-heading title-heading-center\" style=\"margin:0;text-transform:uppercase;\">Flexibilit\u00e9 et pr\u00e9cision : les solutions de micro-usinage laser de GFH<\/h2><\/div><div class=\"fusion-text fusion-text-2\" style=\"--awb-content-alignment:justify;--awb-text-transform:none;\"><p>Les orifices de pulv\u00e9risation dans les syst\u00e8mes d\u2019injection influencent directement la combustion interne des moteurs. Les machines laser de GFH permettent de r\u00e9aliser des <a title=\"Per\u00e7age\" href=\"https:\/\/gfh-gmbh.de\/fr\/procedes\/percage\/\">micro-perforations<\/a> d\u2019une extr\u00eame pr\u00e9cision dans une large gamme de formes, allant des profils coniques convergents aux g\u00e9om\u00e9tries de type buse de Laval. Cette technologie de pointe garantit une pr\u00e9cision maximale tout en maintenant des co\u00fbts unitaires comp\u00e9titifs.   <\/p>\n<p>La micro-structuration par laser est \u00e9galement utilis\u00e9 pour <a title=\"Ablation laser\" href=\"https:\/\/gfh-gmbh.de\/fr\/procedes\/ablation\/\">l\u2019optimisation des surfaces<\/a> fonctionnelles. Par exemple, des canaux peuvent \u00eatre grav\u00e9s afin de diriger et d\u2019\u00e9vacuer pr\u00e9cis\u00e9ment des fluides, am\u00e9liorant ainsi la fiabilit\u00e9 des composants. <\/p>\n<p>Pour la finition et la valorisation des pi\u00e8ces automobiles, le traitement par <a title=\"Laser \u00e0 impulsions ultracourtes (UIP) dans l\u2019industrie automobile\" href=\"https:\/\/gfh-gmbh.de\/fr\/technologie\/\">laser \u00e0 impulsions ultracourtes<\/a> permet de conf\u00e9rer \u00e0 certains composants un design unique et diff\u00e9renciant.<\/p>\n<\/div><div class=\"fusion-title title fusion-title-3 fusion-sep-none fusion-title-center fusion-title-text fusion-title-size-three\" style=\"--awb-margin-top:4%;--awb-margin-top-small:10px;--awb-margin-right-small:0px;--awb-margin-bottom-small:10px;--awb-margin-left-small:0px;--awb-font-size:36px;\"><h3 class=\"fusion-title-heading title-heading-center\" style=\"margin:0;text-transform:uppercase;font-size:1em;\">Fabrication compl\u00e8te et personnalis\u00e9e de composants d\u2019injection<\/h3><\/div><div class=\"fusion-text fusion-text-3\" style=\"--awb-content-alignment:justify;--awb-text-transform:none;\"><p>Face \u00e0 l\u2019\u00e9volution constante des exigences des syst\u00e8mes d\u2019injection, les motoristes d\u00e9veloppent des solutions sur mesure, souvent en petites s\u00e9ries. Cela requiert des \u00e9quipements \u00e0 la fois universels et d\u2019une extr\u00eame pr\u00e9cision. GFH propose \u00e0 ses clients une fabrication compl\u00e8te et personnalis\u00e9e de composants d\u2019injection, garantissant performance et fiabilit\u00e9.<\/p>\n<\/div><div class=\"fusion-title title fusion-title-4 fusion-sep-none fusion-title-center fusion-title-text fusion-title-size-four\" style=\"--awb-margin-top:4%;--awb-margin-top-small:10px;--awb-margin-right-small:0px;--awb-margin-bottom-small:10px;--awb-margin-left-small:0px;--awb-font-size:36px;\"><h4 class=\"fusion-title-heading title-heading-center\" style=\"margin:0;text-transform:uppercase;font-size:1em;\">Machines sp\u00e9ciales<\/h4><\/div><div class=\"fusion-text fusion-text-4\" style=\"--awb-content-alignment:justify;--awb-text-transform:none;\"><p>Le d\u00e9veloppement de machines sp\u00e9ciales joue un r\u00f4le cl\u00e9 dans l\u2019industrie automobile. Les bancs de test de d\u00e9bit et d\u2019injecteurs sont essentiels pour assurer la qualit\u00e9 des composants d\u2019injection et optimiser la performance des injecteurs. Par ailleurs, des solutions avanc\u00e9es d\u2019assemblage et des lignes de micro-usinage laser en ligne sont \u00e9galement mises en \u0153uvre pour r\u00e9pondre aux exigences de production modernes.<\/p>\n<\/div><\/div><\/div><\/div><\/div>\n","protected":false},"excerpt":{"rendered":"","protected":false},"author":1,"featured_media":0,"parent":19764,"menu_order":0,"comment_status":"closed","ping_status":"closed","template":"100-width.php","meta":{"footnotes":""},"class_list":["post-19783","page","type-page","status-publish","hentry"],"_links":{"self":[{"href":"https:\/\/gfh-gmbh.de\/fr\/wp-json\/wp\/v2\/pages\/19783","targetHints":{"allow":["GET"]}}],"collection":[{"href":"https:\/\/gfh-gmbh.de\/fr\/wp-json\/wp\/v2\/pages"}],"about":[{"href":"https:\/\/gfh-gmbh.de\/fr\/wp-json\/wp\/v2\/types\/page"}],"author":[{"embeddable":true,"href":"https:\/\/gfh-gmbh.de\/fr\/wp-json\/wp\/v2\/users\/1"}],"replies":[{"embeddable":true,"href":"https:\/\/gfh-gmbh.de\/fr\/wp-json\/wp\/v2\/comments?post=19783"}],"version-history":[{"count":2,"href":"https:\/\/gfh-gmbh.de\/fr\/wp-json\/wp\/v2\/pages\/19783\/revisions"}],"predecessor-version":[{"id":19785,"href":"https:\/\/gfh-gmbh.de\/fr\/wp-json\/wp\/v2\/pages\/19783\/revisions\/19785"}],"up":[{"embeddable":true,"href":"https:\/\/gfh-gmbh.de\/fr\/wp-json\/wp\/v2\/pages\/19764"}],"wp:attachment":[{"href":"https:\/\/gfh-gmbh.de\/fr\/wp-json\/wp\/v2\/media?parent=19783"}],"curies":[{"name":"wp","href":"https:\/\/api.w.org\/{rel}","templated":true}]}}