{"id":19789,"date":"2021-05-17T15:35:27","date_gmt":"2021-05-17T13:35:27","guid":{"rendered":"https:\/\/gfh-gmbh.de\/secteurs-dapplication\/fabrication-de-moules\/"},"modified":"2025-06-12T08:42:31","modified_gmt":"2025-06-12T06:42:31","slug":"fabrication-de-moules","status":"publish","type":"page","link":"https:\/\/gfh-gmbh.de\/fr\/secteurs-dapplication\/fabrication-de-moules\/","title":{"rendered":"Fabrication de Moules"},"content":{"rendered":"<div class=\"fusion-fullwidth fullwidth-box fusion-builder-row-1 fusion-flex-container hundred-percent-fullwidth non-hundred-percent-height-scrolling\" style=\"--awb-border-radius-top-left:0px;--awb-border-radius-top-right:0px;--awb-border-radius-bottom-right:0px;--awb-border-radius-bottom-left:0px;--awb-margin-top:4%;--awb-background-color:rgba(255,255,255,0);--awb-flex-wrap:wrap;\" ><div class=\"fusion-builder-row fusion-row fusion-flex-align-items-flex-start fusion-flex-content-wrap\" style=\"width:104% !important;max-width:104% !important;margin-left: calc(-4% \/ 2 );margin-right: calc(-4% \/ 2 );\"><div class=\"fusion-layout-column fusion_builder_column fusion-builder-column-0 fusion_builder_column_1_1 1_1 fusion-flex-column\" style=\"--awb-bg-color:#ffffff;--awb-bg-color-hover:#ffffff;--awb-bg-size:cover;--awb-width-large:100%;--awb-margin-top-large:0px;--awb-spacing-right-large:1.92%;--awb-margin-bottom-large:4%;--awb-spacing-left-large:1.92%;--awb-width-medium:100%;--awb-order-medium:0;--awb-spacing-right-medium:1.92%;--awb-spacing-left-medium:1.92%;--awb-width-small:100%;--awb-order-small:0;--awb-spacing-right-small:1.92%;--awb-spacing-left-small:1.92%;\"><div class=\"fusion-column-wrapper fusion-column-has-shadow fusion-flex-justify-content-flex-start fusion-content-layout-column\"><div class=\"fusion-title title fusion-title-1 fusion-sep-none fusion-title-center fusion-title-text fusion-title-size-one uppercase\" style=\"--awb-margin-top-small:10px;--awb-margin-right-small:0px;--awb-margin-bottom-small:10px;--awb-margin-left-small:0px;\"><h1 class=\"fusion-title-heading title-heading-center\" style=\"margin:0;text-transform:uppercase;\">Fabrication de Moules<\/h1><\/div><div class=\"fusion-text fusion-text-1\" style=\"--awb-content-alignment:justify;--awb-text-transform:none;--awb-margin-top:4%;\"><p><a title=\"Machines laser\" href=\"https:\/\/gfh-gmbh.de\/fr\/machines-laser\/\">Les syst\u00e8mes de micro-usinage laser<\/a> GFH sont largement utilis\u00e9s pour la production d\u2019inserts de moules destin\u00e9s \u00e0 la micro-injection plastique. Certains composants en plastique p\u00e8sent \u00e0 peine quelques microgrammes, ce qui n\u00e9cessite des moules aux formes extr\u00eamement fines et pr\u00e9cises. Seule la technologie <strong>laser permet un usinage<\/strong> d\u2019une telle pr\u00e9cision, indispensable \u00e0 la fabrication de ces microcomposants.<\/p>\n<\/div><div class=\"fusion-text fusion-text-2\" style=\"--awb-content-alignment:justify;--awb-text-transform:none;\"><p>Dans le moulage par injection d\u2019\u00e9lastom\u00e8res, la production en grande s\u00e9rie entra\u00eene souvent l\u2019apparition de bavures. Pour minimiser ces exc\u00e9dents de mati\u00e8re, il est essentiel de contr\u00f4ler avec pr\u00e9cision l\u2019espace entre les parois du moule. Ces interstices doivent \u00eatre suffisamment r\u00e9duits pour \u00e9viter la formation de bavures, mais assez grands pour permettre l\u2019\u00e9vacuation de l\u2019air et assurer un remplissage optimal du moule. Gr\u00e2ce \u00e0 la technologie laser, des micro-canaux de ventilation sont int\u00e9gr\u00e9s directement dans les outils, r\u00e9duisant ainsi consid\u00e9rablement les op\u00e9rations de finition sur les pi\u00e8ces en \u00e9lastom\u00e8re.     <\/p>\n<p>GFH fournit \u00e9galement des composants de pr\u00e9cision pour l\u2019outillage et la fabrication de moules, qu\u2019ils soient produits sur ses propres machines ou sur celles d\u2019autres fabricants.<\/p>\n<p>Sur demande, l\u2019entreprise d\u00e9veloppe \u00e9galement des solutions personnalis\u00e9es en <a title=\"Solutions sp\u00e9ciales en construction m\u00e9canique\" href=\"https:\/\/gfh-gmbh.de\/fr\/machines-laser\/solutions-personnalisees\/\">construction de machines sp\u00e9ciales<\/a>, adapt\u00e9es aux besoins sp\u00e9cifiques de chaque client.<\/p>\n<\/div><\/div><\/div><\/div><\/div>\n","protected":false},"excerpt":{"rendered":"","protected":false},"author":1,"featured_media":0,"parent":19764,"menu_order":0,"comment_status":"closed","ping_status":"closed","template":"","meta":{"footnotes":""},"class_list":["post-19789","page","type-page","status-publish","hentry"],"_links":{"self":[{"href":"https:\/\/gfh-gmbh.de\/fr\/wp-json\/wp\/v2\/pages\/19789","targetHints":{"allow":["GET"]}}],"collection":[{"href":"https:\/\/gfh-gmbh.de\/fr\/wp-json\/wp\/v2\/pages"}],"about":[{"href":"https:\/\/gfh-gmbh.de\/fr\/wp-json\/wp\/v2\/types\/page"}],"author":[{"embeddable":true,"href":"https:\/\/gfh-gmbh.de\/fr\/wp-json\/wp\/v2\/users\/1"}],"replies":[{"embeddable":true,"href":"https:\/\/gfh-gmbh.de\/fr\/wp-json\/wp\/v2\/comments?post=19789"}],"version-history":[{"count":2,"href":"https:\/\/gfh-gmbh.de\/fr\/wp-json\/wp\/v2\/pages\/19789\/revisions"}],"predecessor-version":[{"id":19791,"href":"https:\/\/gfh-gmbh.de\/fr\/wp-json\/wp\/v2\/pages\/19789\/revisions\/19791"}],"up":[{"embeddable":true,"href":"https:\/\/gfh-gmbh.de\/fr\/wp-json\/wp\/v2\/pages\/19764"}],"wp:attachment":[{"href":"https:\/\/gfh-gmbh.de\/fr\/wp-json\/wp\/v2\/media?parent=19789"}],"curies":[{"name":"wp","href":"https:\/\/api.w.org\/{rel}","templated":true}]}}