{"id":19792,"date":"2021-05-17T15:33:50","date_gmt":"2021-05-17T13:33:50","guid":{"rendered":"https:\/\/gfh-gmbh.de\/secteurs-dapplication\/transformation-des-plastiques\/"},"modified":"2025-06-12T08:54:34","modified_gmt":"2025-06-12T06:54:34","slug":"transformation-des-plastiques","status":"publish","type":"page","link":"https:\/\/gfh-gmbh.de\/fr\/secteurs-dapplication\/transformation-des-plastiques\/","title":{"rendered":"Transformation des plastiques"},"content":{"rendered":"<div class=\"fusion-fullwidth fullwidth-box fusion-builder-row-1 fusion-flex-container nonhundred-percent-fullwidth non-hundred-percent-height-scrolling\" style=\"--awb-border-radius-top-left:0px;--awb-border-radius-top-right:0px;--awb-border-radius-bottom-right:0px;--awb-border-radius-bottom-left:0px;--awb-margin-top:4%;--awb-background-color:rgba(255,255,255,0);--awb-flex-wrap:wrap;\" ><div class=\"fusion-builder-row fusion-row fusion-flex-align-items-flex-start fusion-flex-content-wrap\" style=\"max-width:1456px;margin-left: calc(-4% \/ 2 );margin-right: calc(-4% \/ 2 );\"><div class=\"fusion-layout-column fusion_builder_column fusion-builder-column-0 fusion_builder_column_1_1 1_1 fusion-flex-column\" style=\"--awb-bg-color:#ffffff;--awb-bg-color-hover:#ffffff;--awb-bg-size:cover;--awb-width-large:100%;--awb-margin-top-large:0px;--awb-spacing-right-large:1.92%;--awb-margin-bottom-large:4%;--awb-spacing-left-large:1.92%;--awb-width-medium:100%;--awb-order-medium:0;--awb-spacing-right-medium:1.92%;--awb-spacing-left-medium:1.92%;--awb-width-small:100%;--awb-order-small:0;--awb-spacing-right-small:1.92%;--awb-spacing-left-small:1.92%;\"><div class=\"fusion-column-wrapper fusion-column-has-shadow fusion-flex-justify-content-flex-start fusion-content-layout-column\"><div class=\"fusion-title title fusion-title-1 fusion-sep-none fusion-title-center fusion-title-text fusion-title-size-one uppercase\" style=\"--awb-margin-top-small:10px;--awb-margin-right-small:0px;--awb-margin-bottom-small:10px;--awb-margin-left-small:0px;\"><h1 class=\"fusion-title-heading title-heading-center\" style=\"margin:0;text-transform:uppercase;\">Transformation des plastiques<\/h1><\/div><div class=\"fusion-text fusion-text-1\" style=\"--awb-content-alignment:justify;--awb-text-transform:none;--awb-margin-top:4%;\"><p>Gr\u00e2ce \u00e0 leurs nombreuses propri\u00e9t\u00e9s, les plastiques sont de plus en plus utilis\u00e9s dans presque tous les secteurs industriels. La technologie laser joue un r\u00f4le cl\u00e9 dans leur usinage et la fabrication d\u2019outils sp\u00e9cialis\u00e9s. De plus, des machines et installations sp\u00e9cifiques peuvent \u00eatre con\u00e7ues sur mesure pour r\u00e9pondre aux exigences des processus de transformation des plastiques.<\/p>\n<\/div><div class=\"fusion-title title fusion-title-2 fusion-sep-none fusion-title-center fusion-title-text fusion-title-size-two uppercase\" style=\"--awb-margin-top:4%;--awb-margin-top-small:10px;--awb-margin-right-small:0px;--awb-margin-bottom-small:10px;--awb-margin-left-small:0px;\"><h2 class=\"fusion-title-heading title-heading-center\" style=\"margin:0;\">Outils pour le moulage par injection<\/h2><\/div><div class=\"fusion-text fusion-text-2\" style=\"--awb-content-alignment:justify;--awb-text-transform:none;\"><p>La production de microcomposants en plastique n\u00e9cessite des moules de micro-injection, difficiles \u00e0 r\u00e9aliser avec des m\u00e9thodes conventionnelles. <a title=\"Machines laser de s\u00e9rie\" href=\"https:\/\/gfh-gmbh.de\/fr\/machines-laser\/\">Les machines de micro-usinage laser<\/a> de GFH, combin\u00e9es aux <strong>lasers \u00e0 impulsions ultracourtes (UKP)<\/strong>, permettent la fabrication d\u2019inserts de moules pour des pi\u00e8ces telles que des connecteurs \u00e9lectroniques, des composants horlogers ou encore des micro-turbines. <\/p>\n<p>De plus, l\u2019usinage des plastiques implique souvent la r\u00e9alisation de micro-perforations et de structures de surface sp\u00e9cifiques. Les lasers UKP offrent une pr\u00e9cision extr\u00eame, r\u00e9alisant des trous \u00e0 l\u2019\u00e9chelle microm\u00e9trique et des <a title=\"Microstructuration\" href=\"https:\/\/gfh-gmbh.de\/fr\/procedes\/ablation\/\">micro-structurations<\/a> complexes.   Gr\u00e2ce \u00e0 leurs impulsions ultracourtes, ces lasers permettent m\u00eame d\u2019usiner des polym\u00e8res avec une absorption contr\u00f4l\u00e9e du faisceau laser.<\/p>\n<\/div><div class=\"fusion-title title fusion-title-3 fusion-sep-none fusion-title-center fusion-title-text fusion-title-size-three uppercase\" style=\"--awb-margin-top:4%;--awb-margin-top-small:10px;--awb-margin-right-small:0px;--awb-margin-bottom-small:10px;--awb-margin-left-small:0px;--awb-font-size:36px;\"><h3 class=\"fusion-title-heading title-heading-center\" style=\"margin:0;font-size:1em;\">Automatisation des processus de fabrication<\/h3><\/div><div class=\"fusion-text fusion-text-3\" style=\"--awb-content-alignment:justify;--awb-text-transform:none;\"><p>Pour am\u00e9liorer l\u2019efficacit\u00e9 des lignes de production, des syst\u00e8mes de manutention automatis\u00e9s peuvent \u00eatre d\u00e9velopp\u00e9s sur mesure. Ces solutions optimisent la mise en place des \u00e9bauches ainsi que l\u2019extraction des pi\u00e8ces finies. Les machines de GFH interviennent \u00e9galement dans les \u00e9tapes suivantes du processus, comme le contr\u00f4le qualit\u00e9, l\u2019assemblage et l\u2019emballage, garantissant ainsi une production fluide et performante.<\/p>\n<\/div><\/div><\/div><\/div><\/div>\n","protected":false},"excerpt":{"rendered":"","protected":false},"author":1,"featured_media":0,"parent":19764,"menu_order":0,"comment_status":"closed","ping_status":"closed","template":"100-width.php","meta":{"footnotes":""},"class_list":["post-19792","page","type-page","status-publish","hentry"],"_links":{"self":[{"href":"https:\/\/gfh-gmbh.de\/fr\/wp-json\/wp\/v2\/pages\/19792","targetHints":{"allow":["GET"]}}],"collection":[{"href":"https:\/\/gfh-gmbh.de\/fr\/wp-json\/wp\/v2\/pages"}],"about":[{"href":"https:\/\/gfh-gmbh.de\/fr\/wp-json\/wp\/v2\/types\/page"}],"author":[{"embeddable":true,"href":"https:\/\/gfh-gmbh.de\/fr\/wp-json\/wp\/v2\/users\/1"}],"replies":[{"embeddable":true,"href":"https:\/\/gfh-gmbh.de\/fr\/wp-json\/wp\/v2\/comments?post=19792"}],"version-history":[{"count":2,"href":"https:\/\/gfh-gmbh.de\/fr\/wp-json\/wp\/v2\/pages\/19792\/revisions"}],"predecessor-version":[{"id":19794,"href":"https:\/\/gfh-gmbh.de\/fr\/wp-json\/wp\/v2\/pages\/19792\/revisions\/19794"}],"up":[{"embeddable":true,"href":"https:\/\/gfh-gmbh.de\/fr\/wp-json\/wp\/v2\/pages\/19764"}],"wp:attachment":[{"href":"https:\/\/gfh-gmbh.de\/fr\/wp-json\/wp\/v2\/media?parent=19792"}],"curies":[{"name":"wp","href":"https:\/\/api.w.org\/{rel}","templated":true}]}}