{"id":19795,"date":"2021-05-17T15:15:43","date_gmt":"2021-05-17T13:15:43","guid":{"rendered":"https:\/\/gfh-gmbh.de\/secteurs-dapplication\/aerospatiale\/"},"modified":"2025-06-12T09:03:14","modified_gmt":"2025-06-12T07:03:14","slug":"aerospatiale","status":"publish","type":"page","link":"https:\/\/gfh-gmbh.de\/fr\/secteurs-dapplication\/aerospatiale\/","title":{"rendered":"A\u00e9rospatiale"},"content":{"rendered":"<div class=\"fusion-fullwidth fullwidth-box fusion-builder-row-1 fusion-flex-container nonhundred-percent-fullwidth non-hundred-percent-height-scrolling\" style=\"--awb-border-radius-top-left:0px;--awb-border-radius-top-right:0px;--awb-border-radius-bottom-right:0px;--awb-border-radius-bottom-left:0px;--awb-margin-top:4%;--awb-background-color:rgba(255,255,255,0);--awb-flex-wrap:wrap;\" ><div class=\"fusion-builder-row fusion-row fusion-flex-align-items-flex-start fusion-flex-content-wrap\" style=\"max-width:1456px;margin-left: calc(-4% \/ 2 );margin-right: calc(-4% \/ 2 );\"><div class=\"fusion-layout-column fusion_builder_column fusion-builder-column-0 fusion_builder_column_1_1 1_1 fusion-flex-column\" style=\"--awb-bg-color:#ffffff;--awb-bg-color-hover:#ffffff;--awb-bg-size:cover;--awb-width-large:100%;--awb-margin-top-large:0px;--awb-spacing-right-large:1.92%;--awb-margin-bottom-large:4%;--awb-spacing-left-large:1.92%;--awb-width-medium:100%;--awb-order-medium:0;--awb-spacing-right-medium:1.92%;--awb-spacing-left-medium:1.92%;--awb-width-small:100%;--awb-order-small:0;--awb-spacing-right-small:1.92%;--awb-spacing-left-small:1.92%;\"><div class=\"fusion-column-wrapper fusion-column-has-shadow fusion-flex-justify-content-flex-start fusion-content-layout-column\"><div class=\"fusion-title title fusion-title-1 fusion-sep-none fusion-title-center fusion-title-text fusion-title-size-one uppercase\" style=\"--awb-margin-top-small:10px;--awb-margin-right-small:0px;--awb-margin-bottom-small:10px;--awb-margin-left-small:0px;\"><h1 class=\"fusion-title-heading title-heading-center\" style=\"margin:0;text-transform:uppercase;\">A\u00e9rospatiale<\/h1><\/div><div class=\"fusion-text fusion-text-1\" style=\"--awb-content-alignment:justify;--awb-text-transform:none;--awb-margin-top:4%;\"><p>L\u2019industrie a\u00e9rospatiale occupe souvent une position de pionni\u00e8re dans l\u2019adoption de nouveaux mat\u00e9riaux et proc\u00e9d\u00e9s. Les technologies et mat\u00e9riaux qui y sont test\u00e9s et valid\u00e9s sont ensuite int\u00e9gr\u00e9s dans d\u2019autres secteurs industriels. La technologie laser se substitue de plus en plus aux m\u00e9thodes conventionnelles qui atteignent leurs limites, offrant des solutions avanc\u00e9es et performantes. Gr\u00e2ce aux modules polyvalents <a title=\"Syst\u00e8mes de micro-usinage laser de GFH\" href=\"https:\/\/gfh-gmbh.de\/fr\/machines-laser\/\">des syst\u00e8mes de micro-usinage laser<\/a>, de nombreuses applications sont possibles.<\/p>\n<\/div><div class=\"fusion-text fusion-text-2\" style=\"--awb-content-alignment:justify;--awb-text-transform:none;\"><p>Les plastiques renforc\u00e9s de fibres de carbone (CFK) figurent parmi les mat\u00e9riaux les plus innovants utilis\u00e9s dans l\u2019a\u00e9rospatiale. Toutefois, les techniques traditionnelles, comme le <a title=\"Micro-per\u00e7age par technologie laser\" href=\"https:\/\/gfh-gmbh.de\/fr\/procedes\/percage\/\">per\u00e7age <\/a>m\u00e9canique, ne sont pas adapt\u00e9es \u00e0 ces mat\u00e9riaux, et la d\u00e9coupe du CFK exige une pression d\u2019eau de 1000 bars. Les lasers \u00e0 impulsions ultracourtes permettent quant \u00e0 eux un usinage sans contact, r\u00e9alisant \u00e0 la fois la d\u00e9coupe et le per\u00e7age de ce mat\u00e9riau ultra-r\u00e9sistant avec une bonne pr\u00e9cision.   <\/p>\n<p>De plus, les syst\u00e8mes de micro-usinage laser offrent la possibilit\u00e9 d\u2019appliquer des <a title=\"Traiter des surfaces avec une pr\u00e9cision laser \u00e9lev\u00e9e\" href=\"https:\/\/gfh-gmbh.de\/fr\/procedes\/ablation\/\">structurations de surface<\/a> et des g\u00e9om\u00e9tries 3D \u00e0 grande vitesse sur divers mat\u00e9riaux utilis\u00e9s en a\u00e9rospatiale, notamment le titane.<\/p>\n<\/div><\/div><\/div><\/div><\/div>\n","protected":false},"excerpt":{"rendered":"","protected":false},"author":1,"featured_media":0,"parent":19764,"menu_order":0,"comment_status":"closed","ping_status":"closed","template":"100-width.php","meta":{"footnotes":""},"class_list":["post-19795","page","type-page","status-publish","hentry"],"_links":{"self":[{"href":"https:\/\/gfh-gmbh.de\/fr\/wp-json\/wp\/v2\/pages\/19795","targetHints":{"allow":["GET"]}}],"collection":[{"href":"https:\/\/gfh-gmbh.de\/fr\/wp-json\/wp\/v2\/pages"}],"about":[{"href":"https:\/\/gfh-gmbh.de\/fr\/wp-json\/wp\/v2\/types\/page"}],"author":[{"embeddable":true,"href":"https:\/\/gfh-gmbh.de\/fr\/wp-json\/wp\/v2\/users\/1"}],"replies":[{"embeddable":true,"href":"https:\/\/gfh-gmbh.de\/fr\/wp-json\/wp\/v2\/comments?post=19795"}],"version-history":[{"count":2,"href":"https:\/\/gfh-gmbh.de\/fr\/wp-json\/wp\/v2\/pages\/19795\/revisions"}],"predecessor-version":[{"id":19797,"href":"https:\/\/gfh-gmbh.de\/fr\/wp-json\/wp\/v2\/pages\/19795\/revisions\/19797"}],"up":[{"embeddable":true,"href":"https:\/\/gfh-gmbh.de\/fr\/wp-json\/wp\/v2\/pages\/19764"}],"wp:attachment":[{"href":"https:\/\/gfh-gmbh.de\/fr\/wp-json\/wp\/v2\/media?parent=19795"}],"curies":[{"name":"wp","href":"https:\/\/api.w.org\/{rel}","templated":true}]}}