{"id":19798,"date":"2021-05-17T15:29:10","date_gmt":"2021-05-17T13:29:10","guid":{"rendered":"https:\/\/gfh-gmbh.de\/secteurs-dapplication\/construction-de-machines-et-dequipements-industriels\/"},"modified":"2025-06-12T09:15:01","modified_gmt":"2025-06-12T07:15:01","slug":"construction-de-machines-et-dequipements-industriels","status":"publish","type":"page","link":"https:\/\/gfh-gmbh.de\/fr\/secteurs-dapplication\/construction-de-machines-et-dequipements-industriels\/","title":{"rendered":"Construction de machines et d\u2019\u00e9quipements industriels"},"content":{"rendered":"<div class=\"fusion-fullwidth fullwidth-box fusion-builder-row-1 fusion-flex-container nonhundred-percent-fullwidth non-hundred-percent-height-scrolling\" style=\"--awb-border-radius-top-left:0px;--awb-border-radius-top-right:0px;--awb-border-radius-bottom-right:0px;--awb-border-radius-bottom-left:0px;--awb-margin-top:4%;--awb-background-color:rgba(255,255,255,0);--awb-flex-wrap:wrap;\" ><div class=\"fusion-builder-row fusion-row fusion-flex-align-items-flex-start fusion-flex-content-wrap\" style=\"max-width:1456px;margin-left: calc(-4% \/ 2 );margin-right: calc(-4% \/ 2 );\"><div class=\"fusion-layout-column fusion_builder_column fusion-builder-column-0 fusion_builder_column_1_1 1_1 fusion-flex-column\" style=\"--awb-bg-color:#ffffff;--awb-bg-color-hover:#ffffff;--awb-bg-size:cover;--awb-width-large:100%;--awb-margin-top-large:0px;--awb-spacing-right-large:1.92%;--awb-margin-bottom-large:4%;--awb-spacing-left-large:1.92%;--awb-width-medium:100%;--awb-order-medium:0;--awb-spacing-right-medium:1.92%;--awb-spacing-left-medium:1.92%;--awb-width-small:100%;--awb-order-small:0;--awb-spacing-right-small:1.92%;--awb-spacing-left-small:1.92%;\"><div class=\"fusion-column-wrapper fusion-column-has-shadow fusion-flex-justify-content-flex-start fusion-content-layout-column\"><div class=\"fusion-title title fusion-title-1 fusion-sep-none fusion-title-center fusion-title-text fusion-title-size-one uppercase\" style=\"--awb-margin-top-small:10px;--awb-margin-right-small:0px;--awb-margin-bottom-small:10px;--awb-margin-left-small:0px;\"><h1 class=\"fusion-title-heading title-heading-center\" style=\"margin:0;\">Construction de machines et d\u2019\u00e9quipements industriels<\/h1><\/div><div class=\"fusion-text fusion-text-1\" style=\"--awb-content-alignment:justify;--awb-text-transform:none;--awb-margin-top:4%;\"><p>Dans l\u2019industrie, les machines et \u00e9quipements doivent r\u00e9pondre \u00e0 des exigences strictes en termes de dynamique, de fiabilit\u00e9 des processus et de stabilit\u00e9. Qu\u2019il s\u2019agisse de machines sp\u00e9ciales ou de lignes de production en s\u00e9rie, la technologie laser apporte des solutions adapt\u00e9es et performantes.<\/p>\n<\/div><div class=\"fusion-title title fusion-title-2 fusion-sep-none fusion-title-center fusion-title-text fusion-title-size-two uppercase\" style=\"--awb-margin-top:4%;--awb-margin-top-small:10px;--awb-margin-right-small:0px;--awb-margin-bottom-small:10px;--awb-margin-left-small:0px;\"><h2 class=\"fusion-title-heading title-heading-center\" style=\"margin:0;\">Per\u00e7age de pr\u00e9cision<\/h2><\/div><div class=\"fusion-text fusion-text-2\" style=\"--awb-content-alignment:justify;--awb-text-transform:none;\"><p>Pour garantir une durabilit\u00e9 maximale des composants soumis \u00e0 des contraintes \u00e9lev\u00e9es, le <strong>micro-usinage laser<\/strong> s\u2019impose comme une solution incontournable. Cette technologie permet d\u2019usiner presque tous les mat\u00e9riaux \u2013 de l\u2019acier inoxydable et des plastiques jusqu\u2019au diamant et aux aciers tremp\u00e9s. Gr\u00e2ce au laser et aux proc\u00e9d\u00e9s d\u2019\u00e9lectro\u00e9rosion (EDM), il est possible de r\u00e9aliser des <a title=\"Micro-per\u00e7age laser\" href=\"https:\/\/gfh-gmbh.de\/fr\/procedes\/percage\/\">micro-perforations d\u2019une extr\u00eame pr\u00e9cision<\/a> tout en r\u00e9duisant la formation de bavures. Cette m\u00e9thode est notamment utilis\u00e9e pour la fabrication de buses de pulv\u00e9risation et de paliers, o\u00f9 une finition impeccable est essentielle.   De cette mani\u00e8re, la micro-usinage laser est par exemple utilis\u00e9 pour les buses d&rsquo;injection et les composants de roulement.<\/p>\n<\/div><div class=\"fusion-title title fusion-title-3 fusion-sep-none fusion-title-center fusion-title-text fusion-title-size-three uppercase\" style=\"--awb-margin-top:4%;--awb-margin-top-small:10px;--awb-margin-right-small:0px;--awb-margin-bottom-small:10px;--awb-margin-left-small:0px;--awb-font-size:36px;\"><h3 class=\"fusion-title-heading title-heading-center\" style=\"margin:0;font-size:1em;\">Traitement des surfaces<\/h3><\/div><div class=\"fusion-text fusion-text-3\" style=\"--awb-content-alignment:justify;--awb-text-transform:none;\"><p>Outre le per\u00e7age de pr\u00e9cision, l\u2019usinage des surfaces fonctionnelles joue un r\u00f4le cl\u00e9 dans la construction de machines et d\u2019\u00e9quipements. La <a title=\"Structuration au laser\" href=\"https:\/\/gfh-gmbh.de\/fr\/procedes\/ablation\/\">micro-structuration<\/a> laser permet de cr\u00e9er des topographies de surface sp\u00e9cifiques qui influencent des param\u00e8tres critiques tels que le frottement et l\u2019usure.  Il devient ainsi possible d\u2019int\u00e9grer des structures r\u00e9duisant la friction et prolongeant la dur\u00e9e de vie des composants, m\u00eame sur des g\u00e9om\u00e9tries complexes.<\/p>\n<\/div><div class=\"fusion-title title fusion-title-4 fusion-sep-none fusion-title-center fusion-title-text fusion-title-size-four uppercase\" style=\"--awb-margin-top:4%;--awb-margin-top-small:10px;--awb-margin-right-small:0px;--awb-margin-bottom-small:10px;--awb-margin-left-small:0px;--awb-font-size:36px;\"><h4 class=\"fusion-title-heading title-heading-center\" style=\"margin:0;font-size:1em;\">Laser : l\u2019alternative au fraisage et \u00e0 l\u2019\u00e9lectro-\u00e9rosion<\/h4><\/div><div class=\"fusion-text fusion-text-4\" style=\"--awb-content-alignment:justify;--awb-text-transform:none;\"><p>Dans la fabrication industrielle, le micro-usinage laser remplace progressivement les proc\u00e9d\u00e9s conventionnels comme le fraisage et l\u2019\u00e9lectro\u00e9rosion. Contrairement \u00e0 ces m\u00e9thodes, la technologie laser offre une flexibilit\u00e9 in\u00e9gal\u00e9e pour une large gamme d\u2019applications. Elle permet un usinage sans usure, r\u00e9duisant consid\u00e9rablement l\u2019abrasion des outils. De plus, c\u2019est la seule technologie capable d\u2019atteindre une pr\u00e9cision au microm\u00e8tre pr\u00e8s, r\u00e9pondant ainsi aux exigences les plus strictes de l\u2019industrie.<\/p>\n<\/div><\/div><\/div><\/div><\/div>\n","protected":false},"excerpt":{"rendered":"","protected":false},"author":1,"featured_media":0,"parent":19764,"menu_order":0,"comment_status":"closed","ping_status":"closed","template":"100-width.php","meta":{"footnotes":""},"class_list":["post-19798","page","type-page","status-publish","hentry"],"_links":{"self":[{"href":"https:\/\/gfh-gmbh.de\/fr\/wp-json\/wp\/v2\/pages\/19798","targetHints":{"allow":["GET"]}}],"collection":[{"href":"https:\/\/gfh-gmbh.de\/fr\/wp-json\/wp\/v2\/pages"}],"about":[{"href":"https:\/\/gfh-gmbh.de\/fr\/wp-json\/wp\/v2\/types\/page"}],"author":[{"embeddable":true,"href":"https:\/\/gfh-gmbh.de\/fr\/wp-json\/wp\/v2\/users\/1"}],"replies":[{"embeddable":true,"href":"https:\/\/gfh-gmbh.de\/fr\/wp-json\/wp\/v2\/comments?post=19798"}],"version-history":[{"count":2,"href":"https:\/\/gfh-gmbh.de\/fr\/wp-json\/wp\/v2\/pages\/19798\/revisions"}],"predecessor-version":[{"id":19800,"href":"https:\/\/gfh-gmbh.de\/fr\/wp-json\/wp\/v2\/pages\/19798\/revisions\/19800"}],"up":[{"embeddable":true,"href":"https:\/\/gfh-gmbh.de\/fr\/wp-json\/wp\/v2\/pages\/19764"}],"wp:attachment":[{"href":"https:\/\/gfh-gmbh.de\/fr\/wp-json\/wp\/v2\/media?parent=19798"}],"curies":[{"name":"wp","href":"https:\/\/api.w.org\/{rel}","templated":true}]}}