{"id":19801,"date":"2021-05-17T14:41:37","date_gmt":"2021-05-17T12:41:37","guid":{"rendered":"https:\/\/gfh-gmbh.de\/secteurs-dapplication\/technologie-medicale\/"},"modified":"2025-06-12T09:38:16","modified_gmt":"2025-06-12T07:38:16","slug":"technologie-medicale","status":"publish","type":"page","link":"https:\/\/gfh-gmbh.de\/fr\/secteurs-dapplication\/technologie-medicale\/","title":{"rendered":"Technologie M\u00e9dicale"},"content":{"rendered":"<div class=\"fusion-fullwidth fullwidth-box fusion-builder-row-1 fusion-flex-container nonhundred-percent-fullwidth non-hundred-percent-height-scrolling\" style=\"--awb-border-radius-top-left:0px;--awb-border-radius-top-right:0px;--awb-border-radius-bottom-right:0px;--awb-border-radius-bottom-left:0px;--awb-margin-top:4%;--awb-background-color:rgba(255,255,255,0);--awb-flex-wrap:wrap;\" ><div class=\"fusion-builder-row fusion-row fusion-flex-align-items-flex-start fusion-flex-content-wrap\" style=\"max-width:1456px;margin-left: calc(-4% \/ 2 );margin-right: calc(-4% \/ 2 );\"><div class=\"fusion-layout-column fusion_builder_column fusion-builder-column-0 fusion_builder_column_1_1 1_1 fusion-flex-column\" style=\"--awb-bg-color:#ffffff;--awb-bg-color-hover:#ffffff;--awb-bg-size:cover;--awb-width-large:100%;--awb-margin-top-large:0px;--awb-spacing-right-large:1.92%;--awb-margin-bottom-large:4%;--awb-spacing-left-large:1.92%;--awb-width-medium:100%;--awb-order-medium:0;--awb-spacing-right-medium:1.92%;--awb-spacing-left-medium:1.92%;--awb-width-small:100%;--awb-order-small:0;--awb-spacing-right-small:1.92%;--awb-spacing-left-small:1.92%;\"><div class=\"fusion-column-wrapper fusion-column-has-shadow fusion-flex-justify-content-flex-start fusion-content-layout-column\"><div class=\"fusion-title title fusion-title-1 fusion-sep-none fusion-title-center fusion-title-text fusion-title-size-one\" style=\"--awb-margin-top-small:10px;--awb-margin-right-small:0px;--awb-margin-bottom-small:10px;--awb-margin-left-small:0px;\"><h1 class=\"fusion-title-heading title-heading-center\" style=\"margin:0;text-transform:uppercase;\">Technologie M\u00e9dicale<\/h1><\/div><div class=\"fusion-text fusion-text-1\" style=\"--awb-content-alignment:justify;--awb-text-transform:none;--awb-margin-top:4%;\"><p>Fiabilit\u00e9 absolue et respect des normes de qualit\u00e9 les plus strictes sont les exigences fondamentales du secteur m\u00e9dical. Le micro-usinage laser s&rsquo;impose comme une solution id\u00e9ale pour le traitement de divers mat\u00e9riaux, allant des polym\u00e8res au titane en passant par le saphir. Cette technologie garantit une pr\u00e9cision in\u00e9gal\u00e9e, essentielle \u00e0 la fabrication d\u2019instruments chirurgicaux de pointe.<\/p>\n<\/div><div class=\"fusion-text fusion-text-2\" style=\"--awb-content-alignment:justify;--awb-text-transform:none;\"><p>Dans le domaine des instruments de chirurgie mini-invasive, la miniaturisation des fonctionnalit\u00e9s est cruciale. Gr\u00e2ce \u00e0 la technologie laser, il est aujourd\u2019hui possible d\u2019usiner des canaux destin\u00e9s au guidage des \u00e9lectrodes dans des aiguilles chirurgicales ou encore de produire des micro-scalpels d\u2019une finesse extr\u00eame. <\/p>\n<p>D\u2019autres applications requi\u00e8rent des micro-perforations de haute pr\u00e9cision, notamment pour la fabrication de buses de pulv\u00e9risation utilis\u00e9es dans les dispositifs d\u2019inhalation. Ici, la d\u00e9coupe laser permet d\u2019atteindre des tol\u00e9rances impossibles \u00e0 obtenir avec les m\u00e9thodes traditionnelles. <\/p>\n<p>La micro structuration laser joue \u00e9galement un r\u00f4le cl\u00e9 dans l\u2019optimisation des surfaces. Par exemple, un polissage ultrafin prolonge la dur\u00e9e de vie des implants de hanche en r\u00e9duisant leur usure. \u00c0 l\u2019inverse, des surfaces textur\u00e9es favorisent l\u2019ost\u00e9o-int\u00e9gration des implants en am\u00e9liorant leur adh\u00e9rence aux tissus biologiques.<\/p>\n<\/div><\/div><\/div><\/div><\/div>\n","protected":false},"excerpt":{"rendered":"","protected":false},"author":1,"featured_media":0,"parent":19764,"menu_order":0,"comment_status":"closed","ping_status":"closed","template":"100-width.php","meta":{"footnotes":""},"class_list":["post-19801","page","type-page","status-publish","hentry"],"_links":{"self":[{"href":"https:\/\/gfh-gmbh.de\/fr\/wp-json\/wp\/v2\/pages\/19801","targetHints":{"allow":["GET"]}}],"collection":[{"href":"https:\/\/gfh-gmbh.de\/fr\/wp-json\/wp\/v2\/pages"}],"about":[{"href":"https:\/\/gfh-gmbh.de\/fr\/wp-json\/wp\/v2\/types\/page"}],"author":[{"embeddable":true,"href":"https:\/\/gfh-gmbh.de\/fr\/wp-json\/wp\/v2\/users\/1"}],"replies":[{"embeddable":true,"href":"https:\/\/gfh-gmbh.de\/fr\/wp-json\/wp\/v2\/comments?post=19801"}],"version-history":[{"count":2,"href":"https:\/\/gfh-gmbh.de\/fr\/wp-json\/wp\/v2\/pages\/19801\/revisions"}],"predecessor-version":[{"id":19803,"href":"https:\/\/gfh-gmbh.de\/fr\/wp-json\/wp\/v2\/pages\/19801\/revisions\/19803"}],"up":[{"embeddable":true,"href":"https:\/\/gfh-gmbh.de\/fr\/wp-json\/wp\/v2\/pages\/19764"}],"wp:attachment":[{"href":"https:\/\/gfh-gmbh.de\/fr\/wp-json\/wp\/v2\/media?parent=19801"}],"curies":[{"name":"wp","href":"https:\/\/api.w.org\/{rel}","templated":true}]}}