{"id":19804,"date":"2021-05-17T16:14:08","date_gmt":"2021-05-17T14:14:08","guid":{"rendered":"https:\/\/gfh-gmbh.de\/secteurs-dapplication\/secteur-agroalimentaire\/"},"modified":"2025-06-12T09:51:18","modified_gmt":"2025-06-12T07:51:18","slug":"secteur-agroalimentaire","status":"publish","type":"page","link":"https:\/\/gfh-gmbh.de\/fr\/secteurs-dapplication\/secteur-agroalimentaire\/","title":{"rendered":"Secteur agroalimentaire"},"content":{"rendered":"<div class=\"fusion-fullwidth fullwidth-box fusion-builder-row-1 fusion-flex-container nonhundred-percent-fullwidth non-hundred-percent-height-scrolling\" style=\"--awb-border-radius-top-left:0px;--awb-border-radius-top-right:0px;--awb-border-radius-bottom-right:0px;--awb-border-radius-bottom-left:0px;--awb-margin-top:4%;--awb-background-color:rgba(255,255,255,0);--awb-flex-wrap:wrap;\" ><div class=\"fusion-builder-row fusion-row fusion-flex-align-items-flex-start fusion-flex-content-wrap\" style=\"max-width:1456px;margin-left: calc(-4% \/ 2 );margin-right: calc(-4% \/ 2 );\"><div class=\"fusion-layout-column fusion_builder_column fusion-builder-column-0 fusion_builder_column_1_1 1_1 fusion-flex-column\" style=\"--awb-bg-color:#ffffff;--awb-bg-color-hover:#ffffff;--awb-bg-size:cover;--awb-width-large:100%;--awb-margin-top-large:0px;--awb-spacing-right-large:1.92%;--awb-margin-bottom-large:4%;--awb-spacing-left-large:1.92%;--awb-width-medium:100%;--awb-order-medium:0;--awb-spacing-right-medium:1.92%;--awb-spacing-left-medium:1.92%;--awb-width-small:100%;--awb-order-small:0;--awb-spacing-right-small:1.92%;--awb-spacing-left-small:1.92%;\"><div class=\"fusion-column-wrapper fusion-column-has-shadow fusion-flex-justify-content-flex-start fusion-content-layout-column\"><div class=\"fusion-title title fusion-title-1 fusion-sep-none fusion-title-center fusion-title-text fusion-title-size-one uppercase\" style=\"--awb-margin-top-small:10px;--awb-margin-right-small:0px;--awb-margin-bottom-small:10px;--awb-margin-left-small:0px;\"><h1 class=\"fusion-title-heading title-heading-center\" style=\"margin:0;\">Secteur agroalimentaire<\/h1><\/div><div class=\"fusion-text fusion-text-1\" style=\"--awb-content-alignment:justify;--awb-text-transform:none;--awb-margin-top:4%;\"><p>Dans l\u2019industrie agroalimentaire, la puret\u00e9 et la qualit\u00e9 des produits sont primordiales. Pour r\u00e9pondre \u00e0 ces exigences, de plus en plus de fabricants adoptent la technologie laser, qui offre une pr\u00e9cision et une rapidit\u00e9 essentielles \u00e0 la s\u00e9curit\u00e9 et \u00e0 la conformit\u00e9 des aliments.  <\/p>\n<p>Pour \u00e9viter la pr\u00e9sence d\u2019ingr\u00e9dients ind\u00e9sirables ou potentiellement nocifs, la production et l\u2019emballage des denr\u00e9es alimentaires font appel \u00e0 des filtres de haute pr\u00e9cision. Gr\u00e2ce aux lasers, ces filtres peuvent \u00eatre perfor\u00e9s avec une extr\u00eame rapidit\u00e9 et justesse : une <a title=\"Syst\u00e8me de micro-usinage laser\" href=\"https:\/\/gfh-gmbh.de\/fr\/machines-laser\/\">installation de micro-usinage laser<\/a> peut r\u00e9aliser jusqu\u2019\u00e0 8000 <a title=\"Per\u00e7age\" href=\"https:\/\/gfh-gmbh.de\/fr\/procedes\/percage\/\">perforations<\/a> par seconde dans des films de 5 \u00b5m d\u2019\u00e9paisseur.<\/p>\n<\/div><div class=\"fusion-title title fusion-title-2 fusion-sep-none fusion-title-center fusion-title-text fusion-title-size-two uppercase\" style=\"--awb-margin-top:4%;--awb-margin-top-small:10px;--awb-margin-right-small:0px;--awb-margin-bottom-small:10px;--awb-margin-left-small:0px;\"><h2 class=\"fusion-title-heading title-heading-center\" style=\"margin:0;\">Automatisation des laboratoires laitiers<\/h2><\/div><div class=\"fusion-text fusion-text-2\" style=\"--awb-content-alignment:justify;--awb-text-transform:none;\"><p>Dans le domaine des produits laitiers, o\u00f9 la fra\u00eecheur est cruciale, l\u2019automatisation et la rapidit\u00e9 des analyses de laboratoire sont essentielles. GFH propose des solutions avanc\u00e9es d\u2019automatisation pour optimiser ces processus et garantir un contr\u00f4le qualit\u00e9 rigoureux.<\/p>\n<\/div><\/div><\/div><\/div><\/div>\n","protected":false},"excerpt":{"rendered":"","protected":false},"author":1,"featured_media":0,"parent":19764,"menu_order":0,"comment_status":"closed","ping_status":"closed","template":"100-width.php","meta":{"footnotes":""},"class_list":["post-19804","page","type-page","status-publish","hentry"],"_links":{"self":[{"href":"https:\/\/gfh-gmbh.de\/fr\/wp-json\/wp\/v2\/pages\/19804","targetHints":{"allow":["GET"]}}],"collection":[{"href":"https:\/\/gfh-gmbh.de\/fr\/wp-json\/wp\/v2\/pages"}],"about":[{"href":"https:\/\/gfh-gmbh.de\/fr\/wp-json\/wp\/v2\/types\/page"}],"author":[{"embeddable":true,"href":"https:\/\/gfh-gmbh.de\/fr\/wp-json\/wp\/v2\/users\/1"}],"replies":[{"embeddable":true,"href":"https:\/\/gfh-gmbh.de\/fr\/wp-json\/wp\/v2\/comments?post=19804"}],"version-history":[{"count":2,"href":"https:\/\/gfh-gmbh.de\/fr\/wp-json\/wp\/v2\/pages\/19804\/revisions"}],"predecessor-version":[{"id":19806,"href":"https:\/\/gfh-gmbh.de\/fr\/wp-json\/wp\/v2\/pages\/19804\/revisions\/19806"}],"up":[{"embeddable":true,"href":"https:\/\/gfh-gmbh.de\/fr\/wp-json\/wp\/v2\/pages\/19764"}],"wp:attachment":[{"href":"https:\/\/gfh-gmbh.de\/fr\/wp-json\/wp\/v2\/media?parent=19804"}],"curies":[{"name":"wp","href":"https:\/\/api.w.org\/{rel}","templated":true}]}}