{"id":19807,"date":"2021-05-17T15:19:05","date_gmt":"2021-05-17T13:19:05","guid":{"rendered":"https:\/\/gfh-gmbh.de\/secteurs-dapplication\/technique-dessai-et-de-mesure\/"},"modified":"2025-07-09T16:34:11","modified_gmt":"2025-07-09T14:34:11","slug":"technique-dessai-et-de-mesure","status":"publish","type":"page","link":"https:\/\/gfh-gmbh.de\/fr\/secteurs-dapplication\/technique-dessai-et-de-mesure\/","title":{"rendered":"Technique d\u2019essai et de mesure"},"content":{"rendered":"<div class=\"fusion-fullwidth fullwidth-box fusion-builder-row-1 fusion-flex-container nonhundred-percent-fullwidth non-hundred-percent-height-scrolling\" style=\"--awb-border-radius-top-left:0px;--awb-border-radius-top-right:0px;--awb-border-radius-bottom-right:0px;--awb-border-radius-bottom-left:0px;--awb-margin-top:4%;--awb-background-color:rgba(255,255,255,0);--awb-flex-wrap:wrap;\" ><div class=\"fusion-builder-row fusion-row fusion-flex-align-items-flex-start fusion-flex-content-wrap\" style=\"max-width:1456px;margin-left: calc(-4% \/ 2 );margin-right: calc(-4% \/ 2 );\"><div class=\"fusion-layout-column fusion_builder_column fusion-builder-column-0 fusion_builder_column_1_1 1_1 fusion-flex-column\" style=\"--awb-bg-color:#ffffff;--awb-bg-color-hover:#ffffff;--awb-bg-size:cover;--awb-width-large:100%;--awb-margin-top-large:0px;--awb-spacing-right-large:1.92%;--awb-margin-bottom-large:4%;--awb-spacing-left-large:1.92%;--awb-width-medium:100%;--awb-order-medium:0;--awb-spacing-right-medium:1.92%;--awb-spacing-left-medium:1.92%;--awb-width-small:100%;--awb-order-small:0;--awb-spacing-right-small:1.92%;--awb-spacing-left-small:1.92%;\"><div class=\"fusion-column-wrapper fusion-column-has-shadow fusion-flex-justify-content-flex-start fusion-content-layout-column\"><div class=\"fusion-title title fusion-title-1 fusion-sep-none fusion-title-center fusion-title-text fusion-title-size-one uppercase\" style=\"--awb-margin-top-small:10px;--awb-margin-right-small:0px;--awb-margin-bottom-small:10px;--awb-margin-left-small:0px;\"><h1 class=\"fusion-title-heading title-heading-center\" style=\"margin:0;\">Technique d\u2019essai et de mesure<\/h1><\/div><div class=\"fusion-text fusion-text-1\" style=\"--awb-content-alignment:justify;--awb-text-transform:none;--awb-margin-top:4%;\"><p>Dans le domaine des techniques d\u2019 et de mesure, les composants deviennent de plus en plus petits, notamment les capteurs con\u00e7us pour mesurer avec une pr\u00e9cision extr\u00eame. Malgr\u00e9 leur miniaturisation, ces capteurs int\u00e8grent un nombre croissant de fonctionnalit\u00e9s. Pour la fabrication de ces pi\u00e8ces sensibles, les syst\u00e8mes de micro-usinage laser de GFH r\u00e9alisent aussi bien des <a title=\"Ablation par laser\" href=\"https:\/\/gfh-gmbh.de\/fr\/procedes\/ablation\/\">op\u00e9rations d\u2019ablation<\/a> de mati\u00e8re que <a title=\"Per\u00e7ages de pr\u00e9cision\" href=\"https:\/\/gfh-gmbh.de\/fr\/procedes\/percage\/\">des per\u00e7ages de pr\u00e9cision<\/a>, sur des mat\u00e9riaux conventionnels comme sur de nouveaux substrats innovants.<\/p>\n<p>Les \u00e9quipements GFH sont \u00e9galement utilis\u00e9s pour la fabrication de pi\u00e8ces ma\u00eetresses et d\u2019\u00e9talonnage, qui doivent \u00eatre d\u2019une pr\u00e9cision absolue. Gr\u00e2ce \u00e0 la technologie laser, des composants de r\u00e9f\u00e9rence tels que des \u00e9talons de plan\u00e9it\u00e9 et des d\u00e9bitm\u00e8tre de r\u00e9f\u00e9rence sont produits avec une exactitude in\u00e9gal\u00e9e.<\/p>\n<\/div><div class=\"fusion-title title fusion-title-2 fusion-sep-none fusion-title-center fusion-title-text fusion-title-size-two uppercase\" style=\"--awb-margin-top:4%;--awb-margin-top-small:10px;--awb-margin-right-small:0px;--awb-margin-bottom-small:10px;--awb-margin-left-small:0px;\"><h2 class=\"fusion-title-heading title-heading-center\" style=\"margin:0;\">Fabrication compl\u00e8te et conception de <a title=\"Construction de machines sp\u00e9ciales\" href=\"https:\/\/gfh-gmbh.de\/fr\/machines-laser\/solutions-personnalisees\/\">machines sp\u00e9ciales<\/a><\/h2><\/div><div class=\"fusion-text fusion-text-2\" style=\"--awb-content-alignment:justify;--awb-text-transform:none;\"><p>Tous les composants issus de la technique d\u2019essai et de mesure sont fabriqu\u00e9s dans les ateliers de production de GFH, garantissant une ma\u00eetrise totale du processus.<\/p>\n<p>De plus, GFH propose \u00e0 ses clients la conception et la fabrication de machines de test et de mesure sur mesure, qui ne sont pas disponibles sur le march\u00e9 standard. Parmi les r\u00e9alisations pass\u00e9es figurent des bancs d\u2019essai sp\u00e9cifiques pour injecteurs essence, des chambres d\u2019analyse de pulv\u00e9risation et des broches de mesure pour tours verticaux.<\/p>\n<\/div><\/div><\/div><\/div><\/div>\n","protected":false},"excerpt":{"rendered":"","protected":false},"author":1,"featured_media":0,"parent":19764,"menu_order":0,"comment_status":"closed","ping_status":"closed","template":"100-width.php","meta":{"footnotes":""},"class_list":["post-19807","page","type-page","status-publish","hentry"],"_links":{"self":[{"href":"https:\/\/gfh-gmbh.de\/fr\/wp-json\/wp\/v2\/pages\/19807","targetHints":{"allow":["GET"]}}],"collection":[{"href":"https:\/\/gfh-gmbh.de\/fr\/wp-json\/wp\/v2\/pages"}],"about":[{"href":"https:\/\/gfh-gmbh.de\/fr\/wp-json\/wp\/v2\/types\/page"}],"author":[{"embeddable":true,"href":"https:\/\/gfh-gmbh.de\/fr\/wp-json\/wp\/v2\/users\/1"}],"replies":[{"embeddable":true,"href":"https:\/\/gfh-gmbh.de\/fr\/wp-json\/wp\/v2\/comments?post=19807"}],"version-history":[{"count":4,"href":"https:\/\/gfh-gmbh.de\/fr\/wp-json\/wp\/v2\/pages\/19807\/revisions"}],"predecessor-version":[{"id":20138,"href":"https:\/\/gfh-gmbh.de\/fr\/wp-json\/wp\/v2\/pages\/19807\/revisions\/20138"}],"up":[{"embeddable":true,"href":"https:\/\/gfh-gmbh.de\/fr\/wp-json\/wp\/v2\/pages\/19764"}],"wp:attachment":[{"href":"https:\/\/gfh-gmbh.de\/fr\/wp-json\/wp\/v2\/media?parent=19807"}],"curies":[{"name":"wp","href":"https:\/\/api.w.org\/{rel}","templated":true}]}}