{"id":19810,"date":"2021-05-17T15:11:00","date_gmt":"2021-05-17T13:11:00","guid":{"rendered":"https:\/\/gfh-gmbh.de\/secteurs-dapplication\/industrie-textile\/"},"modified":"2025-06-12T10:10:23","modified_gmt":"2025-06-12T08:10:23","slug":"industrie-textile","status":"publish","type":"page","link":"https:\/\/gfh-gmbh.de\/fr\/secteurs-dapplication\/industrie-textile\/","title":{"rendered":"Industrie Textile"},"content":{"rendered":"<div class=\"fusion-fullwidth fullwidth-box fusion-builder-row-1 fusion-flex-container nonhundred-percent-fullwidth non-hundred-percent-height-scrolling\" style=\"--awb-border-radius-top-left:0px;--awb-border-radius-top-right:0px;--awb-border-radius-bottom-right:0px;--awb-border-radius-bottom-left:0px;--awb-margin-top:4%;--awb-background-color:rgba(255,255,255,0);--awb-flex-wrap:wrap;\" ><div class=\"fusion-builder-row fusion-row fusion-flex-align-items-flex-start fusion-flex-content-wrap\" style=\"max-width:1456px;margin-left: calc(-4% \/ 2 );margin-right: calc(-4% \/ 2 );\"><div class=\"fusion-layout-column fusion_builder_column fusion-builder-column-0 fusion_builder_column_1_1 1_1 fusion-flex-column\" style=\"--awb-bg-color:#ffffff;--awb-bg-color-hover:#ffffff;--awb-bg-size:cover;--awb-width-large:100%;--awb-margin-top-large:0px;--awb-spacing-right-large:1.92%;--awb-margin-bottom-large:4%;--awb-spacing-left-large:1.92%;--awb-width-medium:100%;--awb-order-medium:0;--awb-spacing-right-medium:1.92%;--awb-spacing-left-medium:1.92%;--awb-width-small:100%;--awb-order-small:0;--awb-spacing-right-small:1.92%;--awb-spacing-left-small:1.92%;\"><div class=\"fusion-column-wrapper fusion-column-has-shadow fusion-flex-justify-content-flex-start fusion-content-layout-column\"><div class=\"fusion-title title fusion-title-1 fusion-sep-none fusion-title-center fusion-title-text fusion-title-size-one uppercase\" style=\"--awb-margin-top-small:10px;--awb-margin-right-small:0px;--awb-margin-bottom-small:10px;--awb-margin-left-small:0px;\"><h1 class=\"fusion-title-heading title-heading-center\" style=\"margin:0;\">Industrie Textile<\/h1><\/div><div class=\"fusion-text fusion-text-1\" style=\"--awb-content-alignment:justify;--awb-text-transform:none;--awb-margin-top:4%;\"><p>Dynamisme, fiabilit\u00e9 des processus et stabilit\u00e9 sont des exigences essentielles pour les machines et \u00e9quipements utilis\u00e9s dans l\u2019industrie textile. Dans ce secteur, la <strong>technologie de micro-usinage laser<\/strong> de GFH est principalement employ\u00e9e pour <a title=\"Per\u00e7age laser\" href=\"https:\/\/gfh-gmbh.de\/fr\/procedes\/percage\/\">le per\u00e7age laser<\/a> des fili\u00e8res de filage.<\/p>\n<\/div><div class=\"fusion-text fusion-text-2\" style=\"--awb-content-alignment:justify;--awb-text-transform:none;\"><p>Les fili\u00e8res de filage sont des plaques circulaires ou rectangulaires en verre, m\u00e9tal ou c\u00e9ramique, comportant plusieurs ouvertures identiques. Leur r\u00f4le est de diviser, sous pression constante, la masse fondue en fins jets de solution, qui seront ensuite solidifi\u00e9s en filaments par des traitements chimiques ou physiques adapt\u00e9s au proc\u00e9d\u00e9 de filage utilis\u00e9. L\u2019\u00e9paisseur des plaques varie selon la m\u00e9thode employ\u00e9e : entre 8 et 25 mm pour le filage par fusion et entre 0,8 et 2 mm pour le filage par solution \u00e0 faible pression.<br \/>Les mat\u00e9riaux utilis\u00e9s pour les fili\u00e8res doivent \u00eatre compatibles avec les conditions du proc\u00e9d\u00e9. Par exemple, pour le filage humide \u00e0 90 \u00b0C, on privil\u00e9gie des alliages tels que l\u2019or-platine-iridium, le nickel, le tantale ou le verre. Pour le filage \u00e0 sec \u00e0 350 \u00b0C, l\u2019acier inoxydable est utilis\u00e9. Le nombre de perforations par fili\u00e8re varie entre 1 (mono filament) et 250 000 (multi filament), influen\u00e7ant directement la finesse et les propri\u00e9t\u00e9s des fibres obtenues. Si les perforations sont g\u00e9n\u00e9ralement rondes, d\u2019autres formes de profil existent pour modifier la g\u00e9om\u00e9trie des filaments en fonction des exigences sp\u00e9cifiques.           <\/p>\n<p>Gr\u00e2ce \u00e0 la flexibilit\u00e9 des proc\u00e9d\u00e9s de per\u00e7age laser, il est possible d\u2019adapter la forme des trous pour d\u00e9velopper de nouvelles g\u00e9om\u00e9tries de fibres, optimis\u00e9es selon l\u2019application souhait\u00e9e. Cette pr\u00e9cision accrue am\u00e9liore l\u2019homog\u00e9n\u00e9it\u00e9 des fibres, r\u00e9duit les co\u00fbts de production et augmente ainsi l\u2019efficacit\u00e9 globale du processus.<\/p>\n<\/div><\/div><\/div><\/div><\/div>\n","protected":false},"excerpt":{"rendered":"","protected":false},"author":1,"featured_media":0,"parent":19764,"menu_order":0,"comment_status":"closed","ping_status":"closed","template":"100-width.php","meta":{"footnotes":""},"class_list":["post-19810","page","type-page","status-publish","hentry"],"_links":{"self":[{"href":"https:\/\/gfh-gmbh.de\/fr\/wp-json\/wp\/v2\/pages\/19810","targetHints":{"allow":["GET"]}}],"collection":[{"href":"https:\/\/gfh-gmbh.de\/fr\/wp-json\/wp\/v2\/pages"}],"about":[{"href":"https:\/\/gfh-gmbh.de\/fr\/wp-json\/wp\/v2\/types\/page"}],"author":[{"embeddable":true,"href":"https:\/\/gfh-gmbh.de\/fr\/wp-json\/wp\/v2\/users\/1"}],"replies":[{"embeddable":true,"href":"https:\/\/gfh-gmbh.de\/fr\/wp-json\/wp\/v2\/comments?post=19810"}],"version-history":[{"count":2,"href":"https:\/\/gfh-gmbh.de\/fr\/wp-json\/wp\/v2\/pages\/19810\/revisions"}],"predecessor-version":[{"id":19812,"href":"https:\/\/gfh-gmbh.de\/fr\/wp-json\/wp\/v2\/pages\/19810\/revisions\/19812"}],"up":[{"embeddable":true,"href":"https:\/\/gfh-gmbh.de\/fr\/wp-json\/wp\/v2\/pages\/19764"}],"wp:attachment":[{"href":"https:\/\/gfh-gmbh.de\/fr\/wp-json\/wp\/v2\/media?parent=19810"}],"curies":[{"name":"wp","href":"https:\/\/api.w.org\/{rel}","templated":true}]}}