{"id":19813,"date":"2021-05-17T15:23:51","date_gmt":"2021-05-17T13:23:51","guid":{"rendered":"https:\/\/gfh-gmbh.de\/secteurs-dapplication\/horlogerie-joaillerie\/"},"modified":"2025-06-12T10:18:05","modified_gmt":"2025-06-12T08:18:05","slug":"horlogerie-joaillerie","status":"publish","type":"page","link":"https:\/\/gfh-gmbh.de\/fr\/secteurs-dapplication\/horlogerie-joaillerie\/","title":{"rendered":"Horlogerie &amp; Joaillerie"},"content":{"rendered":"<div class=\"fusion-fullwidth fullwidth-box fusion-builder-row-1 fusion-flex-container nonhundred-percent-fullwidth non-hundred-percent-height-scrolling\" style=\"--awb-border-radius-top-left:0px;--awb-border-radius-top-right:0px;--awb-border-radius-bottom-right:0px;--awb-border-radius-bottom-left:0px;--awb-margin-top:4%;--awb-background-color:rgba(255,255,255,0);--awb-flex-wrap:wrap;\" ><div class=\"fusion-builder-row fusion-row fusion-flex-align-items-flex-start fusion-flex-content-wrap\" style=\"max-width:1456px;margin-left: calc(-4% \/ 2 );margin-right: calc(-4% \/ 2 );\"><div class=\"fusion-layout-column fusion_builder_column fusion-builder-column-0 fusion_builder_column_1_1 1_1 fusion-flex-column\" style=\"--awb-bg-color:#ffffff;--awb-bg-color-hover:#ffffff;--awb-bg-size:cover;--awb-width-large:100%;--awb-margin-top-large:0px;--awb-spacing-right-large:1.92%;--awb-margin-bottom-large:4%;--awb-spacing-left-large:1.92%;--awb-width-medium:100%;--awb-order-medium:0;--awb-spacing-right-medium:1.92%;--awb-spacing-left-medium:1.92%;--awb-width-small:100%;--awb-order-small:0;--awb-spacing-right-small:1.92%;--awb-spacing-left-small:1.92%;\"><div class=\"fusion-column-wrapper fusion-column-has-shadow fusion-flex-justify-content-flex-start fusion-content-layout-column\"><div class=\"fusion-title title fusion-title-1 fusion-sep-none fusion-title-center fusion-title-text fusion-title-size-one uppercase\" style=\"--awb-margin-top-small:10px;--awb-margin-right-small:0px;--awb-margin-bottom-small:10px;--awb-margin-left-small:0px;\"><h1 class=\"fusion-title-heading title-heading-center\" style=\"margin:0;\">Horlogerie &amp; Joaillerie<\/h1><\/div><div class=\"fusion-text fusion-text-1\" style=\"--awb-content-alignment:justify;--awb-text-transform:none;--awb-margin-top:4%;\"><p>Dans l\u2019industrie de l\u2019horlogerie et de la joaillerie, les machines de micro-usinage laser de GFH sont principalement utilis\u00e9es pour la finition des surfaces ainsi que pour des travaux de pr\u00e9cision d\u2019une extr\u00eame finesse.<\/p>\n<\/div><div class=\"fusion-title title fusion-title-2 fusion-sep-none fusion-title-center fusion-title-text fusion-title-size-two uppercase\" style=\"--awb-margin-top:4%;--awb-margin-top-small:10px;--awb-margin-right-small:0px;--awb-margin-bottom-small:10px;--awb-margin-left-small:0px;\"><h2 class=\"fusion-title-heading title-heading-center\" style=\"margin:0;\">D\u00e9polissage au Laser<\/h2><\/div><div class=\"fusion-text fusion-text-2\" style=\"--awb-content-alignment:justify;--awb-text-transform:none;\"><p>Jusqu\u2019\u00e0 pr\u00e9sent, le d\u00e9polissage des pi\u00e8ces en or et en argent \u00e9tait r\u00e9alis\u00e9 par des proc\u00e9d\u00e9s chimiques ou un brossage m\u00e9canique. Aujourd\u2019hui, la <a title=\"Microstructuration pour la bijouterie et l\u2019horlogerie\" href=\"https:\/\/gfh-gmbh.de\/fr\/procedes\/ablation\/\">structuration laser des surfaces<\/a> offre une alternative innovante, garantissant une finition mate homog\u00e8ne, m\u00eame sur des formes complexes en 3D.  Ce traitement se distingue par une durabilit\u00e9 jusqu\u2019\u00e0 trois fois sup\u00e9rieure aux techniques conventionnelles.<\/p>\n<p>Les composants horlogers sont souvent fabriqu\u00e9s en petites s\u00e9ries, voire \u00e0 l\u2019unit\u00e9. Gr\u00e2ce \u00e0 leur pr\u00e9cision m\u00e9canique exceptionnelle, <strong>les machines de micro-usinage laser<\/strong> de GFH assurent une qualit\u00e9 optimale, m\u00eame pour des pi\u00e8ces uniques.<\/p>\n<\/div><div class=\"fusion-title title fusion-title-3 fusion-sep-none fusion-title-center fusion-title-text fusion-title-size-three uppercase\" style=\"--awb-margin-top:4%;--awb-margin-top-small:10px;--awb-margin-right-small:0px;--awb-margin-bottom-small:10px;--awb-margin-left-small:0px;--awb-font-size:36px;\"><h3 class=\"fusion-title-heading title-heading-center\" style=\"margin:0;font-size:1em;\">Service de Fabrication Personnalis\u00e9e<\/h3><\/div><div class=\"fusion-text fusion-text-3\" style=\"--awb-content-alignment:justify;--awb-text-transform:none;\"><p>GFH propose \u00e9galement un <a title=\"Sous-traitance laser de haute pr\u00e9cision\" href=\"https:\/\/gfh-gmbh.de\/fr\/sous-traitance-laser-de-haute-precision\/\">service de fabrication de pr\u00e9cision<\/a> sur mesure pour les pi\u00e8ces horlog\u00e8res et joailli\u00e8res, r\u00e9alis\u00e9 directement dans ses ateliers selon les sp\u00e9cifications du client.<\/p>\n<\/div><\/div><\/div><\/div><\/div>\n","protected":false},"excerpt":{"rendered":"","protected":false},"author":1,"featured_media":0,"parent":19764,"menu_order":0,"comment_status":"closed","ping_status":"closed","template":"100-width.php","meta":{"footnotes":""},"class_list":["post-19813","page","type-page","status-publish","hentry"],"_links":{"self":[{"href":"https:\/\/gfh-gmbh.de\/fr\/wp-json\/wp\/v2\/pages\/19813","targetHints":{"allow":["GET"]}}],"collection":[{"href":"https:\/\/gfh-gmbh.de\/fr\/wp-json\/wp\/v2\/pages"}],"about":[{"href":"https:\/\/gfh-gmbh.de\/fr\/wp-json\/wp\/v2\/types\/page"}],"author":[{"embeddable":true,"href":"https:\/\/gfh-gmbh.de\/fr\/wp-json\/wp\/v2\/users\/1"}],"replies":[{"embeddable":true,"href":"https:\/\/gfh-gmbh.de\/fr\/wp-json\/wp\/v2\/comments?post=19813"}],"version-history":[{"count":2,"href":"https:\/\/gfh-gmbh.de\/fr\/wp-json\/wp\/v2\/pages\/19813\/revisions"}],"predecessor-version":[{"id":19815,"href":"https:\/\/gfh-gmbh.de\/fr\/wp-json\/wp\/v2\/pages\/19813\/revisions\/19815"}],"up":[{"embeddable":true,"href":"https:\/\/gfh-gmbh.de\/fr\/wp-json\/wp\/v2\/pages\/19764"}],"wp:attachment":[{"href":"https:\/\/gfh-gmbh.de\/fr\/wp-json\/wp\/v2\/media?parent=19813"}],"curies":[{"name":"wp","href":"https:\/\/api.w.org\/{rel}","templated":true}]}}