{"id":19816,"date":"2021-05-17T15:13:04","date_gmt":"2021-05-17T13:13:04","guid":{"rendered":"https:\/\/gfh-gmbh.de\/secteurs-dapplication\/industrie-de-lemballage\/"},"modified":"2025-06-12T10:20:43","modified_gmt":"2025-06-12T08:20:43","slug":"industrie-de-lemballage","status":"publish","type":"page","link":"https:\/\/gfh-gmbh.de\/fr\/secteurs-dapplication\/industrie-de-lemballage\/","title":{"rendered":"Industrie de l\u2019emballage"},"content":{"rendered":"<div class=\"fusion-fullwidth fullwidth-box fusion-builder-row-1 fusion-flex-container nonhundred-percent-fullwidth non-hundred-percent-height-scrolling\" style=\"--awb-border-radius-top-left:0px;--awb-border-radius-top-right:0px;--awb-border-radius-bottom-right:0px;--awb-border-radius-bottom-left:0px;--awb-margin-top:4%;--awb-background-color:rgba(255,255,255,0);--awb-flex-wrap:wrap;\" ><div class=\"fusion-builder-row fusion-row fusion-flex-align-items-flex-start fusion-flex-content-wrap\" style=\"max-width:1456px;margin-left: calc(-4% \/ 2 );margin-right: calc(-4% \/ 2 );\"><div class=\"fusion-layout-column fusion_builder_column fusion-builder-column-0 fusion_builder_column_1_1 1_1 fusion-flex-column\" style=\"--awb-bg-color:#ffffff;--awb-bg-color-hover:#ffffff;--awb-bg-size:cover;--awb-width-large:100%;--awb-margin-top-large:0px;--awb-spacing-right-large:1.92%;--awb-margin-bottom-large:4%;--awb-spacing-left-large:1.92%;--awb-width-medium:100%;--awb-order-medium:0;--awb-spacing-right-medium:1.92%;--awb-spacing-left-medium:1.92%;--awb-width-small:100%;--awb-order-small:0;--awb-spacing-right-small:1.92%;--awb-spacing-left-small:1.92%;\"><div class=\"fusion-column-wrapper fusion-column-has-shadow fusion-flex-justify-content-flex-start fusion-content-layout-column\"><div class=\"fusion-title title fusion-title-1 fusion-sep-none fusion-title-center fusion-title-text fusion-title-size-one uppercase\" style=\"--awb-margin-top-small:10px;--awb-margin-right-small:0px;--awb-margin-bottom-small:10px;--awb-margin-left-small:0px;\"><h1 class=\"fusion-title-heading title-heading-center\" style=\"margin:0;\">Industrie de l\u2019emballage<\/h1><\/div><div class=\"fusion-text fusion-text-1\" style=\"--awb-content-alignment:justify;--awb-text-transform:none;--awb-margin-top:4%;\"><p>Dans l\u2019industrie de l\u2019emballage, la <strong>technologie laser<\/strong> joue un r\u00f4le de plus en plus essentiel, notamment pour le marquage des m\u00e9dicaments et l\u2019identification des pi\u00e8ces automobiles. Papier, plastique, mousse et autres mat\u00e9riaux d\u2019emballage peuvent \u00eatre marqu\u00e9s avec une grande pr\u00e9cision gr\u00e2ce aux lasers. La rapidit\u00e9 et la flexibilit\u00e9 de cette technologie en font une solution id\u00e9ale pour la production en s\u00e9rie.<\/p>\n<\/div><div class=\"fusion-text fusion-text-2\" style=\"--awb-content-alignment:justify;--awb-text-transform:none;--awb-margin-top:0px;\"><p>Dans le domaine pharmaceutique, la r\u00e9glementation impose un marquage pr\u00e9cis et infalsifiable des produits. Chaque ann\u00e9e, plusieurs millions d\u2019emballages de m\u00e9dicaments sont grav\u00e9s au laser, garantissant une identification fiable et durable.<br \/>\nDans l\u2019industrie automobile, les syst\u00e8mes de marquage en ligne permettent d\u2019identifier des composants individuels tels que les arbres \u00e0 cames ou les injecteurs. Cette tra\u00e7abilit\u00e9 renforce la plus-value des pi\u00e8ces et optimise la gestion des r\u00e9clamations.<br \/>\nPour le marquage des inserts d\u2019outillage, les <strong>lasers \u00e0 impulsions ultracourtes<\/strong> permettent des gravures d\u2019une pr\u00e9cision sub-microm\u00e9trique. Cela \u00e9vite des retouches complexes et permet d\u2019appliquer directement des \u00e9chelles de mesure sur des surfaces hautement polies lors de la derni\u00e8re \u00e9tape d\u2019usinage.<br \/>\nLes micro-marques et les hologrammes (structures d\u2019interf\u00e9rence) constituent une solution efficace pour lutter contre la contrefa\u00e7on. Ces marquages invisibles \u00e0 l\u2019\u0153il nu ne deviennent d\u00e9tectables qu\u2019avec un grossissement de 1000 fois, garantissant une protection optimale contre la falsification.<\/p>\n<\/div><\/div><\/div><\/div><\/div>\n","protected":false},"excerpt":{"rendered":"","protected":false},"author":1,"featured_media":0,"parent":19764,"menu_order":0,"comment_status":"closed","ping_status":"closed","template":"100-width.php","meta":{"footnotes":""},"class_list":["post-19816","page","type-page","status-publish","hentry"],"_links":{"self":[{"href":"https:\/\/gfh-gmbh.de\/fr\/wp-json\/wp\/v2\/pages\/19816","targetHints":{"allow":["GET"]}}],"collection":[{"href":"https:\/\/gfh-gmbh.de\/fr\/wp-json\/wp\/v2\/pages"}],"about":[{"href":"https:\/\/gfh-gmbh.de\/fr\/wp-json\/wp\/v2\/types\/page"}],"author":[{"embeddable":true,"href":"https:\/\/gfh-gmbh.de\/fr\/wp-json\/wp\/v2\/users\/1"}],"replies":[{"embeddable":true,"href":"https:\/\/gfh-gmbh.de\/fr\/wp-json\/wp\/v2\/comments?post=19816"}],"version-history":[{"count":2,"href":"https:\/\/gfh-gmbh.de\/fr\/wp-json\/wp\/v2\/pages\/19816\/revisions"}],"predecessor-version":[{"id":19818,"href":"https:\/\/gfh-gmbh.de\/fr\/wp-json\/wp\/v2\/pages\/19816\/revisions\/19818"}],"up":[{"embeddable":true,"href":"https:\/\/gfh-gmbh.de\/fr\/wp-json\/wp\/v2\/pages\/19764"}],"wp:attachment":[{"href":"https:\/\/gfh-gmbh.de\/fr\/wp-json\/wp\/v2\/media?parent=19816"}],"curies":[{"name":"wp","href":"https:\/\/api.w.org\/{rel}","templated":true}]}}