{"id":19819,"date":"2021-05-17T16:12:09","date_gmt":"2021-05-17T14:12:09","guid":{"rendered":"https:\/\/gfh-gmbh.de\/secteurs-dapplication\/fabrication-doutils\/"},"modified":"2025-06-12T10:25:43","modified_gmt":"2025-06-12T08:25:43","slug":"fabrication-doutils","status":"publish","type":"page","link":"https:\/\/gfh-gmbh.de\/fr\/secteurs-dapplication\/fabrication-doutils\/","title":{"rendered":"Fabrication d\u2019outils"},"content":{"rendered":"<div class=\"fusion-fullwidth fullwidth-box fusion-builder-row-1 fusion-flex-container nonhundred-percent-fullwidth non-hundred-percent-height-scrolling\" style=\"--awb-border-radius-top-left:0px;--awb-border-radius-top-right:0px;--awb-border-radius-bottom-right:0px;--awb-border-radius-bottom-left:0px;--awb-margin-top:4%;--awb-background-color:rgba(255,255,255,0);--awb-flex-wrap:wrap;\" ><div class=\"fusion-builder-row fusion-row fusion-flex-align-items-flex-start fusion-flex-content-wrap\" style=\"max-width:1456px;margin-left: calc(-4% \/ 2 );margin-right: calc(-4% \/ 2 );\"><div class=\"fusion-layout-column fusion_builder_column fusion-builder-column-0 fusion_builder_column_1_1 1_1 fusion-flex-column\" style=\"--awb-bg-color:#ffffff;--awb-bg-color-hover:#ffffff;--awb-bg-size:cover;--awb-width-large:100%;--awb-margin-top-large:0px;--awb-spacing-right-large:1.92%;--awb-margin-bottom-large:4%;--awb-spacing-left-large:1.92%;--awb-width-medium:100%;--awb-order-medium:0;--awb-spacing-right-medium:1.92%;--awb-spacing-left-medium:1.92%;--awb-width-small:100%;--awb-order-small:0;--awb-spacing-right-small:1.92%;--awb-spacing-left-small:1.92%;\"><div class=\"fusion-column-wrapper fusion-column-has-shadow fusion-flex-justify-content-flex-start fusion-content-layout-column\"><div class=\"fusion-title title fusion-title-1 fusion-sep-none fusion-title-center fusion-title-text fusion-title-size-one uppercase\" style=\"--awb-margin-top-small:10px;--awb-margin-right-small:0px;--awb-margin-bottom-small:10px;--awb-margin-left-small:0px;\"><h1 class=\"fusion-title-heading title-heading-center\" style=\"margin:0;\">Fabrication d\u2019outils<\/h1><\/div><div class=\"fusion-text fusion-text-1\" style=\"--awb-content-alignment:justify;--awb-text-transform:none;--awb-margin-top:4%;\"><p>Dans le domaine de la fabrication d\u2019outils, le <strong>micro-usinage laser <\/strong>est principalement utilis\u00e9 pour la cr\u00e9ation de guides et brises copeaux.<\/p>\n<\/div><div class=\"fusion-text fusion-text-2\" style=\"--awb-content-alignment:justify;--awb-text-transform:none;\"><p>Dans les technologies d\u2019usinage, la qualit\u00e9 de l\u2019outil est d\u00e9terminante pour obtenir un produit fini irr\u00e9prochable. Face aux exigences croissantes de l\u2019industrie, une ar\u00eate de coupe parfaitement aff\u00fbt\u00e9e ne suffit plus. Aujourd\u2019hui, les outils sont dot\u00e9s de guides de copeaux qui am\u00e9liorent l\u2019\u00e9vacuation des copeaux et optimisent l\u2019usinage des mat\u00e9riaux.  <\/p>\n<p>Ces structures sp\u00e9cifiques sont directement grav\u00e9es dans la mati\u00e8re au plus pr\u00e8s de l\u2019ar\u00eate de coupe gr\u00e2ce \u00e0 la technologie laser. Elles facilitent l\u2019\u00e9vacuation des copeaux et influencent la qualit\u00e9 des r\u00e9sidus de coupe. Pour garantir une pr\u00e9cision optimale, GFH associe la technologie des <a title=\"Technologie laser \u00e0 impulsions ultra-courtes (ULP)\" href=\"https:\/\/gfh-gmbh.de\/fr\/technologie\/\">lasers \u00e0 impulsions ultracourtes<\/a> \u00e0 des solutions de machines-outils de haute pr\u00e9cision. Cette combinaison permet d\u2019usiner les ar\u00eates et d\u2019int\u00e9grer avec exactitude les guides de copeaux dans le mat\u00e9riau, assurant ainsi des performances maximales.<\/p>\n<\/div><\/div><\/div><\/div><\/div>\n","protected":false},"excerpt":{"rendered":"","protected":false},"author":1,"featured_media":0,"parent":19764,"menu_order":0,"comment_status":"closed","ping_status":"closed","template":"100-width.php","meta":{"footnotes":""},"class_list":["post-19819","page","type-page","status-publish","hentry"],"_links":{"self":[{"href":"https:\/\/gfh-gmbh.de\/fr\/wp-json\/wp\/v2\/pages\/19819","targetHints":{"allow":["GET"]}}],"collection":[{"href":"https:\/\/gfh-gmbh.de\/fr\/wp-json\/wp\/v2\/pages"}],"about":[{"href":"https:\/\/gfh-gmbh.de\/fr\/wp-json\/wp\/v2\/types\/page"}],"author":[{"embeddable":true,"href":"https:\/\/gfh-gmbh.de\/fr\/wp-json\/wp\/v2\/users\/1"}],"replies":[{"embeddable":true,"href":"https:\/\/gfh-gmbh.de\/fr\/wp-json\/wp\/v2\/comments?post=19819"}],"version-history":[{"count":2,"href":"https:\/\/gfh-gmbh.de\/fr\/wp-json\/wp\/v2\/pages\/19819\/revisions"}],"predecessor-version":[{"id":19821,"href":"https:\/\/gfh-gmbh.de\/fr\/wp-json\/wp\/v2\/pages\/19819\/revisions\/19821"}],"up":[{"embeddable":true,"href":"https:\/\/gfh-gmbh.de\/fr\/wp-json\/wp\/v2\/pages\/19764"}],"wp:attachment":[{"href":"https:\/\/gfh-gmbh.de\/fr\/wp-json\/wp\/v2\/media?parent=19819"}],"curies":[{"name":"wp","href":"https:\/\/api.w.org\/{rel}","templated":true}]}}