{"id":19890,"date":"2021-06-21T21:59:16","date_gmt":"2021-06-21T19:59:16","guid":{"rendered":"https:\/\/gfh-gmbh.de\/enterprise\/gestion-de-la-qualite\/"},"modified":"2025-06-12T11:28:11","modified_gmt":"2025-06-12T09:28:11","slug":"gestion-de-la-qualite","status":"publish","type":"page","link":"https:\/\/gfh-gmbh.de\/fr\/enterprise\/gestion-de-la-qualite\/","title":{"rendered":"GESTION DE LA QUALIT\u00c9"},"content":{"rendered":"<div class=\"fusion-fullwidth fullwidth-box fusion-builder-row-1 fusion-flex-container nonhundred-percent-fullwidth non-hundred-percent-height-scrolling\" style=\"--awb-border-radius-top-left:0px;--awb-border-radius-top-right:0px;--awb-border-radius-bottom-right:0px;--awb-border-radius-bottom-left:0px;--awb-margin-top:4%;--awb-background-color:rgba(255,255,255,0);--awb-flex-wrap:wrap;\" ><div class=\"fusion-builder-row fusion-row fusion-flex-align-items-flex-start fusion-flex-content-wrap\" style=\"max-width:1456px;margin-left: calc(-4% \/ 2 );margin-right: calc(-4% \/ 2 );\"><div class=\"fusion-layout-column fusion_builder_column fusion-builder-column-0 fusion_builder_column_1_1 1_1 fusion-flex-column\" style=\"--awb-bg-color:#ffffff;--awb-bg-color-hover:#ffffff;--awb-bg-size:cover;--awb-width-large:100%;--awb-margin-top-large:0px;--awb-spacing-right-large:1.92%;--awb-margin-bottom-large:4%;--awb-spacing-left-large:1.92%;--awb-width-medium:100%;--awb-order-medium:0;--awb-spacing-right-medium:1.92%;--awb-spacing-left-medium:1.92%;--awb-width-small:100%;--awb-order-small:0;--awb-spacing-right-small:1.92%;--awb-spacing-left-small:1.92%;\"><div class=\"fusion-column-wrapper fusion-column-has-shadow fusion-flex-justify-content-flex-start fusion-content-layout-column\"><div class=\"fusion-title title fusion-title-1 fusion-sep-none fusion-title-center fusion-title-text fusion-title-size-one uppercase\" style=\"--awb-margin-top-small:10px;--awb-margin-right-small:0px;--awb-margin-bottom-small:10px;--awb-margin-left-small:0px;\"><h1 class=\"fusion-title-heading title-heading-center\" style=\"margin:0;\">GESTION DE LA QUALIT\u00c9<\/h1><\/div><div class=\"fusion-text fusion-text-1\" style=\"--awb-content-alignment:justify;--awb-text-transform:none;--awb-margin-top:4%;\"><p>Avec une flexibilit\u00e9 optimale tant dans le d\u00e9veloppement que dans la production, associ\u00e9e \u00e0 des produits performants, rapides et d\u2019une qualit\u00e9 irr\u00e9prochable, nous visons \u00e0 \u00e9tablir une relation de confiance avec nos clients et \u00e0 am\u00e9liorer continuellement leur satisfaction. De plus, nous nous positionnons comme un partenaire fiable, pr\u00eat \u00e0 vous accompagner dans la r\u00e9solution de probl\u00e8mes et les prises de d\u00e9cisions strat\u00e9giques. L&rsquo;am\u00e9lioration continue de notre syst\u00e8me de gestion de la qualit\u00e9 permet \u00e0 GFH d&rsquo;atteindre les standards les plus \u00e9lev\u00e9s.  <\/p>\n<p>Gr\u00e2ce \u00e0 notre expertise de longue date dans la fabrication de machines laser et le d\u00e9veloppement de processus, nous mettons \u00e0 votre disposition des technologies de mesure et de contr\u00f4le de pointe.<\/p>\n<p>GFH GmbH privil\u00e9gie l&rsquo;utilisation de mat\u00e9riaux de haute qualit\u00e9 et s\u00e9lectionne exclusivement des fournisseurs renomm\u00e9s.<\/p>\n<p>Lors de la fabrication de nos machines laser, nous garantissons une pr\u00e9cision extr\u00eame gr\u00e2ce \u00e0 des mesures nanom\u00e9triques. Toutes les r\u00e9glementations applicables aux machines sont scrupuleusement respect\u00e9es, garantissant ainsi la certification CE de chacune de nos machines GL. <\/p>\n<p>Nous nous engageons \u00e9galement dans un processus rigoureux d\u2019audit et de certification selon la norme DIN ISO 9001:2015.<\/p>\n<\/div><div style=\"text-align:center;\"><a class=\"fusion-button button-flat fusion-button-default-size button-custom fusion-button-default button-1 fusion-button-span-no fusion-button-default-type\" style=\"--button_accent_color:#ffffff;--button_accent_hover_color:#f49e00;--button_border_hover_color:#f49e00;--button_gradient_top_color:#f49e00;--button_gradient_bottom_color:#f49e00;--button_gradient_top_color_hover:#ffffff;--button_gradient_bottom_color_hover:#ffffff;--button_text_transform:uppercase;--button_margin-top:1%;--button_margin-bottom:4%;\" target=\"_blank\" rel=\"noopener noreferrer\" title=\"Certification ISO 9001:2015\" aria-label=\"Certification ISO 9001:2015\" href=\"\/wp-content\/uploads\/Zertifikat-ISO-9001_2015.pdf\"><span class=\"fusion-button-text awb-button__text awb-button__text--default\">Certification ISO 9001:2015<\/span><\/a><\/div><\/div><\/div><\/div><\/div>\n","protected":false},"excerpt":{"rendered":"","protected":false},"author":1,"featured_media":0,"parent":19827,"menu_order":0,"comment_status":"closed","ping_status":"closed","template":"100-width.php","meta":{"footnotes":""},"class_list":["post-19890","page","type-page","status-publish","hentry"],"_links":{"self":[{"href":"https:\/\/gfh-gmbh.de\/fr\/wp-json\/wp\/v2\/pages\/19890","targetHints":{"allow":["GET"]}}],"collection":[{"href":"https:\/\/gfh-gmbh.de\/fr\/wp-json\/wp\/v2\/pages"}],"about":[{"href":"https:\/\/gfh-gmbh.de\/fr\/wp-json\/wp\/v2\/types\/page"}],"author":[{"embeddable":true,"href":"https:\/\/gfh-gmbh.de\/fr\/wp-json\/wp\/v2\/users\/1"}],"replies":[{"embeddable":true,"href":"https:\/\/gfh-gmbh.de\/fr\/wp-json\/wp\/v2\/comments?post=19890"}],"version-history":[{"count":2,"href":"https:\/\/gfh-gmbh.de\/fr\/wp-json\/wp\/v2\/pages\/19890\/revisions"}],"predecessor-version":[{"id":19893,"href":"https:\/\/gfh-gmbh.de\/fr\/wp-json\/wp\/v2\/pages\/19890\/revisions\/19893"}],"up":[{"embeddable":true,"href":"https:\/\/gfh-gmbh.de\/fr\/wp-json\/wp\/v2\/pages\/19827"}],"wp:attachment":[{"href":"https:\/\/gfh-gmbh.de\/fr\/wp-json\/wp\/v2\/media?parent=19890"}],"curies":[{"name":"wp","href":"https:\/\/api.w.org\/{rel}","templated":true}]}}