{"id":19898,"date":"2021-06-22T14:09:46","date_gmt":"2021-06-22T12:09:46","guid":{"rendered":"https:\/\/gfh-gmbh.de\/enterprise\/presse\/"},"modified":"2025-12-04T15:51:07","modified_gmt":"2025-12-04T14:51:07","slug":"presse","status":"publish","type":"page","link":"https:\/\/gfh-gmbh.de\/fr\/enterprise\/presse\/","title":{"rendered":"PRESSE"},"content":{"rendered":"<div class=\"fusion-fullwidth fullwidth-box fusion-builder-row-1 fusion-flex-container has-pattern-background has-mask-background nonhundred-percent-fullwidth non-hundred-percent-height-scrolling\" style=\"--awb-border-radius-top-left:0px;--awb-border-radius-top-right:0px;--awb-border-radius-bottom-right:0px;--awb-border-radius-bottom-left:0px;--awb-margin-top:4%;--awb-background-color:rgba(255,255,255,0);--awb-flex-wrap:wrap;\" ><div class=\"fusion-builder-row fusion-row fusion-flex-align-items-flex-start fusion-flex-content-wrap\" style=\"max-width:1456px;margin-left: calc(-4% \/ 2 );margin-right: calc(-4% \/ 2 );\"><div class=\"fusion-layout-column fusion_builder_column fusion-builder-column-0 fusion_builder_column_1_1 1_1 fusion-flex-column\" style=\"--awb-bg-color:#ffffff;--awb-bg-color-hover:#ffffff;--awb-bg-size:cover;--awb-width-large:100%;--awb-margin-top-large:0px;--awb-spacing-right-large:1.92%;--awb-margin-bottom-large:4%;--awb-spacing-left-large:1.92%;--awb-width-medium:100%;--awb-order-medium:0;--awb-spacing-right-medium:1.92%;--awb-spacing-left-medium:1.92%;--awb-width-small:100%;--awb-order-small:0;--awb-spacing-right-small:1.92%;--awb-spacing-left-small:1.92%;\"><div class=\"fusion-column-wrapper fusion-column-has-shadow fusion-flex-justify-content-flex-start fusion-content-layout-column\"><div class=\"fusion-title title fusion-title-1 fusion-sep-none fusion-title-center fusion-title-text fusion-title-size-one\" style=\"--awb-margin-top-small:10px;--awb-margin-right-small:0px;--awb-margin-bottom-small:10px;--awb-margin-left-small:0px;\"><h1 class=\"fusion-title-heading title-heading-center\" style=\"margin:0;text-transform:uppercase;\">PRESSE<\/h1><\/div><div class=\"fusion-text fusion-text-1 fusion-text-no-margin\" style=\"--awb-content-alignment:justify;--awb-margin-bottom:30px;\"><p>Vous trouverez ici des actualit\u00e9s r\u00e9centes et des aper\u00e7us passionnants sur les d\u00e9veloppements et innovations de notre entreprise. D\u00e9couvrez tout sur nos derni\u00e8res technologies, nos solutions en micro-usinage laser et les sujets sectoriels qui fa\u00e7onnent notre travail. Restez inform\u00e9 des progr\u00e8s r\u00e9alis\u00e9s par GFH dans la fabrication de pr\u00e9cision et d\u00e9couvrez comment nos proc\u00e9d\u00e9s innovants permettent d\u2019accro\u00eetre la productivit\u00e9 et la qualit\u00e9 dans divers secteurs industriels.<\/p>\n<\/div><\/div><\/div><div class=\"fusion-layout-column fusion_builder_column fusion-builder-column-1 fusion_builder_column_2_3 2_3 fusion-flex-column\" style=\"--awb-bg-size:cover;--awb-width-large:66.666666666667%;--awb-margin-top-large:0px;--awb-spacing-right-large:2.88%;--awb-margin-bottom-large:4%;--awb-spacing-left-large:2.88%;--awb-width-medium:66.666666666667%;--awb-order-medium:0;--awb-spacing-right-medium:2.88%;--awb-spacing-left-medium:2.88%;--awb-width-small:100%;--awb-order-small:0;--awb-spacing-right-small:1.92%;--awb-spacing-left-small:1.92%;\"><div class=\"fusion-column-wrapper fusion-column-has-shadow fusion-flex-justify-content-flex-start fusion-content-layout-column\"><div class=\"fusion-blog-shortcode fusion-blog-shortcode-1 fusion-blog-archive fusion-blog-layout-medium-alternate fusion-blog-no\"><div class=\"fusion-posts-container fusion-posts-container-no\" data-pages=\"0\"><article id=\"blog-1-post-21409\" class=\"fusion-post-medium-alternate post-21409 post type-post status-publish format-standard has-post-thumbnail hentry category-115 category-actualites-2\">\n<div class=\"fusion-date-and-formats\"><div class=\"fusion-date-box updated\"><span class=\"fusion-date\">4<\/span><span class=\"fusion-month-year\">12, 2025<\/span><\/div><div class=\"fusion-format-box\"><i class=\"awb-icon-pen\" aria-hidden=\"true\"><\/i><\/div><\/div>\t<style type=\"text\/css\">\n\t\t\n\t\t\n\t\t\n\t\t\n\t\t\t<\/style>\n\n\n\t\t\t<div class=\"fusion-flexslider flexslider fusion-flexslider-loading fusion-post-slideshow\" style=\"\">\n\t\t<ul class=\"slides\">\n\t\t\t\n\t\t\t\t\t\t\t\t\t\t\t\t\t\t<li><div  class=\"fusion-image-wrapper fusion-image-size-fixed\" aria-haspopup=\"true\">\n\t\t\t\t\t\t\t<a href=\"https:\/\/gfh-gmbh.de\/fr\/les-limites-de-la-fabrication-redefinies-25-ans-de-gfh-gmbh\/\" aria-label=\"Les limites de la fabrication red\u00e9finies \u2013 25 ans de GFH GmbH\">\n\t\t\t\t\t\t\t<img decoding=\"async\" width=\"320\" height=\"202\" src=\"https:\/\/gfh-gmbh.de\/wp-content\/uploads\/Urkundenuebergabe-25-Jahre-GFH-GmbH-IHK-Niederbayern-320x202.jpg\" class=\"attachment-blog-medium size-blog-medium wp-post-image\" alt=\"Urkunden\u00fcbergabe 25 Jahre GFH GmbH IHK Niederbayern\" srcset=\"https:\/\/gfh-gmbh.de\/wp-content\/uploads\/Urkundenuebergabe-25-Jahre-GFH-GmbH-IHK-Niederbayern-320x202.jpg 320w, https:\/\/gfh-gmbh.de\/wp-content\/uploads\/Urkundenuebergabe-25-Jahre-GFH-GmbH-IHK-Niederbayern-700x441.jpg 700w\" sizes=\"(max-width: 320px) 100vw, 320px\" \/>\t\t\t<\/a>\n\t\t\t\t\t\t\t<\/div>\n<\/li>\n\t\t\t\n\t\t\t\n\t\t\t\t\t\t\t\t\t\t\t\t\t\t\t\t\t\t\t\t\t\t\t\t\t\t\t\t\t\t\t\t\t\t\t\t\t\t\t\t\t\t\t\t\t\t\t\t\t\t\t\t\t\t\t\t\t\t\t\t\t\t\t\t\t\t\t\t<\/ul>\n\t<\/div>\n\t<div class=\"fusion-post-content post-content\"><h2 class=\"blog-shortcode-post-title\"><a href=\"https:\/\/gfh-gmbh.de\/fr\/les-limites-de-la-fabrication-redefinies-25-ans-de-gfh-gmbh\/\">Les limites de la fabrication red\u00e9finies \u2013 25 ans de GFH GmbH<\/a><\/h2><p class=\"fusion-single-line-meta\"><span>4 d\u00e9cembre 2025<\/span><span class=\"fusion-inline-sep\">|<\/span><a href=\"https:\/\/gfh-gmbh.de\/fr\/category\/actualites-2\/2025\/\" rel=\"category tag\">2025<\/a>, <a href=\"https:\/\/gfh-gmbh.de\/fr\/category\/actualites-2\/\" rel=\"category tag\">Actualit\u00e9s<\/a><span class=\"fusion-inline-sep\">|<\/span><\/p><div class=\"fusion-post-content-container\"><p> Il y a 25 ans, une success story a d\u00e9but\u00e9 \u00e0 Deggendorf \u2013 une histoire qui incarne encore aujourd\u2019hui<a href=\"https:\/\/gfh-gmbh.de\/fr\/les-limites-de-la-fabrication-redefinies-25-ans-de-gfh-gmbh\/\"> ... [read more]<\/a><\/p><\/div><\/div><div class=\"fusion-clearfix\"><\/div><\/article>\n<article id=\"blog-1-post-21117\" class=\"fusion-post-medium-alternate post-21117 post type-post status-publish format-standard has-post-thumbnail hentry category-actualites\">\n<div class=\"fusion-date-and-formats\"><div class=\"fusion-date-box updated\"><span class=\"fusion-date\">5<\/span><span class=\"fusion-month-year\">06, 2023<\/span><\/div><div class=\"fusion-format-box\"><i class=\"awb-icon-pen\" aria-hidden=\"true\"><\/i><\/div><\/div>\t<style type=\"text\/css\">\n\t\t\n\t\t\n\t\t\n\t\t\n\t\t\t<\/style>\n\n\n\t\t\t<div class=\"fusion-flexslider flexslider fusion-flexslider-loading fusion-post-slideshow\" style=\"\">\n\t\t<ul class=\"slides\">\n\t\t\t\n\t\t\t\t\t\t\t\t\t\t\t\t\t\t<li><div  class=\"fusion-image-wrapper fusion-image-size-fixed\" aria-haspopup=\"true\">\n\t\t\t\t\t\t\t<a href=\"https:\/\/gfh-gmbh.de\/fr\/sabato-lasertec-ag-devient-le-partenaire-exclusif-de-gfh-gmbh-pour-la-vente-et-le-service-en-suisse\/\" aria-label=\"Sabato Lasertec AG devient le partenaire exclusif de GFH GmbH pour la vente et le service en Suisse\">\n\t\t\t\t\t\t\t<img decoding=\"async\" width=\"320\" height=\"202\" src=\"https:\/\/gfh-gmbh.de\/wp-content\/uploads\/Servicepartner-Sabato-Lasertec-AG-320x202.png\" class=\"attachment-blog-medium size-blog-medium wp-post-image\" alt=\"Servicepartner Sabato Lasertec AG\" srcset=\"https:\/\/gfh-gmbh.de\/wp-content\/uploads\/Servicepartner-Sabato-Lasertec-AG-320x202.png 320w, https:\/\/gfh-gmbh.de\/wp-content\/uploads\/Servicepartner-Sabato-Lasertec-AG-700x441.png 700w\" sizes=\"(max-width: 320px) 100vw, 320px\" \/>\t\t\t<\/a>\n\t\t\t\t\t\t\t<\/div>\n<\/li>\n\t\t\t\n\t\t\t\n\t\t\t\t\t\t\t\t\t\t\t\t\t\t\t\t\t\t\t\t\t\t\t\t\t\t\t\t\t\t\t\t\t\t\t\t\t\t\t\t\t\t\t\t\t\t\t\t\t\t\t\t\t\t\t\t\t\t\t\t\t\t\t\t\t\t\t\t<\/ul>\n\t<\/div>\n\t<div class=\"fusion-post-content post-content\"><h2 class=\"blog-shortcode-post-title\"><a href=\"https:\/\/gfh-gmbh.de\/fr\/sabato-lasertec-ag-devient-le-partenaire-exclusif-de-gfh-gmbh-pour-la-vente-et-le-service-en-suisse\/\">Sabato Lasertec AG devient le partenaire exclusif de GFH GmbH pour la vente et le service en Suisse<\/a><\/h2><p class=\"fusion-single-line-meta\"><span>5 juin 2023<\/span><span class=\"fusion-inline-sep\">|<\/span><a href=\"https:\/\/gfh-gmbh.de\/fr\/category\/actualites\/\" rel=\"category tag\">Actualit\u00e9s<\/a><span class=\"fusion-inline-sep\">|<\/span><\/p><div class=\"fusion-post-content-container\"><p> Nous avons le plaisir d'annoncer que Sabato Lasertec AG est d\u00e9sormais notre repr\u00e9sentant exclusif en Suisse. Sabato Lasertec AG,<a href=\"https:\/\/gfh-gmbh.de\/fr\/sabato-lasertec-ag-devient-le-partenaire-exclusif-de-gfh-gmbh-pour-la-vente-et-le-service-en-suisse\/\"> ... [read more]<\/a><\/p><\/div><\/div><div class=\"fusion-clearfix\"><\/div><\/article>\n<\/div><\/div><\/div><\/div><div class=\"fusion-layout-column fusion_builder_column fusion-builder-column-2 fusion_builder_column_1_3 1_3 fusion-flex-column\" style=\"--awb-bg-size:cover;--awb-width-large:33.333333333333%;--awb-margin-top-large:0px;--awb-spacing-right-large:5.76%;--awb-margin-bottom-large:4%;--awb-spacing-left-large:5.76%;--awb-width-medium:33.333333333333%;--awb-order-medium:0;--awb-spacing-right-medium:5.76%;--awb-spacing-left-medium:5.76%;--awb-width-small:100%;--awb-order-small:0;--awb-spacing-right-small:1.92%;--awb-spacing-left-small:1.92%;\"><div class=\"fusion-column-wrapper fusion-column-has-shadow fusion-flex-justify-content-flex-start fusion-content-layout-column\"><div class=\"fusion-widget-area awb-widget-area-element fusion-widget-area-1 fusion-content-widget-area\" style=\"--awb-title-color:#50555a;--awb-padding:0px 0px 0px 0px;\"><div id=\"categories-2\" class=\"widget widget_categories\" style=\"border-style: solid;border-color:transparent;border-width:0px;\"><div class=\"heading\"><h4 class=\"widget-title\">Kategorie<\/h4><\/div>\n\t\t\t<ul>\n\t\t\t\t\t<li class=\"cat-item cat-item-107\"><a href=\"https:\/\/gfh-gmbh.de\/fr\/category\/actualites\/\">Actualit\u00e9s<\/a>\n<\/li>\n\t<li class=\"cat-item cat-item-114\"><a href=\"https:\/\/gfh-gmbh.de\/fr\/category\/actualites-2\/\">Actualit\u00e9s<\/a>\n<ul class='children'>\n\t<li class=\"cat-item cat-item-115\"><a href=\"https:\/\/gfh-gmbh.de\/fr\/category\/actualites-2\/2025\/\">2025<\/a>\n<\/li>\n<\/ul>\n<\/li>\n\t\t\t<\/ul>\n\n\t\t\t<\/div><div class=\"fusion-additional-widget-content\"><\/div><\/div><\/div><\/div><\/div><\/div>\n","protected":false},"excerpt":{"rendered":"","protected":false},"author":1,"featured_media":0,"parent":19827,"menu_order":0,"comment_status":"closed","ping_status":"closed","template":"100-width.php","meta":{"footnotes":""},"class_list":["post-19898","page","type-page","status-publish","hentry"],"_links":{"self":[{"href":"https:\/\/gfh-gmbh.de\/fr\/wp-json\/wp\/v2\/pages\/19898","targetHints":{"allow":["GET"]}}],"collection":[{"href":"https:\/\/gfh-gmbh.de\/fr\/wp-json\/wp\/v2\/pages"}],"about":[{"href":"https:\/\/gfh-gmbh.de\/fr\/wp-json\/wp\/v2\/types\/page"}],"author":[{"embeddable":true,"href":"https:\/\/gfh-gmbh.de\/fr\/wp-json\/wp\/v2\/users\/1"}],"replies":[{"embeddable":true,"href":"https:\/\/gfh-gmbh.de\/fr\/wp-json\/wp\/v2\/comments?post=19898"}],"version-history":[{"count":4,"href":"https:\/\/gfh-gmbh.de\/fr\/wp-json\/wp\/v2\/pages\/19898\/revisions"}],"predecessor-version":[{"id":21416,"href":"https:\/\/gfh-gmbh.de\/fr\/wp-json\/wp\/v2\/pages\/19898\/revisions\/21416"}],"up":[{"embeddable":true,"href":"https:\/\/gfh-gmbh.de\/fr\/wp-json\/wp\/v2\/pages\/19827"}],"wp:attachment":[{"href":"https:\/\/gfh-gmbh.de\/fr\/wp-json\/wp\/v2\/media?parent=19898"}],"curies":[{"name":"wp","href":"https:\/\/api.w.org\/{rel}","templated":true}]}}