{"id":19901,"date":"2023-01-26T17:15:11","date_gmt":"2023-01-26T16:15:11","guid":{"rendered":"https:\/\/gfh-gmbh.de\/mentions-legales\/"},"modified":"2025-06-12T12:05:52","modified_gmt":"2025-06-12T10:05:52","slug":"mentions-legales","status":"publish","type":"page","link":"https:\/\/gfh-gmbh.de\/fr\/mentions-legales\/","title":{"rendered":"Mentions l\u00e9gales"},"content":{"rendered":"<p><div class=\"fusion-fullwidth fullwidth-box fusion-builder-row-1 fusion-flex-container nonhundred-percent-fullwidth non-hundred-percent-height-scrolling\" style=\"--awb-border-radius-top-left:0px;--awb-border-radius-top-right:0px;--awb-border-radius-bottom-right:0px;--awb-border-radius-bottom-left:0px;--awb-margin-top:4%;--awb-background-color:rgba(255,255,255,0);--awb-flex-wrap:wrap;\" ><div class=\"fusion-builder-row fusion-row fusion-flex-align-items-flex-start fusion-flex-content-wrap\" style=\"max-width:1456px;margin-left: calc(-4% \/ 2 );margin-right: calc(-4% \/ 2 );\"><div class=\"fusion-layout-column fusion_builder_column fusion-builder-column-0 fusion_builder_column_1_1 1_1 fusion-flex-column\" style=\"--awb-bg-color:#ffffff;--awb-bg-color-hover:#ffffff;--awb-bg-size:cover;--awb-width-large:100%;--awb-margin-top-large:0px;--awb-spacing-right-large:1.92%;--awb-margin-bottom-large:4%;--awb-spacing-left-large:1.92%;--awb-width-medium:100%;--awb-order-medium:0;--awb-spacing-right-medium:1.92%;--awb-spacing-left-medium:1.92%;--awb-width-small:100%;--awb-order-small:0;--awb-spacing-right-small:1.92%;--awb-spacing-left-small:1.92%;\"><div class=\"fusion-column-wrapper fusion-column-has-shadow fusion-flex-justify-content-flex-start fusion-content-layout-column\"><div class=\"fusion-title title fusion-title-1 fusion-sep-none fusion-title-center fusion-title-text fusion-title-size-one uppercase\" style=\"--awb-margin-top-small:10px;--awb-margin-right-small:0px;--awb-margin-bottom-small:10px;--awb-margin-left-small:0px;\"><h1 class=\"fusion-title-heading title-heading-center\" style=\"margin:0;\">Mentions l\u00e9gales<\/h1><\/div><\/div><\/div><\/div><\/div><main class=\"fusion-fullwidth fullwidth-box fusion-builder-row-2 fusion-flex-container nonhundred-percent-fullwidth non-hundred-percent-height-scrolling\" style=\"--awb-border-radius-top-left:0px;--awb-border-radius-top-right:0px;--awb-border-radius-bottom-right:0px;--awb-border-radius-bottom-left:0px;--awb-padding-top:0px;--awb-flex-wrap:wrap;\" ><div class=\"fusion-builder-row fusion-row fusion-flex-align-items-flex-start fusion-flex-justify-content-center fusion-flex-content-wrap\" style=\"max-width:1456px;margin-left: calc(-4% \/ 2 );margin-right: calc(-4% \/ 2 );\"><div class=\"fusion-layout-column fusion_builder_column fusion-builder-column-1 fusion_builder_column_1_1 1_1 fusion-flex-column\" style=\"--awb-bg-size:cover;--awb-width-large:100%;--awb-margin-top-large:0px;--awb-spacing-right-large:1.92%;--awb-margin-bottom-large:4%;--awb-spacing-left-large:1.92%;--awb-width-medium:100%;--awb-order-medium:0;--awb-spacing-right-medium:1.92%;--awb-spacing-left-medium:1.92%;--awb-width-small:100%;--awb-order-small:0;--awb-spacing-right-small:1.92%;--awb-spacing-left-small:1.92%;\"><div class=\"fusion-column-wrapper fusion-column-has-shadow fusion-flex-justify-content-flex-start fusion-content-layout-column\"><div class=\"fusion-title title fusion-title-2 fusion-sep-none fusion-title-center fusion-title-text fusion-title-size-two\" style=\"--awb-margin-top-small:10px;--awb-margin-right-small:0px;--awb-margin-bottom-small:10px;--awb-margin-left-small:0px;\"><h2 class=\"fusion-title-heading title-heading-center\" style=\"margin:0;text-transform:uppercase;\">Contact<\/h2><\/div><div class=\"fusion-text fusion-text-1\" style=\"--awb-content-alignment:center;--awb-text-transform:none;\"><p>GFH GmbH<br \/>\nGro\u00dfwalding 5<br \/>\nD-94469 Deggendorf<br \/>\nTelefon: +49 991 290 92-0<br \/>\nFax: +49 991 290 92-290<br \/>\nE-Mail: <a href=\"mailto:info@gfh-gmbh.de\">info@gfh-gmbh.de<\/a><br \/>\nInternet: <a href=\"https:\/\/gfh-gmbh.de\/fr\/\">www.gfh-gmbh.de<\/a><\/p>\n<p>G\u00e9rant habilit\u00e9 \u00e0 repr\u00e9senter l&rsquo;entreprise : MBA B. Eng. Florian Lendner<br \/>\nResponsable du contenu conform\u00e9ment au \u00a7 55 Abs. 2 RStV : MBA B. Eng. Florian Lendner (adresse ci-dessus)<br \/>\nNum\u00e9ro d&rsquo;identification TVA conform\u00e9ment au \u00a7 27 a de la loi sur la TVA : DE813048836<br \/>\nNum\u00e9ro fiscal : 108\/127\/30199<br \/>\nTribunal d&rsquo;enregistrement : Tribunal de grande instance de Deggendorf<br \/>\nNum\u00e9ro d&rsquo;enregistrement : HRB 2239<br \/>\nAutorit\u00e9 de surveillance comp\u00e9tente : Bureau du commerce de Deggendorf<br \/>\nR\u00e9solution en ligne des litiges :<br \/>Conform\u00e9ment \u00e0 l&rsquo;article 14, paragraphe 1, du R\u00e8glement ODR, la Commission europ\u00e9enne met \u00e0 disposition une plateforme de r\u00e9solution des litiges en ligne (OS), accessible \u00e0 l&rsquo;adresse suivante : <a href=\"http:\/\/ec.europa.eu\/consumers\/odr\/\">http:\/\/ec.europa.eu\/consumers\/odr\/<\/a><br \/>Clause de non-responsabilit\u00e9 :<br \/>Malgr\u00e9 un contr\u00f4le minutieux des contenus, nous d\u00e9clinons toute responsabilit\u00e9 quant aux contenus des liens externes. Seuls les exploitants des pages li\u00e9es sont responsables de leur contenu.      <\/p>\n<p>Droits d\u2019auteur sur les images<br \/>\n\u00a9 Operating Room &#8211; mario beauregard \/ AdobeStock<br \/>\n\u00a9 Futuristischer Schaltkreis &#8211; nmlfd \/ iStock<br \/>\n\u00a9 Watch for repair &#8211; Alex Yeung \/ Shutterstock<br \/>\n\u00a9 tablet packing machine &#8211; oknoart \/ Shutterstock<br \/>\n\u00a9 3d rendering car &#8211; zentilia \/ Shutterstock<br \/>\n\u00a9 gears and cogwheel &#8211; Christian Lagerek \/ Shutterstock<br \/>\n\u00a9 Plastic Industrial &#8211; Apples Eyes Studio \/ Shutterstock<br \/>\n\u00a9 drinks production plant &#8211; 06photo \/ Shutterstock<br \/>\n\u00a9 Foundry &#8211; Gabriel Georgescu \/ Shutterstock<br \/>\n\u00a9 Engine of airplane &#8211; Jaromir Chalabala \/ Shutterstock<br \/>\n\u00a9 cutting tools &#8211; BartlomiejMagierowski \/ Shutterstock<br \/>\n\u00a9 RFID &#8211; Cake78 \/ Shutterstock 337141277<br \/>\n\u00a9 Stairs &#8211; Who is Danny \/ Shutterstock<br \/>\n\u00a9 Quality Management on the Mechanism of Metal Gears &#8211; Tashatuvango \/ Shutterstock<br \/>\n\u00a9 Success and Happiness concept, Businessman handshake at city outside office. &#8211; justocker \/ iStockphoto<br \/>\n\u00a9 Abstract empty, modern concrete walls hallway room with indirekt ceiling lights in the back &#8211; industrial interior background template. Shawn Hempel \/ AdobeStock<br \/>\n\u00a9 Video Startseite durch BildschnittTV im Auftrag von Regionalmanagement Deggendorf<\/p>\n<\/div><\/div><\/div><\/div><\/main><\/p>\n","protected":false},"excerpt":{"rendered":"","protected":false},"author":1,"featured_media":0,"parent":0,"menu_order":0,"comment_status":"closed","ping_status":"closed","template":"100-width.php","meta":{"footnotes":""},"class_list":["post-19901","page","type-page","status-publish","hentry"],"_links":{"self":[{"href":"https:\/\/gfh-gmbh.de\/fr\/wp-json\/wp\/v2\/pages\/19901","targetHints":{"allow":["GET"]}}],"collection":[{"href":"https:\/\/gfh-gmbh.de\/fr\/wp-json\/wp\/v2\/pages"}],"about":[{"href":"https:\/\/gfh-gmbh.de\/fr\/wp-json\/wp\/v2\/types\/page"}],"author":[{"embeddable":true,"href":"https:\/\/gfh-gmbh.de\/fr\/wp-json\/wp\/v2\/users\/1"}],"replies":[{"embeddable":true,"href":"https:\/\/gfh-gmbh.de\/fr\/wp-json\/wp\/v2\/comments?post=19901"}],"version-history":[{"count":2,"href":"https:\/\/gfh-gmbh.de\/fr\/wp-json\/wp\/v2\/pages\/19901\/revisions"}],"predecessor-version":[{"id":19905,"href":"https:\/\/gfh-gmbh.de\/fr\/wp-json\/wp\/v2\/pages\/19901\/revisions\/19905"}],"wp:attachment":[{"href":"https:\/\/gfh-gmbh.de\/fr\/wp-json\/wp\/v2\/media?parent=19901"}],"curies":[{"name":"wp","href":"https:\/\/api.w.org\/{rel}","templated":true}]}}