{"id":19911,"date":"2023-01-31T12:31:07","date_gmt":"2023-01-31T11:31:07","guid":{"rendered":"https:\/\/gfh-gmbh.de\/information-on-the-processing-of-your-customer-supplier-data-in-accordance-with-art-13-gdpr\/"},"modified":"2025-11-24T15:34:23","modified_gmt":"2025-11-24T14:34:23","slug":"informations-relatives-au-traitement-de-vos-donnees-client-fournisseur-conformement-a-larticle-13-du-rgpd","status":"publish","type":"page","link":"https:\/\/gfh-gmbh.de\/fr\/declaration-de-confidentialite\/informations-relatives-au-traitement-de-vos-donnees-client-fournisseur-conformement-a-larticle-13-du-rgpd\/","title":{"rendered":"Informations relatives au traitement de vos donn\u00e9es client\/fournisseur conform\u00e9ment \u00e0 l&rsquo;article 13 du RGPD"},"content":{"rendered":"<p><div class=\"fusion-fullwidth fullwidth-box fusion-builder-row-1 fusion-flex-container nonhundred-percent-fullwidth non-hundred-percent-height-scrolling\" style=\"--awb-border-radius-top-left:0px;--awb-border-radius-top-right:0px;--awb-border-radius-bottom-right:0px;--awb-border-radius-bottom-left:0px;--awb-margin-top:4%;--awb-background-color:rgba(255,255,255,0);--awb-flex-wrap:wrap;\" ><div class=\"fusion-builder-row fusion-row fusion-flex-align-items-flex-start fusion-flex-content-wrap\" style=\"max-width:1456px;margin-left: calc(-4% \/ 2 );margin-right: calc(-4% \/ 2 );\"><div class=\"fusion-layout-column fusion_builder_column fusion-builder-column-0 fusion_builder_column_1_1 1_1 fusion-flex-column\" style=\"--awb-bg-color:#ffffff;--awb-bg-color-hover:#ffffff;--awb-bg-size:cover;--awb-width-large:100%;--awb-margin-top-large:0px;--awb-spacing-right-large:1.92%;--awb-margin-bottom-large:4%;--awb-spacing-left-large:1.92%;--awb-width-medium:100%;--awb-order-medium:0;--awb-spacing-right-medium:1.92%;--awb-spacing-left-medium:1.92%;--awb-width-small:100%;--awb-order-small:0;--awb-spacing-right-small:1.92%;--awb-spacing-left-small:1.92%;\"><div class=\"fusion-column-wrapper fusion-column-has-shadow fusion-flex-justify-content-flex-start fusion-content-layout-column\"><div class=\"fusion-title title fusion-title-1 fusion-sep-none fusion-title-center fusion-title-text fusion-title-size-one uppercase\" style=\"--awb-margin-top-small:10px;--awb-margin-right-small:0px;--awb-margin-bottom-small:10px;--awb-margin-left-small:0px;\"><h1 class=\"fusion-title-heading title-heading-center\" style=\"margin:0;\">Informations relatives au traitement de vos donn\u00e9es client\/fournisseur conform\u00e9ment \u00e0 l&rsquo;article 13 du RGPD<\/h1><\/div><\/div><\/div><\/div><\/div><main class=\"fusion-fullwidth fullwidth-box fusion-builder-row-2 fusion-flex-container nonhundred-percent-fullwidth non-hundred-percent-height-scrolling\" style=\"--awb-border-radius-top-left:0px;--awb-border-radius-top-right:0px;--awb-border-radius-bottom-right:0px;--awb-border-radius-bottom-left:0px;--awb-padding-top:0px;--awb-flex-wrap:wrap;\" ><div class=\"fusion-builder-row fusion-row fusion-flex-align-items-flex-start fusion-flex-justify-content-center fusion-flex-content-wrap\" style=\"max-width:1456px;margin-left: calc(-4% \/ 2 );margin-right: calc(-4% \/ 2 );\"><div class=\"fusion-layout-column fusion_builder_column fusion-builder-column-1 fusion_builder_column_1_1 1_1 fusion-flex-column\" style=\"--awb-bg-size:cover;--awb-width-large:100%;--awb-margin-top-large:0px;--awb-spacing-right-large:1.92%;--awb-margin-bottom-large:4%;--awb-spacing-left-large:1.92%;--awb-width-medium:100%;--awb-order-medium:0;--awb-spacing-right-medium:1.92%;--awb-spacing-left-medium:1.92%;--awb-width-small:100%;--awb-order-small:0;--awb-spacing-right-small:1.92%;--awb-spacing-left-small:1.92%;\"><div class=\"fusion-column-wrapper fusion-column-has-shadow fusion-flex-justify-content-flex-start fusion-content-layout-column\"><div class=\"fusion-text fusion-text-1\" style=\"--awb-content-alignment:justify;--awb-text-transform:none;\"><p>1. Responsable du traitement et d\u00e9l\u00e9gu\u00e9 \u00e0 la protection des donn\u00e9es:<br \/>\n(1) Le responsable du traitement conform\u00e9ment \u00e0 l&rsquo;article 4, paragraphe 7, du r\u00e8glement g\u00e9n\u00e9ral sur la protection des donn\u00e9es (RGPD) est la soci\u00e9t\u00e9 GFH GmbH<br \/>\n(2) Vous pouvez contacter notre d\u00e9l\u00e9gu\u00e9 \u00e0 la protection des donn\u00e9es \u00e0 l&rsquo;adresse datenschutz@gfh-gmbh.de ou \u00e0 notre adresse postale indiqu\u00e9e ci-dessus, en mentionnant \u00ab \u00c0 l&rsquo;attention du d\u00e9l\u00e9gu\u00e9 \u00e0 la protection des donn\u00e9es \u00bb.<\/p>\n<p>2. Collecte et stockage des donn\u00e9es \u00e0 caract\u00e8re personnel, ainsi que nature et finalit\u00e9 de leur utilisation:<br \/>\nDans le cadre de nos relations commerciales avec nos clients\/fournisseurs, nous collectons les informations suivantes :<br \/>\nDonn\u00e9es relatives \u00e0 l&rsquo;adresse, \u00e0 l&rsquo;identification et au contenu du contrat. \u00c0 des fins de communication, nous traitons \u00e9galement les noms et adresses de contact des interlocuteurs chez le client\/fournisseur. Dans la mesure o\u00f9 les clients\/fournisseurs sont des personnes physiques, il s&rsquo;agit de donn\u00e9es \u00e0 caract\u00e8re personnel, \u00e0 savoir le pr\u00e9nom, le nom, les coordonn\u00e9es (adresse e-mail valide, adresse postale, num\u00e9ro de t\u00e9l\u00e9phone (fixe et\/ou mobile)), les coordonn\u00e9es bancaires, ainsi que, le cas \u00e9ch\u00e9ant, d&rsquo;autres informations n\u00e9cessaires \u00e0 la conclusion d&rsquo;un contrat (voir \u00e9galement le point 4). Des cat\u00e9gories particuli\u00e8res de donn\u00e9es \u00e0 caract\u00e8re personnel peuvent \u00e9galement \u00eatre collect\u00e9es.<br \/>\nLa collecte et le traitement de ces donn\u00e9es sont effectu\u00e9s dans le cadre de la pr\u00e9paration et de l&rsquo;ex\u00e9cution du contrat. Nous faisons parfois appel \u00e0 des sous-traitants pour le traitement.<br \/>\nLe traitement des donn\u00e9es est effectu\u00e9 sur la base de l&rsquo;art. 6, al. 1, phrase 1, b), c) et f) du RGPD et est n\u00e9cessaire aux fins mentionn\u00e9es pour la pr\u00e9paration ou l&rsquo;ex\u00e9cution du contrat.<\/p>\n<p>3. Dur\u00e9e de conservation:<br \/>\nNous conservons les donn\u00e9es pendant la dur\u00e9e d&rsquo;une \u00e9ventuelle relation commerciale avec le client\/fournisseur et jusqu&rsquo;\u00e0 l&rsquo;expiration des d\u00e9lais de prescription des \u00e9ventuelles pr\u00e9tentions qui en d\u00e9coulent (d\u00e9lai de prescription l\u00e9gal de trois \u00e0 trente ans) et aussi longtemps que nous y sommes l\u00e9galement tenus. Cela r\u00e9sulte r\u00e9guli\u00e8rement des obligations l\u00e9gales de preuve et de conservation, qui sont notamment r\u00e9gies par le Code de commerce et le Code fiscal. Les d\u00e9lais de conservation peuvent alors aller jusqu&rsquo;\u00e0 dix ans.<\/p>\n<p>4. Transmission de donn\u00e9es \u00e0 des tiers:<br \/>\nAu sein de notre entreprise, seules les personnes et les services (par exemple, les d\u00e9partements sp\u00e9cialis\u00e9s) qui ont besoin de vos donn\u00e9es \u00e0 caract\u00e8re personnel pour remplir nos obligations contractuelles et l\u00e9gales les re\u00e7oivent.<br \/>\nAu sein de notre groupe d&rsquo;entreprises, vos donn\u00e9es sont transmises \u00e0 certaines entreprises si celles-ci effectuent des t\u00e2ches de traitement de donn\u00e9es de mani\u00e8re centralis\u00e9e pour les entreprises li\u00e9es au groupe.<br \/>\nEn outre, pour remplir nos obligations contractuelles et l\u00e9gales, nous faisons parfois appel \u00e0 diff\u00e9rents prestataires de services et auxiliaires d&rsquo;ex\u00e9cution auxquels nous transmettons les donn\u00e9es si n\u00e9cessaire. Il s&rsquo;agit notamment de transporteurs, de conseillers fiscaux, d&rsquo;experts-comptables, d&rsquo;avocats, de banques, de compagnies d&rsquo;assurance, etc.<\/p>\n<p>5. Vos droits:<br \/>\nSi vos donn\u00e9es \u00e0 caract\u00e8re personnel sont trait\u00e9es, vous avez le droit d&rsquo;obtenir des informations sur les donn\u00e9es enregistr\u00e9es vous concernant (art. 15 du RGPD). Si des donn\u00e9es \u00e0 caract\u00e8re personnel incorrectes sont trait\u00e9es, vous avez le droit de les faire rectifier (art. 16 du RGPD). Si les conditions l\u00e9gales sont remplies, vous pouvez demander la suppression (art. 17 du RGPD), la limitation du traitement (art. 18 du RGPD) ou la portabilit\u00e9 des donn\u00e9es (art. 20 du RGPD) et vous opposer au traitement (art. 21 du RGPD). Vous pouvez r\u00e9voquer \u00e0 tout moment les consentements accord\u00e9s, sans que cela n&rsquo;affecte la l\u00e9galit\u00e9 du traitement effectu\u00e9 sur la base du consentement jusqu&rsquo;\u00e0 la r\u00e9vocation. Si vous faites usage des droits susmentionn\u00e9s, nous v\u00e9rifierons si les conditions l\u00e9gales sont remplies.<br \/>\nVous disposez \u00e9galement d&rsquo;un droit de recours aupr\u00e8s de l&rsquo;autorit\u00e9 de contr\u00f4le, en l&rsquo;occurrence l&rsquo;Office bavarois de contr\u00f4le de la protection des donn\u00e9es.<\/p>\n<p>6. Questions suppl\u00e9mentaires:<br \/>\nPour toute question relative \u00e0 la protection des donn\u00e9es, le d\u00e9l\u00e9gu\u00e9 \u00e0 la protection des donn\u00e9es se tient \u00e0 votre disposition aux coordonn\u00e9es indiqu\u00e9es ci-dessus.<\/p>\n<\/div><\/div><\/div><\/div><\/main><\/p>\n","protected":false},"excerpt":{"rendered":"","protected":false},"author":1,"featured_media":0,"parent":19916,"menu_order":0,"comment_status":"closed","ping_status":"closed","template":"100-width.php","meta":{"footnotes":""},"class_list":["post-19911","page","type-page","status-publish","hentry"],"_links":{"self":[{"href":"https:\/\/gfh-gmbh.de\/fr\/wp-json\/wp\/v2\/pages\/19911","targetHints":{"allow":["GET"]}}],"collection":[{"href":"https:\/\/gfh-gmbh.de\/fr\/wp-json\/wp\/v2\/pages"}],"about":[{"href":"https:\/\/gfh-gmbh.de\/fr\/wp-json\/wp\/v2\/types\/page"}],"author":[{"embeddable":true,"href":"https:\/\/gfh-gmbh.de\/fr\/wp-json\/wp\/v2\/users\/1"}],"replies":[{"embeddable":true,"href":"https:\/\/gfh-gmbh.de\/fr\/wp-json\/wp\/v2\/comments?post=19911"}],"version-history":[{"count":4,"href":"https:\/\/gfh-gmbh.de\/fr\/wp-json\/wp\/v2\/pages\/19911\/revisions"}],"predecessor-version":[{"id":21268,"href":"https:\/\/gfh-gmbh.de\/fr\/wp-json\/wp\/v2\/pages\/19911\/revisions\/21268"}],"up":[{"embeddable":true,"href":"https:\/\/gfh-gmbh.de\/fr\/wp-json\/wp\/v2\/pages\/19916"}],"wp:attachment":[{"href":"https:\/\/gfh-gmbh.de\/fr\/wp-json\/wp\/v2\/media?parent=19911"}],"curies":[{"name":"wp","href":"https:\/\/api.w.org\/{rel}","templated":true}]}}