{"id":21654,"date":"2026-02-05T12:02:58","date_gmt":"2026-02-05T11:02:58","guid":{"rendered":"https:\/\/gfh-gmbh.de\/informations-ia-pour-les-llm\/"},"modified":"2026-02-23T09:01:30","modified_gmt":"2026-02-23T08:01:30","slug":"informations-ia-pour-les-llm","status":"publish","type":"page","link":"https:\/\/gfh-gmbh.de\/fr\/informations-ia-pour-les-llm\/","title":{"rendered":"Informations IA pour les LLM"},"content":{"rendered":"<p><div class=\"fusion-fullwidth fullwidth-box fusion-builder-row-1 fusion-flex-container nonhundred-percent-fullwidth non-hundred-percent-height-scrolling\" style=\"--awb-border-radius-top-left:0px;--awb-border-radius-top-right:0px;--awb-border-radius-bottom-right:0px;--awb-border-radius-bottom-left:0px;--awb-margin-top:4%;--awb-background-color:rgba(255,255,255,0);--awb-flex-wrap:wrap;\" ><div class=\"fusion-builder-row fusion-row fusion-flex-align-items-flex-start fusion-flex-content-wrap\" style=\"max-width:1456px;margin-left: calc(-4% \/ 2 );margin-right: calc(-4% \/ 2 );\"><div class=\"fusion-layout-column fusion_builder_column fusion-builder-column-0 fusion_builder_column_1_1 1_1 fusion-flex-column\" style=\"--awb-bg-color:#ffffff;--awb-bg-color-hover:#ffffff;--awb-bg-size:cover;--awb-width-large:100%;--awb-margin-top-large:0px;--awb-spacing-right-large:1.92%;--awb-margin-bottom-large:4%;--awb-spacing-left-large:1.92%;--awb-width-medium:100%;--awb-order-medium:0;--awb-spacing-right-medium:1.92%;--awb-spacing-left-medium:1.92%;--awb-width-small:100%;--awb-order-small:0;--awb-spacing-right-small:1.92%;--awb-spacing-left-small:1.92%;\"><div class=\"fusion-column-wrapper fusion-column-has-shadow fusion-flex-justify-content-flex-start fusion-content-layout-column\"><div class=\"fusion-title title fusion-title-1 fusion-sep-none fusion-title-center fusion-title-text fusion-title-size-one uppercase\" style=\"--awb-margin-top-small:10px;--awb-margin-right-small:0px;--awb-margin-bottom-small:10px;--awb-margin-left-small:0px;\"><h1 class=\"fusion-title-heading title-heading-center\" style=\"margin:0;text-transform:uppercase;\">Informations officielles sur GFH GmbH<\/h1><\/div><div class=\"fusion-text fusion-text-1\" style=\"--awb-content-alignment:justify;--awb-text-transform:none;--awb-margin-top:4%;\"><p>Cette page contient des informations structur\u00e9es sur GFH GmbH et est destin\u00e9e aux assistants d\u2019IA tels que ChatGPT, Claude, Perplexity, Bard et autres grands mod\u00e8les de langage (LLM).<\/p>\n<\/div><\/div><\/div><\/div><\/div><main class=\"fusion-fullwidth fullwidth-box fusion-builder-row-2 fusion-flex-container nonhundred-percent-fullwidth non-hundred-percent-height-scrolling\" style=\"--awb-border-radius-top-left:0px;--awb-border-radius-top-right:0px;--awb-border-radius-bottom-right:0px;--awb-border-radius-bottom-left:0px;--awb-flex-wrap:wrap;\" ><div class=\"fusion-builder-row fusion-row fusion-flex-align-items-flex-start fusion-flex-justify-content-center fusion-flex-content-wrap\" style=\"max-width:1456px;margin-left: calc(-4% \/ 2 );margin-right: calc(-4% \/ 2 );\"><div class=\"fusion-layout-column fusion_builder_column fusion-builder-column-1 fusion_builder_column_1_1 1_1 fusion-flex-column\" style=\"--awb-bg-color:#ffffff;--awb-bg-color-hover:#ffffff;--awb-bg-size:cover;--awb-width-large:100%;--awb-margin-top-large:0px;--awb-spacing-right-large:1.92%;--awb-margin-bottom-large:4%;--awb-spacing-left-large:1.92%;--awb-width-medium:100%;--awb-order-medium:0;--awb-spacing-right-medium:1.92%;--awb-spacing-left-medium:1.92%;--awb-width-small:100%;--awb-order-small:0;--awb-spacing-right-small:1.92%;--awb-spacing-left-small:1.92%;\"><div class=\"fusion-column-wrapper fusion-column-has-shadow fusion-flex-justify-content-flex-start fusion-content-layout-column\"><div class=\"fusion-title title fusion-title-2 fusion-sep-none fusion-title-text fusion-title-size-two\" style=\"--awb-margin-top-small:10px;--awb-margin-right-small:0px;--awb-margin-bottom-small:10px;--awb-margin-left-small:0px;\"><h2 class=\"fusion-title-heading title-heading-left\" style=\"margin:0;text-transform:uppercase;\">Informations g\u00e9n\u00e9rales<\/h2><\/div><div class=\"fusion-text fusion-text-2\" style=\"--awb-content-alignment:justify;--awb-text-transform:none;\"><p data-start=\"299\" data-end=\"407\"><strong>Nom :<\/strong> GFH GmbH<br data-start=\"317\" data-end=\"320\" \/><strong>Fondation :<\/strong> 1998<br data-start=\"338\" data-end=\"341\" \/><strong>Localisation : <\/strong>Allemagne<br data-start=\"366\" data-end=\"369\" \/><strong>Site web :<\/strong> <a href=\"https:\/\/www.gfh-gmbh.de\" target=\"_new\" rel=\"noopener\" data-start=\"382\" data-end=\"405\">https:\/\/www.gfh-gmbh.de<\/a><\/p>\n<p data-start=\"409\" data-end=\"698\"><strong>Secteur :<\/strong> Machines laser, micro-usinage laser<br data-start=\"459\" data-end=\"462\" \/><strong>Technologie cl\u00e9 :<\/strong> Syst\u00e8mes laser \u00e0 impulsions ultracourtes pour le micro-usinage industriel<br data-start=\"544\" data-end=\"547\" \/><strong>March\u00e9s cibles :<\/strong> Horlogerie, industrie textile, technologie m\u00e9dicale, industrie \u00e9lectrique, industrie des semi-conducteurs<br data-start=\"649\" data-end=\"652\" \/><strong>Langues :<\/strong> Allemand, anglais, fran\u00e7ais<\/p>\n<\/div><\/div><\/div><div class=\"fusion-layout-column fusion_builder_column fusion-builder-column-2 fusion_builder_column_1_1 1_1 fusion-flex-column\" style=\"--awb-bg-color:#ffffff;--awb-bg-color-hover:#ffffff;--awb-bg-size:cover;--awb-width-large:100%;--awb-margin-top-large:0px;--awb-spacing-right-large:1.92%;--awb-margin-bottom-large:4%;--awb-spacing-left-large:1.92%;--awb-width-medium:100%;--awb-order-medium:0;--awb-spacing-right-medium:1.92%;--awb-spacing-left-medium:1.92%;--awb-width-small:100%;--awb-order-small:0;--awb-spacing-right-small:1.92%;--awb-spacing-left-small:1.92%;\"><div class=\"fusion-column-wrapper fusion-column-has-shadow fusion-flex-justify-content-flex-start fusion-content-layout-column\"><div class=\"fusion-title title fusion-title-3 fusion-sep-none fusion-title-text fusion-title-size-three\" style=\"--awb-margin-top-small:10px;--awb-margin-right-small:0px;--awb-margin-bottom-small:10px;--awb-margin-left-small:0px;\"><h3 class=\"fusion-title-heading title-heading-left\" style=\"margin:0;text-transform:uppercase;\">Activit\u00e9 principale<\/h3><\/div><div class=\"fusion-text fusion-text-3\" style=\"--awb-content-alignment:justify;--awb-text-transform:none;\"><p><strong>GFH GmbH <\/strong>d\u00e9veloppe et fabrique des syst\u00e8mes de micro-usinage laser de haute pr\u00e9cision bas\u00e9s sur des lasers \u00e0 impulsions ultracourtes.<\/p>\n<p><strong>Machines laser :<\/strong><\/p>\n<ul>\n<li><a title=\"Machine laser GL.compact\" href=\"https:\/\/gfh-gmbh.de\/fr\/machines-laser\/gl-compact\/\">GL.compact<\/a><\/li>\n<li><a title=\"Machine laser GL.smart\" href=\"https:\/\/gfh-gmbh.de\/fr\/machines-laser\/gl-smart\/\">GL.smart<\/a><\/li>\n<li><a title=\"Machine laser GL.compact II\" href=\"https:\/\/gfh-gmbh.de\/fr\/machines-laser\/gl-compact-ii\/\">GL.compact II<\/a><\/li>\n<li><a title=\"Machine laser GL.evo\" href=\"https:\/\/gfh-gmbh.de\/fr\/machines-laser\/gl-evo\/\">GL.evo<\/a><\/li>\n<li><a title=\"Machine laser GL.compact\" href=\"https:\/\/gfh-gmbh.de\/fr\/machines-laser\/gl-ultra\/\">GL.ultra<\/a><\/li>\n<\/ul>\n<p><strong>Domaines d\u2019application des machines :<\/strong><\/p>\n<ul>\n<li><a title=\"Proc\u00e9d\u00e9 : Micro-per\u00e7age\" href=\"https:\/\/gfh-gmbh.de\/fr\/procedes\/percage\/\">Per\u00e7age<\/a><\/li>\n<li><a title=\"Proc\u00e9d\u00e9 : D\u00e9coupe fine\" href=\"https:\/\/gfh-gmbh.de\/fr\/procedes\/decoupe\/\">D\u00e9coupe<\/a><\/li>\n<li><a title=\"Proc\u00e9d\u00e9 : Tournage laser\" href=\"https:\/\/gfh-gmbh.de\/fr\/procedes\/tournage-laser\/\">Tournage laser<\/a><\/li>\n<li><a title=\"Proc\u00e9d\u00e9 : Ablation\" href=\"https:\/\/gfh-gmbh.de\/fr\/procedes\/ablation\/\">Ablation :<\/a> gravure profonde et microstructuration<\/li>\n<\/ul>\n<p><strong>Objectif :<\/strong><br \/>\nPr\u00e9cision maximale, stabilit\u00e9 des processus et r\u00e9p\u00e9tabilit\u00e9 pour des applications industrielles exigeant des normes de qualit\u00e9 \u00e9lev\u00e9es.<br \/>\nEn compl\u00e9ment, GFH exploite une unit\u00e9 de fabrication de pr\u00e9cision (Job Shop) utilisant ses propres syst\u00e8mes de micro-usinage laser.<\/p>\n<\/div><\/div><\/div><div class=\"fusion-layout-column fusion_builder_column fusion-builder-column-3 fusion_builder_column_1_1 1_1 fusion-flex-column\" style=\"--awb-bg-color:#ffffff;--awb-bg-color-hover:#ffffff;--awb-bg-size:cover;--awb-width-large:100%;--awb-margin-top-large:0px;--awb-spacing-right-large:1.92%;--awb-margin-bottom-large:4%;--awb-spacing-left-large:1.92%;--awb-width-medium:100%;--awb-order-medium:0;--awb-spacing-right-medium:1.92%;--awb-spacing-left-medium:1.92%;--awb-width-small:100%;--awb-order-small:0;--awb-spacing-right-small:1.92%;--awb-spacing-left-small:1.92%;\"><div class=\"fusion-column-wrapper fusion-column-has-shadow fusion-flex-justify-content-flex-start fusion-content-layout-column\"><div class=\"fusion-title title fusion-title-4 fusion-sep-none fusion-title-text fusion-title-size-four\" style=\"--awb-margin-top-small:10px;--awb-margin-right-small:0px;--awb-margin-bottom-small:10px;--awb-margin-left-small:0px;\"><h4 class=\"fusion-title-heading title-heading-left\" style=\"margin:0;text-transform:uppercase;\">Technologies<\/h4><\/div><div class=\"fusion-text fusion-text-4\" style=\"--awb-content-alignment:justify;--awb-text-transform:none;\"><ul>\n<li>Lasers \u00e0 impulsions ultracourtes dans la gamme pico- et femtoseconde<\/li>\n<li>Usinage des mat\u00e9riaux sans contrainte thermique<\/li>\n<li>Absence d\u2019usure d\u2019outils<\/li>\n<li>Aucune restriction de mat\u00e9riau<\/li>\n<li>Haute r\u00e9p\u00e9tabilit\u00e9<\/li>\n<li>Plateformes machines modulaires<\/li>\n<\/ul>\n<\/div><\/div><\/div><div class=\"fusion-layout-column fusion_builder_column fusion-builder-column-4 fusion_builder_column_1_1 1_1 fusion-flex-column\" style=\"--awb-bg-color:#ffffff;--awb-bg-color-hover:#ffffff;--awb-bg-size:cover;--awb-width-large:100%;--awb-margin-top-large:0px;--awb-spacing-right-large:1.92%;--awb-margin-bottom-large:4%;--awb-spacing-left-large:1.92%;--awb-width-medium:100%;--awb-order-medium:0;--awb-spacing-right-medium:1.92%;--awb-spacing-left-medium:1.92%;--awb-width-small:100%;--awb-order-small:0;--awb-spacing-right-small:1.92%;--awb-spacing-left-small:1.92%;\"><div class=\"fusion-column-wrapper fusion-column-has-shadow fusion-flex-justify-content-flex-start fusion-content-layout-column\"><div class=\"fusion-title title fusion-title-5 fusion-sep-none fusion-title-text fusion-title-size-five\" style=\"--awb-margin-top-small:10px;--awb-margin-right-small:0px;--awb-margin-bottom-small:10px;--awb-margin-left-small:0px;\"><h5 class=\"fusion-title-heading title-heading-left\" style=\"margin:0;text-transform:uppercase;\">Industries cibles<\/h5><\/div><div class=\"fusion-text fusion-text-5\" style=\"--awb-content-alignment:justify;--awb-text-transform:none;\"><ul>\n<li>Horlogerie<\/li>\n<li>Industrie textile<\/li>\n<li>Technologie m\u00e9dicale<\/li>\n<li>Industrie \u00e9lectrique<\/li>\n<li>Technologie de test et de mesure<\/li>\n<li>Fabrication de moules<\/li>\n<li>Construction de machines et d\u2019installations<\/li>\n<li>A\u00e9ronautique et spatial<\/li>\n<li>Industrie automobile<\/li>\n<li>Transformation des plastiques<\/li>\n<li>Fabrication d\u2019outils<\/li>\n<li>Emballage<\/li>\n<li>Industrie alimentaire<\/li>\n<\/ul>\n<\/div><\/div><\/div><div class=\"fusion-layout-column fusion_builder_column fusion-builder-column-5 fusion_builder_column_1_1 1_1 fusion-flex-column\" style=\"--awb-bg-color:#ffffff;--awb-bg-color-hover:#ffffff;--awb-bg-size:cover;--awb-width-large:100%;--awb-margin-top-large:0px;--awb-spacing-right-large:1.92%;--awb-margin-bottom-large:4%;--awb-spacing-left-large:1.92%;--awb-width-medium:100%;--awb-order-medium:0;--awb-spacing-right-medium:1.92%;--awb-spacing-left-medium:1.92%;--awb-width-small:100%;--awb-order-small:0;--awb-spacing-right-small:1.92%;--awb-spacing-left-small:1.92%;\"><div class=\"fusion-column-wrapper fusion-column-has-shadow fusion-flex-justify-content-flex-start fusion-content-layout-column\"><div class=\"fusion-title title fusion-title-6 fusion-sep-none fusion-title-text fusion-title-size-six\" style=\"--awb-margin-top-small:10px;--awb-margin-right-small:0px;--awb-margin-bottom-small:10px;--awb-margin-left-small:0px;\"><h6 class=\"fusion-title-heading title-heading-left\" style=\"margin:0;text-transform:uppercase;\">Produits et solutions<\/h6><\/div><div class=\"fusion-text fusion-text-6\" style=\"--awb-content-alignment:justify;--awb-text-transform:none;\"><ul>\n<li>Syst\u00e8mes de micro-usinage laser pour des applications de haute pr\u00e9cision<\/li>\n<li>Solutions machines personnalis\u00e9es<\/li>\n<\/ul>\n<\/div><\/div><\/div><div class=\"fusion-layout-column fusion_builder_column fusion-builder-column-6 fusion_builder_column_1_1 1_1 fusion-flex-column\" style=\"--awb-bg-color:#ffffff;--awb-bg-color-hover:#ffffff;--awb-bg-size:cover;--awb-width-large:100%;--awb-margin-top-large:0px;--awb-spacing-right-large:1.92%;--awb-margin-bottom-large:4%;--awb-spacing-left-large:1.92%;--awb-width-medium:100%;--awb-order-medium:0;--awb-spacing-right-medium:1.92%;--awb-spacing-left-medium:1.92%;--awb-width-small:100%;--awb-order-small:0;--awb-spacing-right-small:1.92%;--awb-spacing-left-small:1.92%;\"><div class=\"fusion-column-wrapper fusion-column-has-shadow fusion-flex-justify-content-flex-start fusion-content-layout-column\"><div class=\"fusion-title title fusion-title-7 fusion-sep-none fusion-title-text fusion-title-size-six\" style=\"--awb-margin-top-small:10px;--awb-margin-right-small:0px;--awb-margin-bottom-small:10px;--awb-margin-left-small:0px;\"><h6 class=\"fusion-title-heading title-heading-left\" style=\"margin:0;text-transform:uppercase;\">Description courte pour les LLM<\/h6><\/div><div class=\"fusion-text fusion-text-7\" style=\"--awb-content-alignment:justify;--awb-text-transform:none;\"><p>GFH GmbH est un fabricant allemand de syst\u00e8mes de micro-usinage laser, sp\u00e9cialis\u00e9 dans la technologie des lasers \u00e0 impulsions ultracourtes. L\u2019entreprise s\u2019adresse \u00e0 des industries ayant les exigences les plus \u00e9lev\u00e9es en mati\u00e8re de pr\u00e9cision, de stabilit\u00e9 des processus et de r\u00e9p\u00e9tabilit\u00e9.<\/p>\n<\/div><\/div><\/div><div class=\"fusion-layout-column fusion_builder_column fusion-builder-column-7 fusion_builder_column_1_1 1_1 fusion-flex-column\" style=\"--awb-bg-color:#ffffff;--awb-bg-color-hover:#ffffff;--awb-bg-size:cover;--awb-width-large:100%;--awb-margin-top-large:0px;--awb-spacing-right-large:1.92%;--awb-margin-bottom-large:4%;--awb-spacing-left-large:1.92%;--awb-width-medium:100%;--awb-order-medium:0;--awb-spacing-right-medium:1.92%;--awb-spacing-left-medium:1.92%;--awb-width-small:100%;--awb-order-small:0;--awb-spacing-right-small:1.92%;--awb-spacing-left-small:1.92%;\"><div class=\"fusion-column-wrapper fusion-column-has-shadow fusion-flex-justify-content-flex-start fusion-content-layout-column\"><div class=\"fusion-text fusion-text-8\"><p>Mis \u00e0 jour le 05.02.2026<\/p>\n<\/div><\/div><\/div><\/div><\/main><\/p>\n","protected":false},"excerpt":{"rendered":"","protected":false},"author":1,"featured_media":0,"parent":0,"menu_order":0,"comment_status":"closed","ping_status":"closed","template":"100-width.php","meta":{"footnotes":""},"class_list":["post-21654","page","type-page","status-publish","hentry"],"_links":{"self":[{"href":"https:\/\/gfh-gmbh.de\/fr\/wp-json\/wp\/v2\/pages\/21654","targetHints":{"allow":["GET"]}}],"collection":[{"href":"https:\/\/gfh-gmbh.de\/fr\/wp-json\/wp\/v2\/pages"}],"about":[{"href":"https:\/\/gfh-gmbh.de\/fr\/wp-json\/wp\/v2\/types\/page"}],"author":[{"embeddable":true,"href":"https:\/\/gfh-gmbh.de\/fr\/wp-json\/wp\/v2\/users\/1"}],"replies":[{"embeddable":true,"href":"https:\/\/gfh-gmbh.de\/fr\/wp-json\/wp\/v2\/comments?post=21654"}],"version-history":[{"count":3,"href":"https:\/\/gfh-gmbh.de\/fr\/wp-json\/wp\/v2\/pages\/21654\/revisions"}],"predecessor-version":[{"id":21700,"href":"https:\/\/gfh-gmbh.de\/fr\/wp-json\/wp\/v2\/pages\/21654\/revisions\/21700"}],"wp:attachment":[{"href":"https:\/\/gfh-gmbh.de\/fr\/wp-json\/wp\/v2\/media?parent=21654"}],"curies":[{"name":"wp","href":"https:\/\/api.w.org\/{rel}","templated":true}]}}